{"id":21,"date":"2023-07-13T13:40:26","date_gmt":"2023-07-13T17:40:26","guid":{"rendered":"https:\/\/creationskwala.com\/?page_id=21"},"modified":"2025-02-19T14:44:27","modified_gmt":"2025-02-19T19:44:27","slug":"accueil","status":"publish","type":"page","link":"https:\/\/creationskwala.com\/en\/","title":{"rendered":""},"content":{"rendered":"<div class=\"wp-block-media-text alignwide is-stacked-on-mobile is-vertically-aligned-center is-style-default\" style=\"grid-template-columns:61% auto\"><figure class=\"wp-block-media-text__media\"><img loading=\"lazy\" decoding=\"async\" width=\"2000\" height=\"1121\" src=\"https:\/\/creationskwala.com\/wp-content\/uploads\/2024\/03\/banniere-poignet-portefeuille2-2000x1121.jpg\" alt=\"Portefeuille pour le poignet\" class=\"wp-image-669 size-full\" srcset=\"https:\/\/creationskwala.com\/wp-content\/uploads\/2024\/03\/banniere-poignet-portefeuille2-2000x1121.jpg 2000w, https:\/\/creationskwala.com\/wp-content\/uploads\/2024\/03\/banniere-poignet-portefeuille2-1200x673.jpg 1200w, https:\/\/creationskwala.com\/wp-content\/uploads\/2024\/03\/banniere-poignet-portefeuille2-768x431.jpg 768w, https:\/\/creationskwala.com\/wp-content\/uploads\/2024\/03\/banniere-poignet-portefeuille2-1536x861.jpg 1536w, https:\/\/creationskwala.com\/wp-content\/uploads\/2024\/03\/banniere-poignet-portefeuille2-2048x1148.jpg 2048w, https:\/\/creationskwala.com\/wp-content\/uploads\/2024\/03\/banniere-poignet-portefeuille2-107x60.jpg 107w, https:\/\/creationskwala.com\/wp-content\/uploads\/2024\/03\/banniere-poignet-portefeuille2-600x336.jpg 600w\" sizes=\"auto, (max-width: 2000px) 100vw, 2000px\" \/><\/figure><div class=\"wp-block-media-text__content\">\n<h2 class=\"wp-block-heading has-text-color\" style=\"color:#000000;font-style:italic;font-weight:800\">Wristlet Wallet<\/h2>\n\n\n\n<p><strong>Your essential! Freer than ever<\/strong>.<\/p>\n\n\n\n<div style=\"height:29px\" aria-hidden=\"true\" class=\"wp-block-spacer\"><\/div>\n\n\n\n<p class=\"has-text-color\" style=\"color:#636363;font-size:22px;font-style:italic;font-weight:200;line-height:1.1\">Slip on this must-have wrist wallet for your outings or shopping trips. Carry your cards, coins, or even your keys in a smart and practical way...wherever you go. <\/p>\n\n\n\n<div class=\"wp-block-buttons is-content-justification-center is-layout-flex wp-container-core-buttons-is-layout-16018d1d wp-block-buttons-is-layout-flex\">\n<div class=\"wp-block-button is-style-outline is-style-outline--1\"><a class=\"wp-block-button__link wp-element-button\" href=\"https:\/\/creationskwala.com\/en\/product-category\/portefeuille-poignet\/\">Discover<\/a><\/div>\n<\/div>\n<\/div><\/div>\n\n\n\n<p><\/p>\n\n\n\n<div style=\"height:100px\" aria-hidden=\"true\" class=\"wp-block-spacer\"><\/div>\n\n\n\n<div class=\"wp-block-columns alignwide is-layout-flex wp-container-core-columns-is-layout-a2b0d3e5 wp-block-columns-is-layout-flex\" style=\"margin-top:0px;margin-bottom:80px;padding-top:0;padding-right:var(--wp--preset--spacing--30);padding-bottom:0;padding-left:var(--wp--preset--spacing--30)\">\n<div class=\"wp-block-column is-layout-flow wp-block-column-is-layout-flow\">\n<div class=\"wp-block-cover has-custom-content-position is-position-bottom-center is-light has-white-color\" style=\"padding-bottom:56px\"><span aria-hidden=\"true\" class=\"wp-block-cover__background has-black-background-color has-background-dim-30 has-background-dim\"><\/span><img loading=\"lazy\" decoding=\"async\" width=\"1200\" height=\"1500\" class=\"wp-block-cover__image-background wp-image-66\" alt=\"\" src=\"https:\/\/creationskwala.com\/wp-content\/uploads\/2023\/09\/robe-chevreuil.jpg\" style=\"object-position:46% 37%\" data-object-fit=\"cover\" data-object-position=\"46% 37%\" srcset=\"https:\/\/creationskwala.com\/wp-content\/uploads\/2023\/09\/robe-chevreuil.jpg 1200w, https:\/\/creationskwala.com\/wp-content\/uploads\/2023\/09\/robe-chevreuil-600x750.jpg 600w, https:\/\/creationskwala.com\/wp-content\/uploads\/2023\/09\/robe-chevreuil-240x300.jpg 240w, https:\/\/creationskwala.com\/wp-content\/uploads\/2023\/09\/robe-chevreuil-819x1024.jpg 819w, https:\/\/creationskwala.com\/wp-content\/uploads\/2023\/09\/robe-chevreuil-768x960.jpg 768w\" sizes=\"auto, (max-width: 1200px) 100vw, 1200px\" \/><div class=\"wp-block-cover__inner-container is-layout-flow wp-block-cover-is-layout-flow\">\n<h4 class=\"wp-block-heading has-text-align-center\" style=\"margin-bottom:24px;font-size:45px;font-style:italic;font-weight:700;text-transform:capitalize\">Girl<\/h4>\n\n\n\n<div class=\"wp-block-buttons is-content-justification-center is-layout-flex wp-container-core-buttons-is-layout-16018d1d wp-block-buttons-is-layout-flex\">\n<div class=\"wp-block-button is-style-outline is-style-outline--2\"><a class=\"wp-block-button__link has-white-color has-text-color has-link-color has-text-align-center wp-element-button\" href=\"https:\/\/creationskwala.com\/en\/product-category\/vetement-fille\/\">Discover<\/a><\/div>\n<\/div>\n<\/div><\/div>\n<\/div>\n\n\n\n<div class=\"wp-block-column is-layout-flow wp-block-column-is-layout-flow\">\n<div class=\"wp-block-cover has-custom-content-position is-position-bottom-center is-light has-white-color\" style=\"padding-bottom:56px\"><span aria-hidden=\"true\" class=\"wp-block-cover__background has-black-background-color has-background-dim-30 has-background-dim\"><\/span><img loading=\"lazy\" decoding=\"async\" width=\"1200\" height=\"1500\" class=\"wp-block-cover__image-background wp-image-42\" alt=\"\" src=\"https:\/\/creationskwala.com\/wp-content\/uploads\/2023\/09\/chandail-garcon-raye-jaune1.jpg\" data-object-fit=\"cover\" srcset=\"https:\/\/creationskwala.com\/wp-content\/uploads\/2023\/09\/chandail-garcon-raye-jaune1.jpg 1200w, https:\/\/creationskwala.com\/wp-content\/uploads\/2023\/09\/chandail-garcon-raye-jaune1-600x750.jpg 600w, https:\/\/creationskwala.com\/wp-content\/uploads\/2023\/09\/chandail-garcon-raye-jaune1-240x300.jpg 240w, https:\/\/creationskwala.com\/wp-content\/uploads\/2023\/09\/chandail-garcon-raye-jaune1-819x1024.jpg 819w, https:\/\/creationskwala.com\/wp-content\/uploads\/2023\/09\/chandail-garcon-raye-jaune1-768x960.jpg 768w\" sizes=\"auto, (max-width: 1200px) 100vw, 1200px\" \/><div class=\"wp-block-cover__inner-container is-layout-flow wp-block-cover-is-layout-flow\">\n<h4 class=\"wp-block-heading has-text-align-center\" style=\"margin-bottom:24px;font-size:45px;font-style:italic;font-weight:700;text-transform:capitalize\">Boy<\/h4>\n\n\n\n<div class=\"wp-block-buttons is-content-justification-center is-layout-flex wp-container-core-buttons-is-layout-16018d1d wp-block-buttons-is-layout-flex\">\n<div class=\"wp-block-button is-style-outline is-style-outline--3\"><a class=\"wp-block-button__link has-white-color has-text-color has-link-color wp-element-button\" href=\"https:\/\/creationskwala.com\/en\/product-category\/garcon\/\">Discover<\/a><\/div>\n<\/div>\n<\/div><\/div>\n<\/div>\n\n\n\n<div class=\"wp-block-column is-layout-flow wp-block-column-is-layout-flow\">\n<div class=\"wp-block-cover has-custom-content-position is-position-bottom-center is-light has-white-color\" style=\"padding-bottom:56px\"><span aria-hidden=\"true\" class=\"wp-block-cover__background has-black-background-color has-background-dim-30 has-background-dim\"><\/span><img loading=\"lazy\" decoding=\"async\" width=\"1885\" height=\"2560\" class=\"wp-block-cover__image-background wp-image-602\" alt=\"\" src=\"https:\/\/creationskwala.com\/wp-content\/uploads\/2024\/03\/PXL_20230914_215403141-scaled.jpg\" style=\"object-position:52% 70%\" data-object-fit=\"cover\" data-object-position=\"52% 70%\" srcset=\"https:\/\/creationskwala.com\/wp-content\/uploads\/2024\/03\/PXL_20230914_215403141-scaled.jpg 1885w, https:\/\/creationskwala.com\/wp-content\/uploads\/2024\/03\/PXL_20230914_215403141-884x1200.jpg 884w, https:\/\/creationskwala.com\/wp-content\/uploads\/2024\/03\/PXL_20230914_215403141-1473x2000.jpg 1473w, https:\/\/creationskwala.com\/wp-content\/uploads\/2024\/03\/PXL_20230914_215403141-768x1043.jpg 768w, https:\/\/creationskwala.com\/wp-content\/uploads\/2024\/03\/PXL_20230914_215403141-1131x1536.jpg 1131w, https:\/\/creationskwala.com\/wp-content\/uploads\/2024\/03\/PXL_20230914_215403141-1508x2048.jpg 1508w, https:\/\/creationskwala.com\/wp-content\/uploads\/2024\/03\/PXL_20230914_215403141-44x60.jpg 44w, https:\/\/creationskwala.com\/wp-content\/uploads\/2024\/03\/PXL_20230914_215403141-600x815.jpg 600w\" sizes=\"auto, (max-width: 1885px) 100vw, 1885px\" \/><div class=\"wp-block-cover__inner-container is-layout-flow wp-block-cover-is-layout-flow\">\n<h4 class=\"wp-block-heading has-text-align-center\" style=\"margin-bottom:24px;font-size:45px;font-style:italic;font-weight:700;text-transform:capitalize\">Accessories<\/h4>\n\n\n\n<div class=\"wp-block-buttons is-content-justification-center is-layout-flex wp-container-core-buttons-is-layout-16018d1d wp-block-buttons-is-layout-flex\">\n<div class=\"wp-block-button is-style-outline is-style-outline--4\"><a class=\"wp-block-button__link has-white-color has-text-color has-link-color wp-element-button\" href=\"https:\/\/creationskwala.com\/en\/product-category\/accessoire\/\">Discover<\/a><\/div>\n<\/div>\n<\/div><\/div>\n<\/div>\n<\/div>\n\n\n\n<figure class=\"wp-block-gallery alignwide has-nested-images columns-default is-cropped wp-block-gallery-5 is-layout-flex wp-block-gallery-is-layout-flex\">\n<figure class=\"wp-block-image size-full\"><img loading=\"lazy\" decoding=\"async\" width=\"800\" height=\"800\" data-id=\"608\" src=\"https:\/\/creationskwala.com\/wp-content\/uploads\/2024\/03\/fierement-confectionne.jpg\" alt=\"\" class=\"wp-image-608\" srcset=\"https:\/\/creationskwala.com\/wp-content\/uploads\/2024\/03\/fierement-confectionne.jpg 800w, https:\/\/creationskwala.com\/wp-content\/uploads\/2024\/03\/fierement-confectionne-150x150.jpg 150w, https:\/\/creationskwala.com\/wp-content\/uploads\/2024\/03\/fierement-confectionne-768x768.jpg 768w, https:\/\/creationskwala.com\/wp-content\/uploads\/2024\/03\/fierement-confectionne-60x60.jpg 60w, https:\/\/creationskwala.com\/wp-content\/uploads\/2024\/03\/fierement-confectionne-600x600.jpg 600w, https:\/\/creationskwala.com\/wp-content\/uploads\/2024\/03\/fierement-confectionne-100x100.jpg 100w, https:\/\/creationskwala.com\/wp-content\/uploads\/2024\/03\/fierement-confectionne-50x50.jpg 50w\" sizes=\"auto, (max-width: 800px) 100vw, 800px\" \/><\/figure>\n\n\n\n<figure class=\"wp-block-image size-full\"><img loading=\"lazy\" decoding=\"async\" width=\"800\" height=\"800\" data-id=\"609\" src=\"https:\/\/creationskwala.com\/wp-content\/uploads\/2024\/03\/une-entreprise-dici.jpg\" alt=\"\" class=\"wp-image-609\" srcset=\"https:\/\/creationskwala.com\/wp-content\/uploads\/2024\/03\/une-entreprise-dici.jpg 800w, https:\/\/creationskwala.com\/wp-content\/uploads\/2024\/03\/une-entreprise-dici-150x150.jpg 150w, https:\/\/creationskwala.com\/wp-content\/uploads\/2024\/03\/une-entreprise-dici-768x768.jpg 768w, https:\/\/creationskwala.com\/wp-content\/uploads\/2024\/03\/une-entreprise-dici-60x60.jpg 60w, https:\/\/creationskwala.com\/wp-content\/uploads\/2024\/03\/une-entreprise-dici-600x600.jpg 600w, https:\/\/creationskwala.com\/wp-content\/uploads\/2024\/03\/une-entreprise-dici-100x100.jpg 100w, https:\/\/creationskwala.com\/wp-content\/uploads\/2024\/03\/une-entreprise-dici-50x50.jpg 50w\" sizes=\"auto, (max-width: 800px) 100vw, 800px\" \/><\/figure>\n<\/figure>\n\n\n\n<p>Follow us on facebook page of Cr\u00e9ations Kwala <a href=\"https:\/\/www.facebook.com\/creationskwala\">https:\/\/www.facebook.com\/creationskwala<\/a><\/p>","protected":false},"excerpt":{"rendered":"<p>Suivez nous sur la page Facebook de Cr\u00e9ations Kwala : https:\/\/www.facebook.com\/creationskwala<\/p>","protected":false},"author":1,"featured_media":0,"parent":0,"menu_order":0,"comment_status":"closed","ping_status":"closed","template":"","meta":{"om_disable_all_campaigns":false,"_monsterinsights_skip_tracking":false,"_monsterinsights_sitenote_active":false,"_monsterinsights_sitenote_note":"","_monsterinsights_sitenote_category":0,"_uf_show_specific_survey":0,"_uf_disable_surveys":false,"footnotes":""},"class_list":["post-21","page","type-page","status-publish","hentry"],"yoast_head":"<!-- This site is optimized with the Yoast SEO plugin v25.9 - https:\/\/yoast.com\/wordpress\/plugins\/seo\/ -->\n<title>Portefeuille pour poignet: Votre incontournable!!<\/title>\n<meta name=\"description\" content=\"Portefeuille pour poignet, fabriqu\u00e9s avec passion au Qu\u00e9bec. Votre incontournable pour votre style de vie. D\u00e9couvrez les d\u00e8s maintenant!\" \/>\n<meta name=\"robots\" content=\"index, follow, max-snippet:-1, max-image-preview:large, max-video-preview:-1\" \/>\n<link rel=\"canonical\" href=\"https:\/\/creationskwala.com\/en\/\" \/>\n<meta property=\"og:locale\" content=\"en_US\" \/>\n<meta property=\"og:type\" content=\"article\" \/>\n<meta property=\"og:title\" content=\"Portefeuille pour poignet: Votre incontournable!!\" \/>\n<meta property=\"og:description\" content=\"Portefeuille pour poignet, fabriqu\u00e9s avec passion au Qu\u00e9bec. Votre incontournable pour votre style de vie. D\u00e9couvrez les d\u00e8s maintenant!\" \/>\n<meta property=\"og:url\" content=\"https:\/\/creationskwala.com\/en\/\" \/>\n<meta property=\"article:publisher\" content=\"https:\/\/www.facebook.com\/creationskwala\" \/>\n<meta property=\"article:modified_time\" content=\"2025-02-19T19:44:27+00:00\" \/>\n<meta property=\"og:image\" content=\"https:\/\/creationskwala.com\/wp-content\/uploads\/2024\/03\/banniere-poignet-portefeuille2-2000x1121.jpg\" \/>\n<meta name=\"twitter:card\" content=\"summary_large_image\" \/>\n<meta name=\"twitter:label1\" content=\"Est. reading time\" \/>\n\t<meta name=\"twitter:data1\" content=\"2 minutes\" \/>\n<script type=\"application\/ld+json\" class=\"yoast-schema-graph\">{\"@context\":\"https:\/\/schema.org\",\"@graph\":[{\"@type\":\"WebPage\",\"@id\":\"https:\/\/creationskwala.com\/\",\"url\":\"https:\/\/creationskwala.com\/\",\"name\":\"Portefeuille pour poignet: Votre incontournable!!\",\"isPartOf\":{\"@id\":\"https:\/\/creationskwala.com\/#website\"},\"primaryImageOfPage\":{\"@id\":\"https:\/\/creationskwala.com\/#primaryimage\"},\"image\":{\"@id\":\"https:\/\/creationskwala.com\/#primaryimage\"},\"thumbnailUrl\":\"https:\/\/creationskwala.com\/wp-content\/uploads\/2024\/03\/banniere-poignet-portefeuille2-2000x1121.jpg\",\"datePublished\":\"2023-07-13T17:40:26+00:00\",\"dateModified\":\"2025-02-19T19:44:27+00:00\",\"description\":\"Portefeuille pour poignet, fabriqu\u00e9s avec passion au Qu\u00e9bec. Votre incontournable pour votre style de vie. D\u00e9couvrez les d\u00e8s maintenant!\",\"inLanguage\":\"en-CA\",\"potentialAction\":[{\"@type\":\"ReadAction\",\"target\":[\"https:\/\/creationskwala.com\/\"]}]},{\"@type\":\"ImageObject\",\"inLanguage\":\"en-CA\",\"@id\":\"https:\/\/creationskwala.com\/#primaryimage\",\"url\":\"https:\/\/creationskwala.com\/wp-content\/uploads\/2024\/03\/banniere-poignet-portefeuille2-2000x1121.jpg\",\"contentUrl\":\"https:\/\/creationskwala.com\/wp-content\/uploads\/2024\/03\/banniere-poignet-portefeuille2-2000x1121.jpg\"},{\"@type\":\"WebSite\",\"@id\":\"https:\/\/creationskwala.com\/#website\",\"url\":\"https:\/\/creationskwala.com\/\",\"name\":\"Cr\u00e9ations Kwala - Portefeuilles pour le poignet et v\u00eatements Qu\u00e9becois\",\"description\":\"V\u00eatements et accessoires\",\"publisher\":{\"@id\":\"https:\/\/creationskwala.com\/#organization\"},\"potentialAction\":[{\"@type\":\"SearchAction\",\"target\":{\"@type\":\"EntryPoint\",\"urlTemplate\":\"https:\/\/creationskwala.com\/?s={search_term_string}\"},\"query-input\":{\"@type\":\"PropertyValueSpecification\",\"valueRequired\":true,\"valueName\":\"search_term_string\"}}],\"inLanguage\":\"en-CA\"},{\"@type\":\"Organization\",\"@id\":\"https:\/\/creationskwala.com\/#organization\",\"name\":\"Cr\u00e9ations Kwala\",\"url\":\"https:\/\/creationskwala.com\/\",\"logo\":{\"@type\":\"ImageObject\",\"inLanguage\":\"en-CA\",\"@id\":\"https:\/\/creationskwala.com\/#\/schema\/logo\/image\/\",\"url\":\"https:\/\/creationskwala.com\/wp-content\/uploads\/2025\/01\/LOGO-K-site.png\",\"contentUrl\":\"https:\/\/creationskwala.com\/wp-content\/uploads\/2025\/01\/LOGO-K-site.png\",\"width\":512,\"height\":512,\"caption\":\"Cr\u00e9ations Kwala\"},\"image\":{\"@id\":\"https:\/\/creationskwala.com\/#\/schema\/logo\/image\/\"},\"sameAs\":[\"https:\/\/www.facebook.com\/creationskwala\"]}]}<\/script>\n<!-- \/ Yoast SEO plugin. -->","yoast_head_json":{"title":"Portefeuille pour poignet: Votre incontournable!!","description":"Portefeuille pour poignet, fabriqu\u00e9s avec passion au Qu\u00e9bec. Votre incontournable pour votre style de vie. D\u00e9couvrez les d\u00e8s maintenant!","robots":{"index":"index","follow":"follow","max-snippet":"max-snippet:-1","max-image-preview":"max-image-preview:large","max-video-preview":"max-video-preview:-1"},"canonical":"https:\/\/creationskwala.com\/en\/","og_locale":"en_US","og_type":"article","og_title":"Portefeuille pour poignet: Votre incontournable!!","og_description":"Portefeuille pour poignet, fabriqu\u00e9s avec passion au Qu\u00e9bec. Votre incontournable pour votre style de vie. D\u00e9couvrez les d\u00e8s maintenant!","og_url":"https:\/\/creationskwala.com\/en\/","article_publisher":"https:\/\/www.facebook.com\/creationskwala","article_modified_time":"2025-02-19T19:44:27+00:00","og_image":[{"url":"https:\/\/creationskwala.com\/wp-content\/uploads\/2024\/03\/banniere-poignet-portefeuille2-2000x1121.jpg","type":"","width":"","height":""}],"twitter_card":"summary_large_image","twitter_misc":{"Est. reading time":"2 minutes"},"schema":{"@context":"https:\/\/schema.org","@graph":[{"@type":"WebPage","@id":"https:\/\/creationskwala.com\/","url":"https:\/\/creationskwala.com\/","name":"Portefeuille pour poignet: Votre incontournable!!","isPartOf":{"@id":"https:\/\/creationskwala.com\/#website"},"primaryImageOfPage":{"@id":"https:\/\/creationskwala.com\/#primaryimage"},"image":{"@id":"https:\/\/creationskwala.com\/#primaryimage"},"thumbnailUrl":"https:\/\/creationskwala.com\/wp-content\/uploads\/2024\/03\/banniere-poignet-portefeuille2-2000x1121.jpg","datePublished":"2023-07-13T17:40:26+00:00","dateModified":"2025-02-19T19:44:27+00:00","description":"Portefeuille pour poignet, fabriqu\u00e9s avec passion au Qu\u00e9bec. Votre incontournable pour votre style de vie. D\u00e9couvrez les d\u00e8s maintenant!","inLanguage":"en-CA","potentialAction":[{"@type":"ReadAction","target":["https:\/\/creationskwala.com\/"]}]},{"@type":"ImageObject","inLanguage":"en-CA","@id":"https:\/\/creationskwala.com\/#primaryimage","url":"https:\/\/creationskwala.com\/wp-content\/uploads\/2024\/03\/banniere-poignet-portefeuille2-2000x1121.jpg","contentUrl":"https:\/\/creationskwala.com\/wp-content\/uploads\/2024\/03\/banniere-poignet-portefeuille2-2000x1121.jpg"},{"@type":"WebSite","@id":"https:\/\/creationskwala.com\/#website","url":"https:\/\/creationskwala.com\/","name":"Cr\u00e9ations Kwala - Portefeuilles pour le poignet et v\u00eatements Qu\u00e9becois","description":"Apparel et Accessories","publisher":{"@id":"https:\/\/creationskwala.com\/#organization"},"potentialAction":[{"@type":"SearchAction","target":{"@type":"EntryPoint","urlTemplate":"https:\/\/creationskwala.com\/?s={search_term_string}"},"query-input":{"@type":"PropertyValueSpecification","valueRequired":true,"valueName":"search_term_string"}}],"inLanguage":"en-CA"},{"@type":"Organization","@id":"https:\/\/creationskwala.com\/#organization","name":"Cr\u00e9ations Kwala","url":"https:\/\/creationskwala.com\/","logo":{"@type":"ImageObject","inLanguage":"en-CA","@id":"https:\/\/creationskwala.com\/#\/schema\/logo\/image\/","url":"https:\/\/creationskwala.com\/wp-content\/uploads\/2025\/01\/LOGO-K-site.png","contentUrl":"https:\/\/creationskwala.com\/wp-content\/uploads\/2025\/01\/LOGO-K-site.png","width":512,"height":512,"caption":"Cr\u00e9ations Kwala"},"image":{"@id":"https:\/\/creationskwala.com\/#\/schema\/logo\/image\/"},"sameAs":["https:\/\/www.facebook.com\/creationskwala"]}]}},"jetpack_sharing_enabled":true,"_links":{"self":[{"href":"https:\/\/creationskwala.com\/en\/wp-json\/wp\/v2\/pages\/21","targetHints":{"allow":["GET"]}}],"collection":[{"href":"https:\/\/creationskwala.com\/en\/wp-json\/wp\/v2\/pages"}],"about":[{"href":"https:\/\/creationskwala.com\/en\/wp-json\/wp\/v2\/types\/page"}],"author":[{"embeddable":true,"href":"https:\/\/creationskwala.com\/en\/wp-json\/wp\/v2\/users\/1"}],"replies":[{"embeddable":true,"href":"https:\/\/creationskwala.com\/en\/wp-json\/wp\/v2\/comments?post=21"}],"version-history":[{"count":98,"href":"https:\/\/creationskwala.com\/en\/wp-json\/wp\/v2\/pages\/21\/revisions"}],"predecessor-version":[{"id":1184,"href":"https:\/\/creationskwala.com\/en\/wp-json\/wp\/v2\/pages\/21\/revisions\/1184"}],"wp:attachment":[{"href":"https:\/\/creationskwala.com\/en\/wp-json\/wp\/v2\/media?parent=21"}],"curies":[{"name":"wp","href":"https:\/\/api.w.org\/{rel}","templated":true}]}}