{"id":377,"date":"2024-02-25T11:55:03","date_gmt":"2024-02-25T16:55:03","guid":{"rendered":"https:\/\/creationskwala.com\/?page_id=377"},"modified":"2025-02-21T16:01:01","modified_gmt":"2025-02-21T21:01:01","slug":"contactez-nous","status":"publish","type":"page","link":"https:\/\/creationskwala.com\/en\/contactez-nous\/","title":{"rendered":"Contact us"},"content":{"rendered":"<style id=\"wpforms-css-vars-829-block-21d0003f-6654-4a17-9453-25ea0e2eb8ec\">\n\t\t\t\t#wpforms-829.wpforms-block-21d0003f-6654-4a17-9453-25ea0e2eb8ec {\n\t\t\t\t--wpforms-label-color: #262626;\n--wpforms-label-sublabel-color: #7f7f7f;\n--wpforms-label-error-color: #ff0000;\n--wpforms-page-break-color: #dddddd;\n--wpforms-field-border-radius: 0px;\n--wpforms-field-border-color: #cccccc;\n--wpforms-field-border-color-spare: #cccccc;\n--wpforms-field-text-color: #444444;\n--wpforms-button-border-style: solid;\n--wpforms-button-border-radius: 0px;\n--wpforms-button-background-color: #dddddd;\n--wpforms-button-text-color: #666666;\n--wpforms-button-border-color: #cccccc;\n--wpforms-field-size-input-height: 43px;\n--wpforms-field-size-input-spacing: 15px;\n--wpforms-field-size-font-size: 16px;\n--wpforms-field-size-line-height: 19px;\n--wpforms-field-size-padding-h: 14px;\n--wpforms-field-size-checkbox-size: 16px;\n--wpforms-field-size-sublabel-spacing: 5px;\n--wpforms-field-size-icon-size: 1;\n--wpforms-label-size-font-size: 14px;\n--wpforms-label-size-line-height: 17px;\n--wpforms-label-size-sublabel-font-size: 13px;\n--wpforms-label-size-sublabel-line-height: 16px;\n--wpforms-button-size-font-size: 17px;\n--wpforms-button-size-height: 41px;\n--wpforms-button-size-padding-h: 15px;\n--wpforms-button-size-margin-top: 10px;\n\n\t\t\t}\n\t\t\t<\/style><div class=\"wpforms-container wpforms-container-full wpforms-block wpforms-block-21d0003f-6654-4a17-9453-25ea0e2eb8ec wpforms-render-modern\" id=\"wpforms-829\"><form id=\"wpforms-form-829\" class=\"wpforms-validate wpforms-form wpforms-ajax-form\" data-formid=\"829\" method=\"post\" enctype=\"multipart\/form-data\" action=\"\/en\/wp-json\/wp\/v2\/pages\/377\" data-token=\"0dc6f8640bfd3156523b9bd62b840593\" data-token-time=\"1776960283\" data-trp-original-action=\"\/en\/wp-json\/wp\/v2\/pages\/377\"><noscript class=\"wpforms-error-noscript\">Please enable JavaScript in your browser to complete this form.<\/noscript><div id=\"wpforms-error-noscript\" style=\"display: none;\">Please enable JavaScript in your browser to complete this form.<\/div><div class=\"wpforms-field-container\"><div id=\"wpforms-829-field_0-container\" class=\"wpforms-field wpforms-field-name\" data-field-id=\"0\"><label class=\"wpforms-field-label\" for=\"wpforms-829-field_0\">Name <span class=\"wpforms-required-label\" aria-hidden=\"true\">*<\/span><\/label><input type=\"text\" id=\"wpforms-829-field_0\" class=\"wpforms-field-medium wpforms-field-required\" name=\"wpforms[fields][0]\" aria-errormessage=\"wpforms-829-field_0-error\" required><\/div><div id=\"wpforms-829-field_1-container\" class=\"wpforms-field wpforms-field-email\" data-field-id=\"1\"><label class=\"wpforms-field-label\" for=\"wpforms-829-field_1\">Email <span class=\"wpforms-required-label\" aria-hidden=\"true\">*<\/span><\/label><input type=\"email\" id=\"wpforms-829-field_1\" class=\"wpforms-field-medium wpforms-field-required\" name=\"wpforms[fields][1]\" spellcheck=\"false\" aria-errormessage=\"wpforms-829-field_1-error\" required><\/div><div id=\"wpforms-829-field_2-container\" class=\"wpforms-field wpforms-field-textarea\" data-field-id=\"2\"><label class=\"wpforms-field-label\" for=\"wpforms-829-field_2\">Message <span class=\"wpforms-required-label\" aria-hidden=\"true\">*<\/span><\/label><textarea id=\"wpforms-829-field_2\" class=\"wpforms-field-medium wpforms-field-required\" name=\"wpforms[fields][2]\" aria-errormessage=\"wpforms-829-field_2-error\" required><\/textarea><\/div><\/div><!-- .wpforms-field-container --><div class=\"wpforms-recaptcha-container wpforms-is-recaptcha wpforms-is-recaptcha-type-v2\" ><div class=\"g-recaptcha\" data-sitekey=\"6LdZhx0qAAAAADvuDr04tPUUOQWM8kD0eG0IL9Dx\"><\/div><input type=\"text\" name=\"g-recaptcha-hidden\" class=\"wpforms-recaptcha-hidden\" style=\"position:absolute!important;clip:rect(0,0,0,0)!important;height:1px!important;width:1px!important;border:0!important;overflow:hidden!important;padding:0!important;margin:0!important;\" data-rule-recaptcha=\"1\"><\/div><div class=\"wpforms-submit-container\" ><input type=\"hidden\" name=\"wpforms[id]\" value=\"829\"><input type=\"hidden\" name=\"page_title\" value=\"\"><input type=\"hidden\" name=\"page_url\" value=\"https:\/\/creationskwala.com\/en\/wp-json\/wp\/v2\/pages\/377\"><input type=\"hidden\" name=\"url_referer\" value=\"\"><button type=\"submit\" name=\"wpforms[submit]\" id=\"wpforms-submit-829\" class=\"wpforms-submit\" data-alt-text=\"envoi en cour.....\" data-submit-text=\"Envoyez\" aria-live=\"assertive\" value=\"wpforms-submit\">Send<\/button><img loading=\"lazy\" decoding=\"async\" src=\"https:\/\/creationskwala.com\/wp-content\/plugins\/wpforms-lite\/assets\/images\/submit-spin.svg\" class=\"wpforms-submit-spinner\" style=\"display: none;\" width=\"26\" height=\"26\" alt=\"Loading\"><\/div><input type=\"hidden\" name=\"trp-form-language\" value=\"en\"\/><\/form><\/div>  <!-- .wpforms-container -->\n\n\n<div style=\"height:100px\" aria-hidden=\"true\" class=\"wp-block-spacer\"><\/div>\n\n\n\n<p>Contact us<\/p>\n\n\n\n<div class=\"wp-block-jetpack-contact-info\">\n<div class=\"wp-block-jetpack-email\"><a href=\"mailto:info@creationskwala.com\">info@creationskwala.com<\/a><\/div>\n\n\n\n<div style=\"height:18px\" aria-hidden=\"true\" class=\"wp-block-spacer\"><\/div>\n\n\n\n<div class=\"wp-block-jetpack-phone\"><a href=\"tel:5148826265\">514-882-6265<\/a><\/div>\n\n\n\n<div style=\"height:26px\" aria-hidden=\"true\" class=\"wp-block-spacer\"><\/div>\n\n\n\n<div class=\"wp-block-jetpack-address\"><div><span class=\"jetpack-address__city\">Sainte-Anne-des-Lacs<\/span>, <span class=\"jetpack-address__region\">Qu\u00e9bec,     <\/span> <span class=\"jetpack-address__postal\">J0R 1B0<\/span><\/div><div class=\"jetpack-address__country\">Canada<\/div><\/div>\n<\/div>\n\n\n\n<figure class=\"wp-block-image size-full is-resized\"><a href=\"https:\/\/creationskwala.com\/wp-content\/uploads\/2025\/01\/LOGO-K-site.png\"><img loading=\"lazy\" decoding=\"async\" width=\"512\" height=\"512\" src=\"https:\/\/creationskwala.com\/wp-content\/uploads\/2025\/01\/LOGO-K-site.png\" alt=\"Cr\u00e9ations Kwala\" class=\"wp-image-959\" style=\"width:275px;height:auto\" srcset=\"https:\/\/creationskwala.com\/wp-content\/uploads\/2025\/01\/LOGO-K-site.png 512w, https:\/\/creationskwala.com\/wp-content\/uploads\/2025\/01\/LOGO-K-site-150x150.png 150w, https:\/\/creationskwala.com\/wp-content\/uploads\/2025\/01\/LOGO-K-site-60x60.png 60w, https:\/\/creationskwala.com\/wp-content\/uploads\/2025\/01\/LOGO-K-site-100x100.png 100w, https:\/\/creationskwala.com\/wp-content\/uploads\/2025\/01\/LOGO-K-site-50x50.png 50w\" sizes=\"auto, (max-width: 512px) 100vw, 512px\" \/><\/a><\/figure>\n\n\n\n<p>Continuez la visite de la boutique par ici : <a href=\"https:\/\/creationskwala.com\/en\/boutique\/\">https:\/\/creationskwala.com\/boutique\/<\/a><\/p>","protected":false},"excerpt":{"rendered":"<p>Contactez-nous Continuez la visite de la boutique par ici : https:\/\/creationskwala.com\/boutique\/<\/p>","protected":false},"author":1,"featured_media":0,"parent":0,"menu_order":5,"comment_status":"closed","ping_status":"closed","template":"","meta":{"om_disable_all_campaigns":false,"_monsterinsights_skip_tracking":false,"_monsterinsights_sitenote_active":false,"_monsterinsights_sitenote_note":"","_monsterinsights_sitenote_category":0,"_uf_show_specific_survey":0,"_uf_disable_surveys":false,"footnotes":""},"class_list":["post-377","page","type-page","status-publish","hentry"],"yoast_head":"<!-- This site is optimized with the Yoast SEO plugin v25.9 - https:\/\/yoast.com\/wordpress\/plugins\/seo\/ -->\n<title>Contactez-nous -<\/title>\n<meta name=\"description\" content=\"Contactez-nous pour toute questions : Cr\u00e9ations Kwala, Sainte-anne-des-lacs, Qu\u00e9bec, Canada, J0R 1B0. info@creationskwala.com\" \/>\n<meta name=\"robots\" content=\"index, follow, max-snippet:-1, max-image-preview:large, max-video-preview:-1\" \/>\n<link rel=\"canonical\" href=\"https:\/\/creationskwala.com\/en\/contactez-nous\/\" \/>\n<meta property=\"og:locale\" content=\"en_US\" \/>\n<meta property=\"og:type\" content=\"article\" \/>\n<meta property=\"og:title\" content=\"Contactez-nous -\" \/>\n<meta property=\"og:description\" content=\"Contactez-nous pour toute questions : Cr\u00e9ations Kwala, Sainte-anne-des-lacs, Qu\u00e9bec, Canada, J0R 1B0. info@creationskwala.com\" \/>\n<meta property=\"og:url\" content=\"https:\/\/creationskwala.com\/en\/contactez-nous\/\" \/>\n<meta property=\"article:publisher\" content=\"https:\/\/www.facebook.com\/creationskwala\" \/>\n<meta property=\"article:modified_time\" content=\"2025-02-21T21:01:01+00:00\" \/>\n<meta property=\"og:image\" content=\"https:\/\/creationskwala.com\/wp-content\/uploads\/2025\/01\/LOGO-K-site.png\" \/>\n<meta name=\"twitter:card\" content=\"summary_large_image\" \/>\n<meta name=\"twitter:label1\" content=\"Est. reading time\" \/>\n\t<meta name=\"twitter:data1\" content=\"1 minute\" \/>\n<script type=\"application\/ld+json\" class=\"yoast-schema-graph\">{\"@context\":\"https:\/\/schema.org\",\"@graph\":[{\"@type\":\"WebPage\",\"@id\":\"https:\/\/creationskwala.com\/contactez-nous\/\",\"url\":\"https:\/\/creationskwala.com\/contactez-nous\/\",\"name\":\"Contactez-nous -\",\"isPartOf\":{\"@id\":\"https:\/\/creationskwala.com\/#website\"},\"primaryImageOfPage\":{\"@id\":\"https:\/\/creationskwala.com\/contactez-nous\/#primaryimage\"},\"image\":{\"@id\":\"https:\/\/creationskwala.com\/contactez-nous\/#primaryimage\"},\"thumbnailUrl\":\"https:\/\/creationskwala.com\/wp-content\/uploads\/2025\/01\/LOGO-K-site.png\",\"datePublished\":\"2024-02-25T16:55:03+00:00\",\"dateModified\":\"2025-02-21T21:01:01+00:00\",\"description\":\"Contactez-nous pour toute questions : Cr\u00e9ations Kwala, Sainte-anne-des-lacs, Qu\u00e9bec, Canada, J0R 1B0. info@creationskwala.com\",\"breadcrumb\":{\"@id\":\"https:\/\/creationskwala.com\/contactez-nous\/#breadcrumb\"},\"inLanguage\":\"en-CA\",\"potentialAction\":[{\"@type\":\"ReadAction\",\"target\":[\"https:\/\/creationskwala.com\/contactez-nous\/\"]}]},{\"@type\":\"ImageObject\",\"inLanguage\":\"en-CA\",\"@id\":\"https:\/\/creationskwala.com\/contactez-nous\/#primaryimage\",\"url\":\"https:\/\/creationskwala.com\/wp-content\/uploads\/2025\/01\/LOGO-K-site.png\",\"contentUrl\":\"https:\/\/creationskwala.com\/wp-content\/uploads\/2025\/01\/LOGO-K-site.png\"},{\"@type\":\"BreadcrumbList\",\"@id\":\"https:\/\/creationskwala.com\/contactez-nous\/#breadcrumb\",\"itemListElement\":[{\"@type\":\"ListItem\",\"position\":1,\"name\":\"Accueil\",\"item\":\"https:\/\/creationskwala.com\/\"},{\"@type\":\"ListItem\",\"position\":2,\"name\":\"Contactez-nous\"}]},{\"@type\":\"WebSite\",\"@id\":\"https:\/\/creationskwala.com\/#website\",\"url\":\"https:\/\/creationskwala.com\/\",\"name\":\"Cr\u00e9ations Kwala - Portefeuilles pour le poignet et v\u00eatements Qu\u00e9becois\",\"description\":\"V\u00eatements et accessoires\",\"publisher\":{\"@id\":\"https:\/\/creationskwala.com\/#organization\"},\"potentialAction\":[{\"@type\":\"SearchAction\",\"target\":{\"@type\":\"EntryPoint\",\"urlTemplate\":\"https:\/\/creationskwala.com\/?s={search_term_string}\"},\"query-input\":{\"@type\":\"PropertyValueSpecification\",\"valueRequired\":true,\"valueName\":\"search_term_string\"}}],\"inLanguage\":\"en-CA\"},{\"@type\":\"Organization\",\"@id\":\"https:\/\/creationskwala.com\/#organization\",\"name\":\"Cr\u00e9ations Kwala\",\"url\":\"https:\/\/creationskwala.com\/\",\"logo\":{\"@type\":\"ImageObject\",\"inLanguage\":\"en-CA\",\"@id\":\"https:\/\/creationskwala.com\/#\/schema\/logo\/image\/\",\"url\":\"https:\/\/creationskwala.com\/wp-content\/uploads\/2025\/01\/LOGO-K-site.png\",\"contentUrl\":\"https:\/\/creationskwala.com\/wp-content\/uploads\/2025\/01\/LOGO-K-site.png\",\"width\":512,\"height\":512,\"caption\":\"Cr\u00e9ations Kwala\"},\"image\":{\"@id\":\"https:\/\/creationskwala.com\/#\/schema\/logo\/image\/\"},\"sameAs\":[\"https:\/\/www.facebook.com\/creationskwala\"]}]}<\/script>\n<!-- \/ Yoast SEO plugin. -->","yoast_head_json":{"title":"Contactez-nous -","description":"Contactez-nous pour toute questions : Cr\u00e9ations Kwala, Sainte-anne-des-lacs, Qu\u00e9bec, Canada, J0R 1B0. info@creationskwala.com","robots":{"index":"index","follow":"follow","max-snippet":"max-snippet:-1","max-image-preview":"max-image-preview:large","max-video-preview":"max-video-preview:-1"},"canonical":"https:\/\/creationskwala.com\/en\/contactez-nous\/","og_locale":"en_US","og_type":"article","og_title":"Contactez-nous -","og_description":"Contactez-nous pour toute questions : Cr\u00e9ations Kwala, Sainte-anne-des-lacs, Qu\u00e9bec, Canada, J0R 1B0. info@creationskwala.com","og_url":"https:\/\/creationskwala.com\/en\/contactez-nous\/","article_publisher":"https:\/\/www.facebook.com\/creationskwala","article_modified_time":"2025-02-21T21:01:01+00:00","og_image":[{"url":"https:\/\/creationskwala.com\/wp-content\/uploads\/2025\/01\/LOGO-K-site.png","type":"","width":"","height":""}],"twitter_card":"summary_large_image","twitter_misc":{"Est. reading time":"1 minute"},"schema":{"@context":"https:\/\/schema.org","@graph":[{"@type":"WebPage","@id":"https:\/\/creationskwala.com\/contactez-nous\/","url":"https:\/\/creationskwala.com\/contactez-nous\/","name":"Contactez-nous -","isPartOf":{"@id":"https:\/\/creationskwala.com\/#website"},"primaryImageOfPage":{"@id":"https:\/\/creationskwala.com\/contactez-nous\/#primaryimage"},"image":{"@id":"https:\/\/creationskwala.com\/contactez-nous\/#primaryimage"},"thumbnailUrl":"https:\/\/creationskwala.com\/wp-content\/uploads\/2025\/01\/LOGO-K-site.png","datePublished":"2024-02-25T16:55:03+00:00","dateModified":"2025-02-21T21:01:01+00:00","description":"Contactez-nous pour toute questions : Cr\u00e9ations Kwala, Sainte-anne-des-lacs, Qu\u00e9bec, Canada, J0R 1B0. info@creationskwala.com","breadcrumb":{"@id":"https:\/\/creationskwala.com\/contactez-nous\/#breadcrumb"},"inLanguage":"en-CA","potentialAction":[{"@type":"ReadAction","target":["https:\/\/creationskwala.com\/contactez-nous\/"]}]},{"@type":"ImageObject","inLanguage":"en-CA","@id":"https:\/\/creationskwala.com\/contactez-nous\/#primaryimage","url":"https:\/\/creationskwala.com\/wp-content\/uploads\/2025\/01\/LOGO-K-site.png","contentUrl":"https:\/\/creationskwala.com\/wp-content\/uploads\/2025\/01\/LOGO-K-site.png"},{"@type":"BreadcrumbList","@id":"https:\/\/creationskwala.com\/contactez-nous\/#breadcrumb","itemListElement":[{"@type":"ListItem","position":1,"name":"Accueil","item":"https:\/\/creationskwala.com\/"},{"@type":"ListItem","position":2,"name":"Contactez-nous"}]},{"@type":"WebSite","@id":"https:\/\/creationskwala.com\/#website","url":"https:\/\/creationskwala.com\/","name":"Cr\u00e9ations Kwala - Portefeuilles pour le poignet et v\u00eatements Qu\u00e9becois","description":"Apparel et Accessories","publisher":{"@id":"https:\/\/creationskwala.com\/#organization"},"potentialAction":[{"@type":"SearchAction","target":{"@type":"EntryPoint","urlTemplate":"https:\/\/creationskwala.com\/?s={search_term_string}"},"query-input":{"@type":"PropertyValueSpecification","valueRequired":true,"valueName":"search_term_string"}}],"inLanguage":"en-CA"},{"@type":"Organization","@id":"https:\/\/creationskwala.com\/#organization","name":"Cr\u00e9ations Kwala","url":"https:\/\/creationskwala.com\/","logo":{"@type":"ImageObject","inLanguage":"en-CA","@id":"https:\/\/creationskwala.com\/#\/schema\/logo\/image\/","url":"https:\/\/creationskwala.com\/wp-content\/uploads\/2025\/01\/LOGO-K-site.png","contentUrl":"https:\/\/creationskwala.com\/wp-content\/uploads\/2025\/01\/LOGO-K-site.png","width":512,"height":512,"caption":"Cr\u00e9ations Kwala"},"image":{"@id":"https:\/\/creationskwala.com\/#\/schema\/logo\/image\/"},"sameAs":["https:\/\/www.facebook.com\/creationskwala"]}]}},"jetpack_sharing_enabled":true,"_links":{"self":[{"href":"https:\/\/creationskwala.com\/en\/wp-json\/wp\/v2\/pages\/377","targetHints":{"allow":["GET"]}}],"collection":[{"href":"https:\/\/creationskwala.com\/en\/wp-json\/wp\/v2\/pages"}],"about":[{"href":"https:\/\/creationskwala.com\/en\/wp-json\/wp\/v2\/types\/page"}],"author":[{"embeddable":true,"href":"https:\/\/creationskwala.com\/en\/wp-json\/wp\/v2\/users\/1"}],"replies":[{"embeddable":true,"href":"https:\/\/creationskwala.com\/en\/wp-json\/wp\/v2\/comments?post=377"}],"version-history":[{"count":17,"href":"https:\/\/creationskwala.com\/en\/wp-json\/wp\/v2\/pages\/377\/revisions"}],"predecessor-version":[{"id":1174,"href":"https:\/\/creationskwala.com\/en\/wp-json\/wp\/v2\/pages\/377\/revisions\/1174"}],"wp:attachment":[{"href":"https:\/\/creationskwala.com\/en\/wp-json\/wp\/v2\/media?parent=377"}],"curies":[{"name":"wp","href":"https:\/\/api.w.org\/{rel}","templated":true}]}}