{"id":611,"date":"2024-03-04T19:51:02","date_gmt":"2024-03-05T00:51:02","guid":{"rendered":"https:\/\/creationskwala.com\/?page_id=611"},"modified":"2025-02-21T16:11:52","modified_gmt":"2025-02-21T21:11:52","slug":"politique-de-livraison-et-retour","status":"publish","type":"page","link":"https:\/\/creationskwala.com\/en\/politique-de-livraison-et-retour\/","title":{"rendered":"Politique de livraison et retour"},"content":{"rendered":"<p>Les frais de transport pour la livraison, lorsqu\u2019applicables sont \u00e9tablis selon les produits achet\u00e9s. Les commandes sont trait\u00e9es en 48 heures et la livraison est g\u00e9n\u00e9ralement effectu\u00e9e dans un d\u00e9lai de deux \u00e0 sept jours ouvrables. Ce d\u00e9lai de livraison ne peut \u00eatre garanti puisque qu&rsquo;il est pris en charge par Postes Canada ou Purolator. Si une erreur d\u2019adresse n\u00e9cessite le r\u00e9acheminement du colis, le transport sera au frais de l\u2019acheteur.<\/p>\n\n\n\n<p style=\"font-size:52px\">Prix d&rsquo;exp\u00e9dition<\/p>\n\n\n\n<p>L&rsquo;exp\u00e9dition en enveloppe avec poste canada sans suivi : \u00e0 partir de 3$<\/p>\n\n\n\n<p>Pour l&rsquo;exp\u00e9dition en colis avec poste canada : 20$<\/p>\n\n\n\n<p>L&rsquo;exp\u00e9dition en colis avec suivi : 13$ (Cr\u00e9ations Kwala vous acheminera un courriel automatis\u00e9 contenant un num\u00e9ro de suivi et confirmant que votre commande a quitt\u00e9 l&rsquo;atelier.)<\/p>\n\n\n\n<p style=\"font-size:52px\">Annulation<\/p>\n\n\n\n<p>Si vous d\u00e9sirez annuler votre commande une fois la transaction compl\u00e9t\u00e9e, il est toujours possible de le faire tant et aussi longtemps que nous n\u2019avons pas envoy\u00e9 de confirmation d\u2019exp\u00e9dition. Dans ce cas, veuillez communiquer avec nous par courriel sur info@creationskwala.com. Aucune modification ou annulation de commande ne pourra \u00eatre effectu\u00e9e apr\u00e8s le processus d\u2019exp\u00e9dition enclench\u00e9.<\/p>\n\n\n\n<p style=\"font-size:52px\">Retour<\/p>\n\n\n\n<p>La p\u00e9riode de retour est de 14 jours ouvrables \u00e0 partir de la r\u00e9ception de votre commande.&nbsp;<strong>Tous les retours par la poste sont \u00e0 vos frais<\/strong>. Les articles doivent \u00eatre dans un \u00e9tat non port\u00e9, non lav\u00e9 et non utilis\u00e9, avec toutes les \u00e9tiquettes originales pour \u00eatre \u00e9ligibles \u00e0 un remboursement.<\/p>\n\n\n\n<p>Pour plus de questions vous pouvez nous contactez ici : <a href=\"https:\/\/creationskwala.com\/en\/contactez-nous\/\">https:\/\/creationskwala.com\/contactez-nous\/<\/a><\/p>\n\n\n\n<p>Pour continuer la visite de la boutique en ligne cliquez ici : <a href=\"https:\/\/creationskwala.com\/en\/boutique\/\">https:\/\/creationskwala.com\/boutique\/<\/a><\/p>","protected":false},"excerpt":{"rendered":"<p>Les frais de transport pour la livraison, lorsqu\u2019applicables sont \u00e9tablis selon les produits achet\u00e9s. Les commandes sont trait\u00e9es en 48 heures et la livraison est &hellip; <\/p>","protected":false},"author":1,"featured_media":0,"parent":0,"menu_order":3,"comment_status":"closed","ping_status":"closed","template":"","meta":{"om_disable_all_campaigns":false,"_monsterinsights_skip_tracking":false,"_monsterinsights_sitenote_active":false,"_monsterinsights_sitenote_note":"","_monsterinsights_sitenote_category":0,"_uf_show_specific_survey":0,"_uf_disable_surveys":false,"footnotes":""},"class_list":["post-611","page","type-page","status-publish","hentry"],"yoast_head":"<!-- This site is optimized with the Yoast SEO plugin v25.9 - https:\/\/yoast.com\/wordpress\/plugins\/seo\/ -->\n<title>Livraison<\/title>\n<meta name=\"description\" content=\"Les frais de transport pour la livraison, lorsqu\u2019applicables sont \u00e9tablis selon les produits achet\u00e9s. Les commandes sont trait\u00e9es en 48 heures\" \/>\n<meta name=\"robots\" content=\"index, follow, max-snippet:-1, max-image-preview:large, max-video-preview:-1\" \/>\n<link rel=\"canonical\" href=\"https:\/\/creationskwala.com\/en\/politique-de-livraison-et-retour\/\" \/>\n<meta property=\"og:locale\" content=\"en_US\" \/>\n<meta property=\"og:type\" content=\"article\" \/>\n<meta property=\"og:title\" content=\"Livraison\" \/>\n<meta property=\"og:description\" content=\"Les frais de transport pour la livraison, lorsqu\u2019applicables sont \u00e9tablis selon les produits achet\u00e9s. Les commandes sont trait\u00e9es en 48 heures\" \/>\n<meta property=\"og:url\" content=\"https:\/\/creationskwala.com\/en\/politique-de-livraison-et-retour\/\" \/>\n<meta property=\"article:publisher\" content=\"https:\/\/www.facebook.com\/creationskwala\" \/>\n<meta property=\"article:modified_time\" content=\"2025-02-21T21:11:52+00:00\" \/>\n<meta name=\"twitter:card\" content=\"summary_large_image\" \/>\n<meta name=\"twitter:label1\" content=\"Est. reading time\" \/>\n\t<meta name=\"twitter:data1\" content=\"2 minutes\" \/>\n<script type=\"application\/ld+json\" class=\"yoast-schema-graph\">{\"@context\":\"https:\/\/schema.org\",\"@graph\":[{\"@type\":\"WebPage\",\"@id\":\"https:\/\/creationskwala.com\/politique-de-livraison-et-retour\/\",\"url\":\"https:\/\/creationskwala.com\/politique-de-livraison-et-retour\/\",\"name\":\"Livraison\",\"isPartOf\":{\"@id\":\"https:\/\/creationskwala.com\/#website\"},\"datePublished\":\"2024-03-05T00:51:02+00:00\",\"dateModified\":\"2025-02-21T21:11:52+00:00\",\"description\":\"Les frais de transport pour la livraison, lorsqu\u2019applicables sont \u00e9tablis selon les produits achet\u00e9s. Les commandes sont trait\u00e9es en 48 heures\",\"breadcrumb\":{\"@id\":\"https:\/\/creationskwala.com\/politique-de-livraison-et-retour\/#breadcrumb\"},\"inLanguage\":\"en-CA\",\"potentialAction\":[{\"@type\":\"ReadAction\",\"target\":[\"https:\/\/creationskwala.com\/politique-de-livraison-et-retour\/\"]}]},{\"@type\":\"BreadcrumbList\",\"@id\":\"https:\/\/creationskwala.com\/politique-de-livraison-et-retour\/#breadcrumb\",\"itemListElement\":[{\"@type\":\"ListItem\",\"position\":1,\"name\":\"Accueil\",\"item\":\"https:\/\/creationskwala.com\/\"},{\"@type\":\"ListItem\",\"position\":2,\"name\":\"Politique de livraison et retour\"}]},{\"@type\":\"WebSite\",\"@id\":\"https:\/\/creationskwala.com\/#website\",\"url\":\"https:\/\/creationskwala.com\/\",\"name\":\"Cr\u00e9ations Kwala - Portefeuilles pour le poignet et v\u00eatements Qu\u00e9becois\",\"description\":\"V\u00eatements et accessoires\",\"publisher\":{\"@id\":\"https:\/\/creationskwala.com\/#organization\"},\"potentialAction\":[{\"@type\":\"SearchAction\",\"target\":{\"@type\":\"EntryPoint\",\"urlTemplate\":\"https:\/\/creationskwala.com\/?s={search_term_string}\"},\"query-input\":{\"@type\":\"PropertyValueSpecification\",\"valueRequired\":true,\"valueName\":\"search_term_string\"}}],\"inLanguage\":\"en-CA\"},{\"@type\":\"Organization\",\"@id\":\"https:\/\/creationskwala.com\/#organization\",\"name\":\"Cr\u00e9ations Kwala\",\"url\":\"https:\/\/creationskwala.com\/\",\"logo\":{\"@type\":\"ImageObject\",\"inLanguage\":\"en-CA\",\"@id\":\"https:\/\/creationskwala.com\/#\/schema\/logo\/image\/\",\"url\":\"https:\/\/creationskwala.com\/wp-content\/uploads\/2025\/01\/LOGO-K-site.png\",\"contentUrl\":\"https:\/\/creationskwala.com\/wp-content\/uploads\/2025\/01\/LOGO-K-site.png\",\"width\":512,\"height\":512,\"caption\":\"Cr\u00e9ations Kwala\"},\"image\":{\"@id\":\"https:\/\/creationskwala.com\/#\/schema\/logo\/image\/\"},\"sameAs\":[\"https:\/\/www.facebook.com\/creationskwala\"]}]}<\/script>\n<!-- \/ Yoast SEO plugin. -->","yoast_head_json":{"title":"Livraison","description":"Les frais de transport pour la livraison, lorsqu\u2019applicables sont \u00e9tablis selon les produits achet\u00e9s. Les commandes sont trait\u00e9es en 48 heures","robots":{"index":"index","follow":"follow","max-snippet":"max-snippet:-1","max-image-preview":"max-image-preview:large","max-video-preview":"max-video-preview:-1"},"canonical":"https:\/\/creationskwala.com\/en\/politique-de-livraison-et-retour\/","og_locale":"en_US","og_type":"article","og_title":"Livraison","og_description":"Les frais de transport pour la livraison, lorsqu\u2019applicables sont \u00e9tablis selon les produits achet\u00e9s. Les commandes sont trait\u00e9es en 48 heures","og_url":"https:\/\/creationskwala.com\/en\/politique-de-livraison-et-retour\/","article_publisher":"https:\/\/www.facebook.com\/creationskwala","article_modified_time":"2025-02-21T21:11:52+00:00","twitter_card":"summary_large_image","twitter_misc":{"Est. reading time":"2 minutes"},"schema":{"@context":"https:\/\/schema.org","@graph":[{"@type":"WebPage","@id":"https:\/\/creationskwala.com\/politique-de-livraison-et-retour\/","url":"https:\/\/creationskwala.com\/politique-de-livraison-et-retour\/","name":"Livraison","isPartOf":{"@id":"https:\/\/creationskwala.com\/#website"},"datePublished":"2024-03-05T00:51:02+00:00","dateModified":"2025-02-21T21:11:52+00:00","description":"Les frais de transport pour la livraison, lorsqu\u2019applicables sont \u00e9tablis selon les produits achet\u00e9s. Les commandes sont trait\u00e9es en 48 heures","breadcrumb":{"@id":"https:\/\/creationskwala.com\/politique-de-livraison-et-retour\/#breadcrumb"},"inLanguage":"en-CA","potentialAction":[{"@type":"ReadAction","target":["https:\/\/creationskwala.com\/politique-de-livraison-et-retour\/"]}]},{"@type":"BreadcrumbList","@id":"https:\/\/creationskwala.com\/politique-de-livraison-et-retour\/#breadcrumb","itemListElement":[{"@type":"ListItem","position":1,"name":"Accueil","item":"https:\/\/creationskwala.com\/"},{"@type":"ListItem","position":2,"name":"Politique de livraison et retour"}]},{"@type":"WebSite","@id":"https:\/\/creationskwala.com\/#website","url":"https:\/\/creationskwala.com\/","name":"Cr\u00e9ations Kwala - Portefeuilles pour le poignet et v\u00eatements Qu\u00e9becois","description":"Apparel et Accessories","publisher":{"@id":"https:\/\/creationskwala.com\/#organization"},"potentialAction":[{"@type":"SearchAction","target":{"@type":"EntryPoint","urlTemplate":"https:\/\/creationskwala.com\/?s={search_term_string}"},"query-input":{"@type":"PropertyValueSpecification","valueRequired":true,"valueName":"search_term_string"}}],"inLanguage":"en-CA"},{"@type":"Organization","@id":"https:\/\/creationskwala.com\/#organization","name":"Cr\u00e9ations Kwala","url":"https:\/\/creationskwala.com\/","logo":{"@type":"ImageObject","inLanguage":"en-CA","@id":"https:\/\/creationskwala.com\/#\/schema\/logo\/image\/","url":"https:\/\/creationskwala.com\/wp-content\/uploads\/2025\/01\/LOGO-K-site.png","contentUrl":"https:\/\/creationskwala.com\/wp-content\/uploads\/2025\/01\/LOGO-K-site.png","width":512,"height":512,"caption":"Cr\u00e9ations Kwala"},"image":{"@id":"https:\/\/creationskwala.com\/#\/schema\/logo\/image\/"},"sameAs":["https:\/\/www.facebook.com\/creationskwala"]}]}},"jetpack_sharing_enabled":true,"_links":{"self":[{"href":"https:\/\/creationskwala.com\/en\/wp-json\/wp\/v2\/pages\/611","targetHints":{"allow":["GET"]}}],"collection":[{"href":"https:\/\/creationskwala.com\/en\/wp-json\/wp\/v2\/pages"}],"about":[{"href":"https:\/\/creationskwala.com\/en\/wp-json\/wp\/v2\/types\/page"}],"author":[{"embeddable":true,"href":"https:\/\/creationskwala.com\/en\/wp-json\/wp\/v2\/users\/1"}],"replies":[{"embeddable":true,"href":"https:\/\/creationskwala.com\/en\/wp-json\/wp\/v2\/comments?post=611"}],"version-history":[{"count":9,"href":"https:\/\/creationskwala.com\/en\/wp-json\/wp\/v2\/pages\/611\/revisions"}],"predecessor-version":[{"id":1178,"href":"https:\/\/creationskwala.com\/en\/wp-json\/wp\/v2\/pages\/611\/revisions\/1178"}],"wp:attachment":[{"href":"https:\/\/creationskwala.com\/en\/wp-json\/wp\/v2\/media?parent=611"}],"curies":[{"name":"wp","href":"https:\/\/api.w.org\/{rel}","templated":true}]}}