{"id":618,"date":"2024-03-04T20:02:26","date_gmt":"2024-03-05T01:02:26","guid":{"rendered":"https:\/\/creationskwala.com\/?page_id=618"},"modified":"2025-02-21T15:51:48","modified_gmt":"2025-02-21T20:51:48","slug":"notre-garantie","status":"publish","type":"page","link":"https:\/\/creationskwala.com\/en\/notre-garantie\/","title":{"rendered":"Notre Garantie"},"content":{"rendered":"<p>Les produits de Cr\u00e9ations Kwala sont garantis 6 mois apr\u00e8s la date d\u2019achat. La <strong>garantie<\/strong> s\u2019applique pour les d\u00e9fauts de fabrication ou de confection. Elle ne couvre pas les dommages caus\u00e9s par un entretien inad\u00e9quat, une n\u00e9gligence, des accidents, une usure normale ou une alt\u00e9ration du produit. Cr\u00e9ations Kwala se donne le droit de r\u00e9parer ou de remplacer un article d\u00e9fectueux selon la nature du cas soumis avec photos et preuve d\u2019achat par courriel au\u00a0info@creationskwala.com<\/p>\n\n\n\n<p>Pour nous contactez pour toute questions cliquez ici : <a href=\"https:\/\/creationskwala.com\/en\/contactez-nous\/\">https:\/\/creationskwala.com\/contactez-nous\/<\/a><\/p>","protected":false},"excerpt":{"rendered":"<p>Les produits de Cr\u00e9ations Kwala sont garantis 6 mois apr\u00e8s la date d\u2019achat. La garantie s\u2019applique pour les d\u00e9fauts de fabrication ou de confection. Elle &hellip; <\/p>","protected":false},"author":1,"featured_media":0,"parent":0,"menu_order":2,"comment_status":"closed","ping_status":"closed","template":"","meta":{"om_disable_all_campaigns":false,"_monsterinsights_skip_tracking":false,"_monsterinsights_sitenote_active":false,"_monsterinsights_sitenote_note":"","_monsterinsights_sitenote_category":0,"_uf_show_specific_survey":0,"_uf_disable_surveys":false,"footnotes":""},"class_list":["post-618","page","type-page","status-publish","hentry"],"yoast_head":"<!-- This site is optimized with the Yoast SEO plugin v25.9 - https:\/\/yoast.com\/wordpress\/plugins\/seo\/ -->\n<title>Notre Garantie -<\/title>\n<meta name=\"description\" content=\"La garantie s\u2019applique pour les d\u00e9fauts de fabrication ou de confection. Elle ne couvre pas les dommages caus\u00e9s par l&#039;usure normal.\" \/>\n<meta name=\"robots\" content=\"index, follow, max-snippet:-1, max-image-preview:large, max-video-preview:-1\" \/>\n<link rel=\"canonical\" href=\"https:\/\/creationskwala.com\/en\/notre-garantie\/\" \/>\n<meta property=\"og:locale\" content=\"en_US\" \/>\n<meta property=\"og:type\" content=\"article\" \/>\n<meta property=\"og:title\" content=\"Notre Garantie -\" \/>\n<meta property=\"og:description\" content=\"La garantie s\u2019applique pour les d\u00e9fauts de fabrication ou de confection. Elle ne couvre pas les dommages caus\u00e9s par l&#039;usure normal.\" \/>\n<meta property=\"og:url\" content=\"https:\/\/creationskwala.com\/en\/notre-garantie\/\" \/>\n<meta property=\"article:publisher\" content=\"https:\/\/www.facebook.com\/creationskwala\" \/>\n<meta property=\"article:modified_time\" content=\"2025-02-21T20:51:48+00:00\" \/>\n<meta name=\"twitter:card\" content=\"summary_large_image\" \/>\n<meta name=\"twitter:label1\" content=\"Est. reading time\" \/>\n\t<meta name=\"twitter:data1\" content=\"1 minute\" \/>\n<script type=\"application\/ld+json\" class=\"yoast-schema-graph\">{\"@context\":\"https:\/\/schema.org\",\"@graph\":[{\"@type\":\"WebPage\",\"@id\":\"https:\/\/creationskwala.com\/notre-garantie\/\",\"url\":\"https:\/\/creationskwala.com\/notre-garantie\/\",\"name\":\"Notre Garantie -\",\"isPartOf\":{\"@id\":\"https:\/\/creationskwala.com\/#website\"},\"datePublished\":\"2024-03-05T01:02:26+00:00\",\"dateModified\":\"2025-02-21T20:51:48+00:00\",\"description\":\"La garantie s\u2019applique pour les d\u00e9fauts de fabrication ou de confection. Elle ne couvre pas les dommages caus\u00e9s par l'usure normal.\",\"breadcrumb\":{\"@id\":\"https:\/\/creationskwala.com\/notre-garantie\/#breadcrumb\"},\"inLanguage\":\"en-CA\",\"potentialAction\":[{\"@type\":\"ReadAction\",\"target\":[\"https:\/\/creationskwala.com\/notre-garantie\/\"]}]},{\"@type\":\"BreadcrumbList\",\"@id\":\"https:\/\/creationskwala.com\/notre-garantie\/#breadcrumb\",\"itemListElement\":[{\"@type\":\"ListItem\",\"position\":1,\"name\":\"Accueil\",\"item\":\"https:\/\/creationskwala.com\/\"},{\"@type\":\"ListItem\",\"position\":2,\"name\":\"Notre Garantie\"}]},{\"@type\":\"WebSite\",\"@id\":\"https:\/\/creationskwala.com\/#website\",\"url\":\"https:\/\/creationskwala.com\/\",\"name\":\"Cr\u00e9ations Kwala - Portefeuilles pour le poignet et v\u00eatements Qu\u00e9becois\",\"description\":\"V\u00eatements et accessoires\",\"publisher\":{\"@id\":\"https:\/\/creationskwala.com\/#organization\"},\"potentialAction\":[{\"@type\":\"SearchAction\",\"target\":{\"@type\":\"EntryPoint\",\"urlTemplate\":\"https:\/\/creationskwala.com\/?s={search_term_string}\"},\"query-input\":{\"@type\":\"PropertyValueSpecification\",\"valueRequired\":true,\"valueName\":\"search_term_string\"}}],\"inLanguage\":\"en-CA\"},{\"@type\":\"Organization\",\"@id\":\"https:\/\/creationskwala.com\/#organization\",\"name\":\"Cr\u00e9ations Kwala\",\"url\":\"https:\/\/creationskwala.com\/\",\"logo\":{\"@type\":\"ImageObject\",\"inLanguage\":\"en-CA\",\"@id\":\"https:\/\/creationskwala.com\/#\/schema\/logo\/image\/\",\"url\":\"https:\/\/creationskwala.com\/wp-content\/uploads\/2025\/01\/LOGO-K-site.png\",\"contentUrl\":\"https:\/\/creationskwala.com\/wp-content\/uploads\/2025\/01\/LOGO-K-site.png\",\"width\":512,\"height\":512,\"caption\":\"Cr\u00e9ations Kwala\"},\"image\":{\"@id\":\"https:\/\/creationskwala.com\/#\/schema\/logo\/image\/\"},\"sameAs\":[\"https:\/\/www.facebook.com\/creationskwala\"]}]}<\/script>\n<!-- \/ Yoast SEO plugin. -->","yoast_head_json":{"title":"Notre Garantie -","description":"La garantie s\u2019applique pour les d\u00e9fauts de fabrication ou de confection. Elle ne couvre pas les dommages caus\u00e9s par l'usure normal.","robots":{"index":"index","follow":"follow","max-snippet":"max-snippet:-1","max-image-preview":"max-image-preview:large","max-video-preview":"max-video-preview:-1"},"canonical":"https:\/\/creationskwala.com\/en\/notre-garantie\/","og_locale":"en_US","og_type":"article","og_title":"Notre Garantie -","og_description":"La garantie s\u2019applique pour les d\u00e9fauts de fabrication ou de confection. Elle ne couvre pas les dommages caus\u00e9s par l'usure normal.","og_url":"https:\/\/creationskwala.com\/en\/notre-garantie\/","article_publisher":"https:\/\/www.facebook.com\/creationskwala","article_modified_time":"2025-02-21T20:51:48+00:00","twitter_card":"summary_large_image","twitter_misc":{"Est. reading time":"1 minute"},"schema":{"@context":"https:\/\/schema.org","@graph":[{"@type":"WebPage","@id":"https:\/\/creationskwala.com\/notre-garantie\/","url":"https:\/\/creationskwala.com\/notre-garantie\/","name":"Notre Garantie -","isPartOf":{"@id":"https:\/\/creationskwala.com\/#website"},"datePublished":"2024-03-05T01:02:26+00:00","dateModified":"2025-02-21T20:51:48+00:00","description":"La garantie s\u2019applique pour les d\u00e9fauts de fabrication ou de confection. Elle ne couvre pas les dommages caus\u00e9s par l'usure normal.","breadcrumb":{"@id":"https:\/\/creationskwala.com\/notre-garantie\/#breadcrumb"},"inLanguage":"en-CA","potentialAction":[{"@type":"ReadAction","target":["https:\/\/creationskwala.com\/notre-garantie\/"]}]},{"@type":"BreadcrumbList","@id":"https:\/\/creationskwala.com\/notre-garantie\/#breadcrumb","itemListElement":[{"@type":"ListItem","position":1,"name":"Accueil","item":"https:\/\/creationskwala.com\/"},{"@type":"ListItem","position":2,"name":"Notre Garantie"}]},{"@type":"WebSite","@id":"https:\/\/creationskwala.com\/#website","url":"https:\/\/creationskwala.com\/","name":"Cr\u00e9ations Kwala - Portefeuilles pour le poignet et v\u00eatements Qu\u00e9becois","description":"Apparel et Accessories","publisher":{"@id":"https:\/\/creationskwala.com\/#organization"},"potentialAction":[{"@type":"SearchAction","target":{"@type":"EntryPoint","urlTemplate":"https:\/\/creationskwala.com\/?s={search_term_string}"},"query-input":{"@type":"PropertyValueSpecification","valueRequired":true,"valueName":"search_term_string"}}],"inLanguage":"en-CA"},{"@type":"Organization","@id":"https:\/\/creationskwala.com\/#organization","name":"Cr\u00e9ations Kwala","url":"https:\/\/creationskwala.com\/","logo":{"@type":"ImageObject","inLanguage":"en-CA","@id":"https:\/\/creationskwala.com\/#\/schema\/logo\/image\/","url":"https:\/\/creationskwala.com\/wp-content\/uploads\/2025\/01\/LOGO-K-site.png","contentUrl":"https:\/\/creationskwala.com\/wp-content\/uploads\/2025\/01\/LOGO-K-site.png","width":512,"height":512,"caption":"Cr\u00e9ations Kwala"},"image":{"@id":"https:\/\/creationskwala.com\/#\/schema\/logo\/image\/"},"sameAs":["https:\/\/www.facebook.com\/creationskwala"]}]}},"jetpack_sharing_enabled":true,"_links":{"self":[{"href":"https:\/\/creationskwala.com\/en\/wp-json\/wp\/v2\/pages\/618","targetHints":{"allow":["GET"]}}],"collection":[{"href":"https:\/\/creationskwala.com\/en\/wp-json\/wp\/v2\/pages"}],"about":[{"href":"https:\/\/creationskwala.com\/en\/wp-json\/wp\/v2\/types\/page"}],"author":[{"embeddable":true,"href":"https:\/\/creationskwala.com\/en\/wp-json\/wp\/v2\/users\/1"}],"replies":[{"embeddable":true,"href":"https:\/\/creationskwala.com\/en\/wp-json\/wp\/v2\/comments?post=618"}],"version-history":[{"count":2,"href":"https:\/\/creationskwala.com\/en\/wp-json\/wp\/v2\/pages\/618\/revisions"}],"predecessor-version":[{"id":1169,"href":"https:\/\/creationskwala.com\/en\/wp-json\/wp\/v2\/pages\/618\/revisions\/1169"}],"wp:attachment":[{"href":"https:\/\/creationskwala.com\/en\/wp-json\/wp\/v2\/media?parent=618"}],"curies":[{"name":"wp","href":"https:\/\/api.w.org\/{rel}","templated":true}]}}