{"id":622,"date":"2024-03-04T20:28:32","date_gmt":"2024-03-05T01:28:32","guid":{"rendered":"https:\/\/creationskwala.com\/?page_id=622"},"modified":"2025-03-07T10:59:05","modified_gmt":"2025-03-07T15:59:05","slug":"un-peu-dhistoire","status":"publish","type":"page","link":"https:\/\/creationskwala.com\/en\/un-peu-dhistoire\/","title":{"rendered":"Un peu d&rsquo;histoire"},"content":{"rendered":"<p>Voici <strong>un peu d&rsquo;histoire<\/strong> sur ma personne derri\u00e8re Cr\u00e9ations Kwala : <\/p>\n\n\n\n<p>Depuis mon enfance, ma passion pour la cr\u00e9ativit\u00e9 et les enfants m&rsquo;a guid\u00e9e et en 2007, j&rsquo;ai entam\u00e9 ma carri\u00e8re de photographe professionnelle, un m\u00e9tier qui a toujours nourri ma curiosit\u00e9 artistique. En parall\u00e8le, en 2011, j&rsquo;ai ouvert ma propre garderie en milieu familial, alliant ainsi mon amour pour les enfants \u00e0 mon travail.<\/p>\n\n\n\n<p>La couture est une autre passion qui m&rsquo;a \u00e9t\u00e9 transmise par ma m\u00e8re et d\u00e8s mon jeune \u00e2ge, elle m&rsquo;a appris \u00e0 manier une machine \u00e0 coudre, ainsi en 2012, j&rsquo;ai commenc\u00e9 \u00e0 coudre des porte-b\u00e9b\u00e9s, que j&rsquo;utilisais avec les enfants de ma garderie et cette activit\u00e9 m&rsquo;a inspir\u00e9e \u00e0 envisager s\u00e9rieusement de cr\u00e9er et de vendre mes propres produits.<\/p>\n\n\n\n<h2 class=\"wp-block-heading\"><strong>Par la suite..<\/strong><\/h2>\n\n\n\n<p>En 2018, l&rsquo;annonce de ma grossesse m&rsquo;a pouss\u00e9e \u00e0 explorer de nouveaux horizons. J&rsquo;ai alors entrepris de concevoir des portefeuilles pour le poignet et des couches lavables, mais malheureusement, ma vieille machine \u00e0 coudre m&rsquo;a l\u00e2ch\u00e9e en cours de route, mettant mon projet en pause.<\/p>\n\n\n\n<p>Apr\u00e8s la naissance de mon second enfant en 2022, j&rsquo;ai d\u00e9cid\u00e9 de profiter de mon cong\u00e9 de maternit\u00e9 pour repenser ma carri\u00e8re et c&rsquo;est ainsi qu&rsquo;en 2022, d\u00e9termin\u00e9e \u00e0 concr\u00e9tiser mes r\u00eaves, j&rsquo;ai investi dans une nouvelle machine \u00e0 coudre. Ce nouvel \u00e9quipement m&rsquo;a permis de red\u00e9marrer ma passion pour la cr\u00e9ation et la couture, et de poursuivre mon chemin vers l&rsquo;entreprenariat. <\/p>\n\n\n\n<h2 class=\"wp-block-heading\"><strong>Aujourd&rsquo;hui.. <\/strong><\/h2>\n\n\n\n<p>Aujourd&rsquo;hui, je suis fi\u00e8re de mettre \u00e0 profit mes talents et mon exp\u00e9rience pour offrir des produits uniques, de qualit\u00e9s et faits avec amour. <\/p>\n\n\n\n<p>Vous pourrez trouver sur ma boutique en ligne plusieurs produits que je confectionne avec attention et amour tels que l&rsquo;indispensable portefeuille pour le poignet, disponible en version enfant et adulte ainsi que plusieurs v\u00eatements et accessoires pour bambin. <\/p>\n\n\n\n<p>Maintenant que vous connaissez un peu d&rsquo;histoire sur moi vous pouvez visitez ma boutique en ligne par ici : <a href=\"https:\/\/creationskwala.com\/en\/boutique\/\">https:\/\/creationskwala.com\/boutique\/<\/a><\/p>\n\n\n\n<figure class=\"wp-block-image size-full is-resized\"><a href=\"https:\/\/creationskwala.com\/wp-content\/uploads\/2025\/02\/Moi.jpg\"><img loading=\"lazy\" decoding=\"async\" width=\"450\" height=\"600\" src=\"https:\/\/creationskwala.com\/wp-content\/uploads\/2025\/02\/Moi.jpg\" alt=\"\" class=\"wp-image-1165\" style=\"width:337px;height:auto\" srcset=\"https:\/\/creationskwala.com\/wp-content\/uploads\/2025\/02\/Moi.jpg 450w, https:\/\/creationskwala.com\/wp-content\/uploads\/2025\/02\/Moi-45x60.jpg 45w\" sizes=\"auto, (max-width: 450px) 100vw, 450px\" \/><\/a><\/figure>","protected":false},"excerpt":{"rendered":"<p>Voici un peu d&rsquo;histoire sur ma personne derri\u00e8re Cr\u00e9ations Kwala : Depuis mon enfance, ma passion pour la cr\u00e9ativit\u00e9 et les enfants m&rsquo;a guid\u00e9e et &hellip; <\/p>","protected":false},"author":1,"featured_media":0,"parent":0,"menu_order":1,"comment_status":"closed","ping_status":"closed","template":"","meta":{"om_disable_all_campaigns":false,"_monsterinsights_skip_tracking":false,"_monsterinsights_sitenote_active":false,"_monsterinsights_sitenote_note":"","_monsterinsights_sitenote_category":0,"_uf_show_specific_survey":0,"_uf_disable_surveys":false,"footnotes":""},"class_list":["post-622","page","type-page","status-publish","hentry"],"yoast_head":"<!-- This site is optimized with the Yoast SEO plugin v25.9 - https:\/\/yoast.com\/wordpress\/plugins\/seo\/ -->\n<title>Un peu d&#039;histoire<\/title>\n<meta name=\"description\" content=\"D\u00e9couvrez un peu d&#039;histoire de mon parcours entre cr\u00e9ativit\u00e9, amour des enfants, \u00e0 la couture, suivez mon chemin vers l&#039;entreprenariat.\" \/>\n<meta name=\"robots\" content=\"index, follow, max-snippet:-1, max-image-preview:large, max-video-preview:-1\" \/>\n<link rel=\"canonical\" href=\"https:\/\/creationskwala.com\/en\/un-peu-dhistoire\/\" \/>\n<meta property=\"og:locale\" content=\"en_US\" \/>\n<meta property=\"og:type\" content=\"article\" \/>\n<meta property=\"og:title\" content=\"Un peu d&#039;histoire\" \/>\n<meta property=\"og:description\" content=\"D\u00e9couvrez un peu d&#039;histoire de mon parcours entre cr\u00e9ativit\u00e9, amour des enfants, \u00e0 la couture, suivez mon chemin vers l&#039;entreprenariat.\" \/>\n<meta property=\"og:url\" content=\"https:\/\/creationskwala.com\/en\/un-peu-dhistoire\/\" \/>\n<meta property=\"article:publisher\" content=\"https:\/\/www.facebook.com\/creationskwala\" \/>\n<meta property=\"article:modified_time\" content=\"2025-03-07T15:59:05+00:00\" \/>\n<meta property=\"og:image\" content=\"https:\/\/creationskwala.com\/wp-content\/uploads\/2025\/02\/Moi.jpg\" \/>\n<meta name=\"twitter:card\" content=\"summary_large_image\" \/>\n<meta name=\"twitter:label1\" content=\"Est. reading time\" \/>\n\t<meta name=\"twitter:data1\" content=\"2 minutes\" \/>\n<script type=\"application\/ld+json\" class=\"yoast-schema-graph\">{\"@context\":\"https:\/\/schema.org\",\"@graph\":[{\"@type\":\"WebPage\",\"@id\":\"https:\/\/creationskwala.com\/un-peu-dhistoire\/\",\"url\":\"https:\/\/creationskwala.com\/un-peu-dhistoire\/\",\"name\":\"Un peu d'histoire\",\"isPartOf\":{\"@id\":\"https:\/\/creationskwala.com\/#website\"},\"primaryImageOfPage\":{\"@id\":\"https:\/\/creationskwala.com\/un-peu-dhistoire\/#primaryimage\"},\"image\":{\"@id\":\"https:\/\/creationskwala.com\/un-peu-dhistoire\/#primaryimage\"},\"thumbnailUrl\":\"https:\/\/creationskwala.com\/wp-content\/uploads\/2025\/02\/Moi.jpg\",\"datePublished\":\"2024-03-05T01:28:32+00:00\",\"dateModified\":\"2025-03-07T15:59:05+00:00\",\"description\":\"D\u00e9couvrez un peu d'histoire de mon parcours entre cr\u00e9ativit\u00e9, amour des enfants, \u00e0 la couture, suivez mon chemin vers l'entreprenariat.\",\"breadcrumb\":{\"@id\":\"https:\/\/creationskwala.com\/un-peu-dhistoire\/#breadcrumb\"},\"inLanguage\":\"en-CA\",\"potentialAction\":[{\"@type\":\"ReadAction\",\"target\":[\"https:\/\/creationskwala.com\/un-peu-dhistoire\/\"]}]},{\"@type\":\"ImageObject\",\"inLanguage\":\"en-CA\",\"@id\":\"https:\/\/creationskwala.com\/un-peu-dhistoire\/#primaryimage\",\"url\":\"https:\/\/creationskwala.com\/wp-content\/uploads\/2025\/02\/Moi.jpg\",\"contentUrl\":\"https:\/\/creationskwala.com\/wp-content\/uploads\/2025\/02\/Moi.jpg\"},{\"@type\":\"BreadcrumbList\",\"@id\":\"https:\/\/creationskwala.com\/un-peu-dhistoire\/#breadcrumb\",\"itemListElement\":[{\"@type\":\"ListItem\",\"position\":1,\"name\":\"Accueil\",\"item\":\"https:\/\/creationskwala.com\/\"},{\"@type\":\"ListItem\",\"position\":2,\"name\":\"Un peu d&rsquo;histoire\"}]},{\"@type\":\"WebSite\",\"@id\":\"https:\/\/creationskwala.com\/#website\",\"url\":\"https:\/\/creationskwala.com\/\",\"name\":\"Cr\u00e9ations Kwala - Portefeuilles pour le poignet et v\u00eatements Qu\u00e9becois\",\"description\":\"V\u00eatements et accessoires\",\"publisher\":{\"@id\":\"https:\/\/creationskwala.com\/#organization\"},\"potentialAction\":[{\"@type\":\"SearchAction\",\"target\":{\"@type\":\"EntryPoint\",\"urlTemplate\":\"https:\/\/creationskwala.com\/?s={search_term_string}\"},\"query-input\":{\"@type\":\"PropertyValueSpecification\",\"valueRequired\":true,\"valueName\":\"search_term_string\"}}],\"inLanguage\":\"en-CA\"},{\"@type\":\"Organization\",\"@id\":\"https:\/\/creationskwala.com\/#organization\",\"name\":\"Cr\u00e9ations Kwala\",\"url\":\"https:\/\/creationskwala.com\/\",\"logo\":{\"@type\":\"ImageObject\",\"inLanguage\":\"en-CA\",\"@id\":\"https:\/\/creationskwala.com\/#\/schema\/logo\/image\/\",\"url\":\"https:\/\/creationskwala.com\/wp-content\/uploads\/2025\/01\/LOGO-K-site.png\",\"contentUrl\":\"https:\/\/creationskwala.com\/wp-content\/uploads\/2025\/01\/LOGO-K-site.png\",\"width\":512,\"height\":512,\"caption\":\"Cr\u00e9ations Kwala\"},\"image\":{\"@id\":\"https:\/\/creationskwala.com\/#\/schema\/logo\/image\/\"},\"sameAs\":[\"https:\/\/www.facebook.com\/creationskwala\"]}]}<\/script>\n<!-- \/ Yoast SEO plugin. -->","yoast_head_json":{"title":"Un peu d'histoire","description":"D\u00e9couvrez un peu d'histoire de mon parcours entre cr\u00e9ativit\u00e9, amour des enfants, \u00e0 la couture, suivez mon chemin vers l'entreprenariat.","robots":{"index":"index","follow":"follow","max-snippet":"max-snippet:-1","max-image-preview":"max-image-preview:large","max-video-preview":"max-video-preview:-1"},"canonical":"https:\/\/creationskwala.com\/en\/un-peu-dhistoire\/","og_locale":"en_US","og_type":"article","og_title":"Un peu d'histoire","og_description":"D\u00e9couvrez un peu d'histoire de mon parcours entre cr\u00e9ativit\u00e9, amour des enfants, \u00e0 la couture, suivez mon chemin vers l'entreprenariat.","og_url":"https:\/\/creationskwala.com\/en\/un-peu-dhistoire\/","article_publisher":"https:\/\/www.facebook.com\/creationskwala","article_modified_time":"2025-03-07T15:59:05+00:00","og_image":[{"url":"https:\/\/creationskwala.com\/wp-content\/uploads\/2025\/02\/Moi.jpg","type":"","width":"","height":""}],"twitter_card":"summary_large_image","twitter_misc":{"Est. reading time":"2 minutes"},"schema":{"@context":"https:\/\/schema.org","@graph":[{"@type":"WebPage","@id":"https:\/\/creationskwala.com\/un-peu-dhistoire\/","url":"https:\/\/creationskwala.com\/un-peu-dhistoire\/","name":"Un peu d'histoire","isPartOf":{"@id":"https:\/\/creationskwala.com\/#website"},"primaryImageOfPage":{"@id":"https:\/\/creationskwala.com\/un-peu-dhistoire\/#primaryimage"},"image":{"@id":"https:\/\/creationskwala.com\/un-peu-dhistoire\/#primaryimage"},"thumbnailUrl":"https:\/\/creationskwala.com\/wp-content\/uploads\/2025\/02\/Moi.jpg","datePublished":"2024-03-05T01:28:32+00:00","dateModified":"2025-03-07T15:59:05+00:00","description":"D\u00e9couvrez un peu d'histoire de mon parcours entre cr\u00e9ativit\u00e9, amour des enfants, \u00e0 la couture, suivez mon chemin vers l'entreprenariat.","breadcrumb":{"@id":"https:\/\/creationskwala.com\/un-peu-dhistoire\/#breadcrumb"},"inLanguage":"en-CA","potentialAction":[{"@type":"ReadAction","target":["https:\/\/creationskwala.com\/un-peu-dhistoire\/"]}]},{"@type":"ImageObject","inLanguage":"en-CA","@id":"https:\/\/creationskwala.com\/un-peu-dhistoire\/#primaryimage","url":"https:\/\/creationskwala.com\/wp-content\/uploads\/2025\/02\/Moi.jpg","contentUrl":"https:\/\/creationskwala.com\/wp-content\/uploads\/2025\/02\/Moi.jpg"},{"@type":"BreadcrumbList","@id":"https:\/\/creationskwala.com\/un-peu-dhistoire\/#breadcrumb","itemListElement":[{"@type":"ListItem","position":1,"name":"Accueil","item":"https:\/\/creationskwala.com\/"},{"@type":"ListItem","position":2,"name":"Un peu d&rsquo;histoire"}]},{"@type":"WebSite","@id":"https:\/\/creationskwala.com\/#website","url":"https:\/\/creationskwala.com\/","name":"Cr\u00e9ations Kwala - Portefeuilles pour le poignet et v\u00eatements Qu\u00e9becois","description":"Apparel et Accessories","publisher":{"@id":"https:\/\/creationskwala.com\/#organization"},"potentialAction":[{"@type":"SearchAction","target":{"@type":"EntryPoint","urlTemplate":"https:\/\/creationskwala.com\/?s={search_term_string}"},"query-input":{"@type":"PropertyValueSpecification","valueRequired":true,"valueName":"search_term_string"}}],"inLanguage":"en-CA"},{"@type":"Organization","@id":"https:\/\/creationskwala.com\/#organization","name":"Cr\u00e9ations Kwala","url":"https:\/\/creationskwala.com\/","logo":{"@type":"ImageObject","inLanguage":"en-CA","@id":"https:\/\/creationskwala.com\/#\/schema\/logo\/image\/","url":"https:\/\/creationskwala.com\/wp-content\/uploads\/2025\/01\/LOGO-K-site.png","contentUrl":"https:\/\/creationskwala.com\/wp-content\/uploads\/2025\/01\/LOGO-K-site.png","width":512,"height":512,"caption":"Cr\u00e9ations Kwala"},"image":{"@id":"https:\/\/creationskwala.com\/#\/schema\/logo\/image\/"},"sameAs":["https:\/\/www.facebook.com\/creationskwala"]}]}},"jetpack_sharing_enabled":true,"_links":{"self":[{"href":"https:\/\/creationskwala.com\/en\/wp-json\/wp\/v2\/pages\/622","targetHints":{"allow":["GET"]}}],"collection":[{"href":"https:\/\/creationskwala.com\/en\/wp-json\/wp\/v2\/pages"}],"about":[{"href":"https:\/\/creationskwala.com\/en\/wp-json\/wp\/v2\/types\/page"}],"author":[{"embeddable":true,"href":"https:\/\/creationskwala.com\/en\/wp-json\/wp\/v2\/users\/1"}],"replies":[{"embeddable":true,"href":"https:\/\/creationskwala.com\/en\/wp-json\/wp\/v2\/comments?post=622"}],"version-history":[{"count":4,"href":"https:\/\/creationskwala.com\/en\/wp-json\/wp\/v2\/pages\/622\/revisions"}],"predecessor-version":[{"id":1181,"href":"https:\/\/creationskwala.com\/en\/wp-json\/wp\/v2\/pages\/622\/revisions\/1181"}],"wp:attachment":[{"href":"https:\/\/creationskwala.com\/en\/wp-json\/wp\/v2\/media?parent=622"}],"curies":[{"name":"wp","href":"https:\/\/api.w.org\/{rel}","templated":true}]}}