{"id":7,"date":"2023-07-13T12:05:55","date_gmt":"2023-07-13T16:05:55","guid":{"rendered":"https:\/\/creationskwala.com\/boutique\/"},"modified":"2025-02-21T15:07:10","modified_gmt":"2025-02-21T20:07:10","slug":"boutique","status":"publish","type":"page","link":"https:\/\/creationskwala.com\/en\/boutique\/","title":{"rendered":"Shop"},"content":{"rendered":"<p>Boutique en ligne<\/p>\n\n\n<div data-block-name=\"woocommerce\/featured-category\" data-category-id=\"22\" data-edit-mode=\"false\" data-focal-point=\"{&quot;x&quot;:0.44,&quot;y&quot;:0.87}\" data-image-fit=\"cover\" data-min-height=\"298\" class=\"wc-block-featured-category alignnone has-background-dim wp-block-woocommerce-featured-category\" style=\"min-height:298px;\"><div class=\"wc-block-featured-category__wrapper\"><div class=\"background-dim__overlay\" style=\"background-color: #000000\"><\/div><img decoding=\"async\" alt=\"Portefeuille poignet\" class=\"wc-block-featured-category__background-image\" src=\"https:\/\/creationskwala.com\/wp-content\/uploads\/2024\/02\/banniere-poignet-portefeuille-produit-1024x225.jpg\" style=\"object-fit: cover;object-position: 44% 87%;\" \/><h2 class=\"wc-block-featured-category__title\">Wristlet Wallet<\/h2><div class=\"wc-block-featured-category__description\"><\/div><div class=\"wc-block-featured-category__link\">\n\n<div class=\"wp-block-buttons is-content-justification-center is-layout-flex wp-container-core-buttons-is-layout-51f7783f wp-block-buttons-is-layout-flex\">\n<div class=\"wp-block-button\"><a class=\"wp-block-button__link wp-element-button\" href=\"https:\/\/creationskwala.com\/en\/product-category\/portefeuille-poignet\/\">Acheter maintenant<\/a><\/div>\n<\/div>\n\n<\/div><\/div><\/div>\n\n\n<!--nextpage-->\n\n\n<div data-block-name=\"woocommerce\/featured-category\" data-category-id=\"20\" data-edit-mode=\"false\" data-focal-point=\"{&quot;x&quot;:0.47,&quot;y&quot;:0.44}\" data-image-fit=\"cover\" data-min-height=\"283\" class=\"wc-block-featured-category alignnone has-background-dim wp-block-woocommerce-featured-category\" style=\"min-height:283px;\"><div class=\"wc-block-featured-category__wrapper\"><div class=\"background-dim__overlay\" style=\"background-color: #000000\"><\/div><img decoding=\"async\" alt=\"Fille\" class=\"wc-block-featured-category__background-image\" src=\"https:\/\/creationskwala.com\/wp-content\/uploads\/2024\/02\/banniere-fille-produit-1024x225.jpg\" style=\"object-fit: cover;object-position: 47% 44%;\" \/><h2 class=\"wc-block-featured-category__title\">Girl<\/h2><div class=\"wc-block-featured-category__description\"><\/div><div class=\"wc-block-featured-category__link\">\n\n<div class=\"wp-block-buttons is-content-justification-center is-layout-flex wp-container-core-buttons-is-layout-16018d1d wp-block-buttons-is-layout-flex\">\n<div class=\"wp-block-button\"><a class=\"wp-block-button__link wp-element-button\" href=\"https:\/\/creationskwala.com\/en\/product-category\/vetement-fille\/\">Acheter maintenant<\/a><\/div>\n<\/div>\n\n<\/div><\/div><\/div>\n\n\n<!--nextpage-->\n\n\n<div data-block-name=\"woocommerce\/featured-category\" data-category-id=\"44\" data-edit-mode=\"false\" data-focal-point=\"{&quot;x&quot;:0.42,&quot;y&quot;:0.4}\" data-image-fit=\"cover\" data-min-height=\"283\" class=\"wc-block-featured-category alignnone has-background-dim wp-block-woocommerce-featured-category\" style=\"min-height:283px;\"><div class=\"wc-block-featured-category__wrapper\"><div class=\"background-dim__overlay\" style=\"background-color: #000000\"><\/div><img decoding=\"async\" alt=\"Gar\u00e7on\" class=\"wc-block-featured-category__background-image\" src=\"https:\/\/creationskwala.com\/wp-content\/uploads\/2024\/02\/banniere-garcon-produit-1024x225.jpg\" style=\"object-fit: cover;object-position: 42% 40%;\" \/><h2 class=\"wc-block-featured-category__title\">Boy<\/h2><div class=\"wc-block-featured-category__description\"><p>V\u00eatement gar\u00e7on<\/p>\n<\/div><div class=\"wc-block-featured-category__link\">\n\n<div class=\"wp-block-buttons is-content-justification-center is-layout-flex wp-container-core-buttons-is-layout-16018d1d wp-block-buttons-is-layout-flex\">\n<div class=\"wp-block-button\"><a class=\"wp-block-button__link wp-element-button\" href=\"https:\/\/creationskwala.com\/en\/product-category\/garcon\/\">Acheter maintenant<\/a><\/div>\n<\/div>\n\n<\/div><\/div><\/div>\n\n\n<!--nextpage-->\n\n\n<div data-block-name=\"woocommerce\/featured-category\" data-category-id=\"58\" data-edit-mode=\"false\" data-focal-point=\"{&quot;x&quot;:0.35,&quot;y&quot;:0.29}\" data-min-height=\"271\" class=\"wc-block-featured-category alignfull has-background-dim wp-block-woocommerce-featured-category\" style=\"min-height:271px;\"><div class=\"wc-block-featured-category__wrapper\"><div class=\"background-dim__overlay\" style=\"background-color: #000000\"><\/div><img decoding=\"async\" alt=\"Accessoires\" class=\"wc-block-featured-category__background-image\" src=\"https:\/\/creationskwala.com\/wp-content\/uploads\/2024\/03\/banniere-vierge-1-scaled.jpg\" style=\"object-fit: none;object-position: 35% 29%;\" \/><h2 class=\"wc-block-featured-category__title\">Accessories<\/h2><div class=\"wc-block-featured-category__description\"><\/div><div class=\"wc-block-featured-category__link\">\n\n<div class=\"wp-block-buttons is-content-justification-center is-layout-flex wp-container-core-buttons-is-layout-16018d1d wp-block-buttons-is-layout-flex\">\n<div class=\"wp-block-button\"><a class=\"wp-block-button__link wp-element-button\" href=\"https:\/\/creationskwala.com\/en\/product-category\/accessoire\/\">Acheter maintenant<\/a><\/div>\n<\/div>\n\n<\/div><\/div><\/div>\n\n\n<h2 class=\"wp-block-heading\">Wristlet Wallet<\/h2>\n\n\n\n<p><strong>Your essential! Freer than ever<\/strong>.<\/p>\n\n\n\n<p>Slip on this must-have wrist wallet for your outings or shopping trips. Carry your cards, coins, or even your keys in a smart and practical way...wherever you go.<\/p>\n\n\n\n<p><\/p>","protected":false},"excerpt":{"rendered":"<p>Boutique en ligne<\/p>","protected":false},"author":1,"featured_media":959,"parent":0,"menu_order":0,"comment_status":"closed","ping_status":"closed","template":"","meta":{"om_disable_all_campaigns":false,"_monsterinsights_skip_tracking":false,"_monsterinsights_sitenote_active":false,"_monsterinsights_sitenote_note":"","_monsterinsights_sitenote_category":0,"_uf_show_specific_survey":0,"_uf_disable_surveys":false,"footnotes":""},"class_list":["post-7","page","type-page","status-publish","has-post-thumbnail","hentry"],"yoast_head":"<!-- This site is optimized with the Yoast SEO plugin v25.9 - https:\/\/yoast.com\/wordpress\/plugins\/seo\/ -->\n<title>Boutique<\/title>\n<meta name=\"description\" content=\"D\u00e9couvrez notre boutique en ligne! Portefeuilles pour le poignet, v\u00eatements et accessoires pour b\u00e9b\u00e9s et enfants.\" \/>\n<meta name=\"robots\" content=\"index, follow, max-snippet:-1, max-image-preview:large, max-video-preview:-1\" \/>\n<link rel=\"canonical\" href=\"https:\/\/creationskwala.com\/en\/boutique\/\" \/>\n<link rel=\"next\" href=\"https:\/\/creationskwala.com\/boutique\/2\/\" \/>\n<meta property=\"og:locale\" content=\"en_US\" \/>\n<meta property=\"og:type\" content=\"article\" \/>\n<meta property=\"og:title\" content=\"Boutique\" \/>\n<meta property=\"og:description\" content=\"D\u00e9couvrez notre boutique en ligne! Portefeuilles pour le poignet, v\u00eatements et accessoires pour b\u00e9b\u00e9s et enfants.\" \/>\n<meta property=\"og:url\" content=\"https:\/\/creationskwala.com\/en\/boutique\/\" \/>\n<meta property=\"article:publisher\" content=\"https:\/\/www.facebook.com\/creationskwala\" \/>\n<meta property=\"article:modified_time\" content=\"2025-02-21T20:07:10+00:00\" \/>\n<meta property=\"og:image\" content=\"https:\/\/creationskwala.com\/wp-content\/uploads\/2025\/01\/LOGO-K-site.png\" \/>\n\t<meta property=\"og:image:width\" content=\"512\" \/>\n\t<meta property=\"og:image:height\" content=\"512\" \/>\n\t<meta property=\"og:image:type\" content=\"image\/png\" \/>\n<meta name=\"twitter:card\" content=\"summary_large_image\" \/>\n<meta name=\"twitter:label1\" content=\"Est. reading time\" \/>\n\t<meta name=\"twitter:data1\" content=\"1 minute\" \/>\n<script type=\"application\/ld+json\" class=\"yoast-schema-graph\">{\"@context\":\"https:\/\/schema.org\",\"@graph\":[{\"@type\":\"WebPage\",\"@id\":\"https:\/\/creationskwala.com\/boutique\/\",\"url\":\"https:\/\/creationskwala.com\/boutique\/\",\"name\":\"Boutique\",\"isPartOf\":{\"@id\":\"https:\/\/creationskwala.com\/#website\"},\"primaryImageOfPage\":{\"@id\":\"https:\/\/creationskwala.com\/boutique\/#primaryimage\"},\"image\":{\"@id\":\"https:\/\/creationskwala.com\/boutique\/#primaryimage\"},\"thumbnailUrl\":\"https:\/\/creationskwala.com\/wp-content\/uploads\/2025\/01\/LOGO-K-site.png\",\"datePublished\":\"2023-07-13T16:05:55+00:00\",\"dateModified\":\"2025-02-21T20:07:10+00:00\",\"description\":\"D\u00e9couvrez notre boutique en ligne! Portefeuilles pour le poignet, v\u00eatements et accessoires pour b\u00e9b\u00e9s et enfants.\",\"inLanguage\":\"en-CA\",\"potentialAction\":[{\"@type\":\"ReadAction\",\"target\":[\"https:\/\/creationskwala.com\/boutique\/\"]}]},{\"@type\":\"ImageObject\",\"inLanguage\":\"en-CA\",\"@id\":\"https:\/\/creationskwala.com\/boutique\/#primaryimage\",\"url\":\"https:\/\/creationskwala.com\/wp-content\/uploads\/2025\/01\/LOGO-K-site.png\",\"contentUrl\":\"https:\/\/creationskwala.com\/wp-content\/uploads\/2025\/01\/LOGO-K-site.png\",\"width\":512,\"height\":512,\"caption\":\"Boutique\"},{\"@type\":\"WebSite\",\"@id\":\"https:\/\/creationskwala.com\/#website\",\"url\":\"https:\/\/creationskwala.com\/\",\"name\":\"Cr\u00e9ations Kwala - Portefeuilles pour le poignet et v\u00eatements Qu\u00e9becois\",\"description\":\"V\u00eatements et accessoires\",\"publisher\":{\"@id\":\"https:\/\/creationskwala.com\/#organization\"},\"potentialAction\":[{\"@type\":\"SearchAction\",\"target\":{\"@type\":\"EntryPoint\",\"urlTemplate\":\"https:\/\/creationskwala.com\/?s={search_term_string}\"},\"query-input\":{\"@type\":\"PropertyValueSpecification\",\"valueRequired\":true,\"valueName\":\"search_term_string\"}}],\"inLanguage\":\"en-CA\"},{\"@type\":\"Organization\",\"@id\":\"https:\/\/creationskwala.com\/#organization\",\"name\":\"Cr\u00e9ations Kwala\",\"url\":\"https:\/\/creationskwala.com\/\",\"logo\":{\"@type\":\"ImageObject\",\"inLanguage\":\"en-CA\",\"@id\":\"https:\/\/creationskwala.com\/#\/schema\/logo\/image\/\",\"url\":\"https:\/\/creationskwala.com\/wp-content\/uploads\/2025\/01\/LOGO-K-site.png\",\"contentUrl\":\"https:\/\/creationskwala.com\/wp-content\/uploads\/2025\/01\/LOGO-K-site.png\",\"width\":512,\"height\":512,\"caption\":\"Cr\u00e9ations Kwala\"},\"image\":{\"@id\":\"https:\/\/creationskwala.com\/#\/schema\/logo\/image\/\"},\"sameAs\":[\"https:\/\/www.facebook.com\/creationskwala\"]}]}<\/script>\n<!-- \/ Yoast SEO plugin. -->","yoast_head_json":{"title":"Shop","description":"D\u00e9couvrez notre boutique en ligne! Portefeuilles pour le poignet, v\u00eatements et accessoires pour b\u00e9b\u00e9s et enfants.","robots":{"index":"index","follow":"follow","max-snippet":"max-snippet:-1","max-image-preview":"max-image-preview:large","max-video-preview":"max-video-preview:-1"},"canonical":"https:\/\/creationskwala.com\/en\/boutique\/","next":"https:\/\/creationskwala.com\/boutique\/2\/","og_locale":"en_US","og_type":"article","og_title":"Boutique","og_description":"D\u00e9couvrez notre boutique en ligne! Portefeuilles pour le poignet, v\u00eatements et accessoires pour b\u00e9b\u00e9s et enfants.","og_url":"https:\/\/creationskwala.com\/en\/boutique\/","article_publisher":"https:\/\/www.facebook.com\/creationskwala","article_modified_time":"2025-02-21T20:07:10+00:00","og_image":[{"width":512,"height":512,"url":"https:\/\/creationskwala.com\/wp-content\/uploads\/2025\/01\/LOGO-K-site.png","type":"image\/png"}],"twitter_card":"summary_large_image","twitter_misc":{"Est. reading time":"1 minute"},"schema":{"@context":"https:\/\/schema.org","@graph":[{"@type":"WebPage","@id":"https:\/\/creationskwala.com\/boutique\/","url":"https:\/\/creationskwala.com\/boutique\/","name":"Shop","isPartOf":{"@id":"https:\/\/creationskwala.com\/#website"},"primaryImageOfPage":{"@id":"https:\/\/creationskwala.com\/boutique\/#primaryimage"},"image":{"@id":"https:\/\/creationskwala.com\/boutique\/#primaryimage"},"thumbnailUrl":"https:\/\/creationskwala.com\/wp-content\/uploads\/2025\/01\/LOGO-K-site.png","datePublished":"2023-07-13T16:05:55+00:00","dateModified":"2025-02-21T20:07:10+00:00","description":"D\u00e9couvrez notre boutique en ligne! Portefeuilles pour le poignet, v\u00eatements et accessoires pour b\u00e9b\u00e9s et enfants.","inLanguage":"en-CA","potentialAction":[{"@type":"ReadAction","target":["https:\/\/creationskwala.com\/boutique\/"]}]},{"@type":"ImageObject","inLanguage":"en-CA","@id":"https:\/\/creationskwala.com\/boutique\/#primaryimage","url":"https:\/\/creationskwala.com\/wp-content\/uploads\/2025\/01\/LOGO-K-site.png","contentUrl":"https:\/\/creationskwala.com\/wp-content\/uploads\/2025\/01\/LOGO-K-site.png","width":512,"height":512,"caption":"Boutique"},{"@type":"WebSite","@id":"https:\/\/creationskwala.com\/#website","url":"https:\/\/creationskwala.com\/","name":"Cr\u00e9ations Kwala - Portefeuilles pour le poignet et v\u00eatements Qu\u00e9becois","description":"Apparel et Accessories","publisher":{"@id":"https:\/\/creationskwala.com\/#organization"},"potentialAction":[{"@type":"SearchAction","target":{"@type":"EntryPoint","urlTemplate":"https:\/\/creationskwala.com\/?s={search_term_string}"},"query-input":{"@type":"PropertyValueSpecification","valueRequired":true,"valueName":"search_term_string"}}],"inLanguage":"en-CA"},{"@type":"Organization","@id":"https:\/\/creationskwala.com\/#organization","name":"Cr\u00e9ations Kwala","url":"https:\/\/creationskwala.com\/","logo":{"@type":"ImageObject","inLanguage":"en-CA","@id":"https:\/\/creationskwala.com\/#\/schema\/logo\/image\/","url":"https:\/\/creationskwala.com\/wp-content\/uploads\/2025\/01\/LOGO-K-site.png","contentUrl":"https:\/\/creationskwala.com\/wp-content\/uploads\/2025\/01\/LOGO-K-site.png","width":512,"height":512,"caption":"Cr\u00e9ations Kwala"},"image":{"@id":"https:\/\/creationskwala.com\/#\/schema\/logo\/image\/"},"sameAs":["https:\/\/www.facebook.com\/creationskwala"]}]}},"jetpack_sharing_enabled":true,"_links":{"self":[{"href":"https:\/\/creationskwala.com\/en\/wp-json\/wp\/v2\/pages\/7","targetHints":{"allow":["GET"]}}],"collection":[{"href":"https:\/\/creationskwala.com\/en\/wp-json\/wp\/v2\/pages"}],"about":[{"href":"https:\/\/creationskwala.com\/en\/wp-json\/wp\/v2\/types\/page"}],"author":[{"embeddable":true,"href":"https:\/\/creationskwala.com\/en\/wp-json\/wp\/v2\/users\/1"}],"replies":[{"embeddable":true,"href":"https:\/\/creationskwala.com\/en\/wp-json\/wp\/v2\/comments?post=7"}],"version-history":[{"count":22,"href":"https:\/\/creationskwala.com\/en\/wp-json\/wp\/v2\/pages\/7\/revisions"}],"predecessor-version":[{"id":1163,"href":"https:\/\/creationskwala.com\/en\/wp-json\/wp\/v2\/pages\/7\/revisions\/1163"}],"wp:featuredmedia":[{"embeddable":true,"href":"https:\/\/creationskwala.com\/en\/wp-json\/wp\/v2\/media\/959"}],"wp:attachment":[{"href":"https:\/\/creationskwala.com\/en\/wp-json\/wp\/v2\/media?parent=7"}],"curies":[{"name":"wp","href":"https:\/\/api.w.org\/{rel}","templated":true}]}}