{"id":1188,"date":"2025-05-15T13:23:49","date_gmt":"2025-05-15T17:23:49","guid":{"rendered":"https:\/\/creationskwala.com\/?post_type=product&#038;p=1188"},"modified":"2025-12-09T11:21:50","modified_gmt":"2025-12-09T16:21:50","slug":"portefeuille-poignet-tete-de-cheval","status":"publish","type":"product","link":"https:\/\/creationskwala.com\/en\/product\/portefeuille-poignet-tete-de-cheval\/","title":{"rendered":"Wristlet Wallet horse head"},"content":{"rendered":"<p><strong>Portefeuille<\/strong> pour le poignet avec 2 <strong>pochettes<\/strong> pour mettre cartes, monnaies et plus. <strong>Motif t\u00eate de cheval\u00a0\u00a0<\/strong><\/p>\n<p>Ce <strong>portefeuille<\/strong> pratique et \u00e9l\u00e9gant est un accessoire incontournable \u00e0 avoir sur votre poignet lors de vos sorties quotidiennes ou de vos sessions de magasinage.<\/p>\n<p>Con\u00e7u pour \u00eatre polyvalent, il se rendra indispensable dans toutes vos activit\u00e9s.<\/p>\n<p>Que vous partiez en randonn\u00e9e, fassiez vos courses \u00e0 l&rsquo;\u00e9picerie, ou profitez d&rsquo;une agr\u00e9able promenade avec votre <strong>chien<\/strong> (id\u00e9al pour y glisser des sacs \u00e0 crottes dans l&rsquo;une de ses poches)<\/p>\n<p>Il r\u00e9pondra \u00e0 tous vos besoins! Sorties en bateau, en planche \u00e0 pagaie, \u00e0 la plage, et bien plus encore, ce <strong>portefeuille cheval<\/strong> vous offre une commodit\u00e9 sans pareille, o\u00f9 que vous soyez.<\/p>\n<p>Il vous arrive parfois de vous retrouver sans poche dans votre pantalon, ou simplement de porter une robe sans endroit o\u00f9 glisser vos essentiels ?<\/p>\n<p>Il devient alors votre solution id\u00e9ale, une v\u00e9ritable &lsquo;poche&rsquo; portable qui vous accompagne partout, alliant praticit\u00e9 et style.<\/p>\n<p>Ne laissez pas passer cette chance d&rsquo;avoir un accessoire aussi pratique \u00e0 port\u00e9e de main !<\/p>\n<p>Commandez d\u00e8s maintenant et vous verrez \u00e0 quel point ce <strong>portefeuille motif t\u00eate de cheval<\/strong> vous simplifiera la vie.<\/p>\n<p>D\u00e9couvrez d&rsquo;autres mod\u00e8les ici : <a href=\"https:\/\/creationskwala.com\/en\/product-category\/portefeuille-poignet\/\">https:\/\/creationskwala.com\/categorie-produit\/portefeuille-poignet\/<\/a><\/p>\n<p>Des fleurs, des animaux et autres avec une multitude de couleurs disponibles, pour satisfaire tous les go\u00fbts.<\/p>","protected":false},"excerpt":{"rendered":"<p><strong>Portefeuille<\/strong> pour le poignet avec 2 poches pour mettre cartes, monnaies et plus avec motif de<strong> cheval<\/strong>.<\/p>\n<p><strong>Petit<\/strong>: Taille de poignet de 14 cm \u00e0 17 cm<\/p>\n<p><strong>Standard<\/strong> : Taille de poignet de 18 cm \u00e0 23 cm<\/p>","protected":false},"featured_media":1191,"template":"","meta":{"om_disable_all_campaigns":false,"_monsterinsights_skip_tracking":false,"_monsterinsights_sitenote_active":false,"_monsterinsights_sitenote_note":"","_monsterinsights_sitenote_category":0,"_uf_show_specific_survey":0,"_uf_disable_surveys":false},"product_brand":[],"product_cat":[22],"product_tag":[33,36,34,120,25,24],"class_list":{"0":"post-1188","1":"product","2":"type-product","3":"status-publish","4":"has-post-thumbnail","6":"product_cat-portefeuille-poignet","7":"product_tag-bleu","8":"product_tag-cheval","9":"product_tag-chevaux","10":"product_tag-pochette","11":"product_tag-poignet","12":"product_tag-portefeuille","13":"product_shipping_class-standard","15":"first","16":"outofstock","17":"shipping-taxable","18":"purchasable","19":"product-type-variable"},"yoast_head":"<!-- This site is optimized with the Yoast SEO plugin v25.9 - https:\/\/yoast.com\/wordpress\/plugins\/seo\/ -->\n<title>Accessoire tendance : portefeuille pour poignet motif t\u00eate de cheval<\/title>\n<meta name=\"description\" content=\"Votre incontournable pour vous sentir encore plus libre. Mettez \u00e0 votre poignet ce portefeuille motif t\u00eate de cheval indispensable lors de vos sorties.\" \/>\n<meta name=\"robots\" content=\"index, follow, max-snippet:-1, max-image-preview:large, max-video-preview:-1\" \/>\n<link rel=\"canonical\" href=\"https:\/\/creationskwala.com\/en\/product\/portefeuille-poignet-tete-de-cheval\/\" \/>\n<meta property=\"og:locale\" content=\"en_US\" \/>\n<meta property=\"og:type\" content=\"article\" \/>\n<meta property=\"og:title\" content=\"Accessoire tendance : portefeuille pour poignet motif t\u00eate de cheval\" \/>\n<meta property=\"og:description\" content=\"Votre incontournable pour vous sentir encore plus libre. Mettez \u00e0 votre poignet ce portefeuille motif t\u00eate de cheval indispensable lors de vos sorties.\" \/>\n<meta property=\"og:url\" content=\"https:\/\/creationskwala.com\/en\/product\/portefeuille-poignet-tete-de-cheval\/\" \/>\n<meta property=\"article:publisher\" content=\"https:\/\/www.facebook.com\/creationskwala\" \/>\n<meta property=\"article:modified_time\" content=\"2025-12-09T16:21:50+00:00\" \/>\n<meta property=\"og:image\" content=\"https:\/\/creationskwala.com\/wp-content\/uploads\/2025\/05\/Portefeuille-poignet-cheval-brun.jpg\" \/>\n\t<meta property=\"og:image:width\" content=\"500\" \/>\n\t<meta property=\"og:image:height\" content=\"500\" \/>\n\t<meta property=\"og:image:type\" content=\"image\/jpeg\" \/>\n<meta name=\"twitter:card\" content=\"summary_large_image\" \/>\n<meta name=\"twitter:label1\" content=\"Est. reading time\" \/>\n\t<meta name=\"twitter:data1\" content=\"2 minutes\" \/>\n<script type=\"application\/ld+json\" class=\"yoast-schema-graph\">{\"@context\":\"https:\/\/schema.org\",\"@graph\":[{\"@type\":\"WebPage\",\"@id\":\"https:\/\/creationskwala.com\/produit\/portefeuille-poignet-tete-de-cheval\/\",\"url\":\"https:\/\/creationskwala.com\/produit\/portefeuille-poignet-tete-de-cheval\/\",\"name\":\"Accessoire tendance : portefeuille pour poignet motif t\u00eate de cheval\",\"isPartOf\":{\"@id\":\"https:\/\/creationskwala.com\/#website\"},\"primaryImageOfPage\":{\"@id\":\"https:\/\/creationskwala.com\/produit\/portefeuille-poignet-tete-de-cheval\/#primaryimage\"},\"image\":{\"@id\":\"https:\/\/creationskwala.com\/produit\/portefeuille-poignet-tete-de-cheval\/#primaryimage\"},\"thumbnailUrl\":\"https:\/\/creationskwala.com\/wp-content\/uploads\/2025\/05\/Portefeuille-poignet-cheval-brun.jpg\",\"datePublished\":\"2025-05-15T17:23:49+00:00\",\"dateModified\":\"2025-12-09T16:21:50+00:00\",\"description\":\"Votre incontournable pour vous sentir encore plus libre. Mettez \u00e0 votre poignet ce portefeuille motif t\u00eate de cheval indispensable lors de vos sorties.\",\"breadcrumb\":{\"@id\":\"https:\/\/creationskwala.com\/produit\/portefeuille-poignet-tete-de-cheval\/#breadcrumb\"},\"inLanguage\":\"en-CA\",\"potentialAction\":[{\"@type\":\"ReadAction\",\"target\":[\"https:\/\/creationskwala.com\/produit\/portefeuille-poignet-tete-de-cheval\/\"]}]},{\"@type\":\"ImageObject\",\"inLanguage\":\"en-CA\",\"@id\":\"https:\/\/creationskwala.com\/produit\/portefeuille-poignet-tete-de-cheval\/#primaryimage\",\"url\":\"https:\/\/creationskwala.com\/wp-content\/uploads\/2025\/05\/Portefeuille-poignet-cheval-brun.jpg\",\"contentUrl\":\"https:\/\/creationskwala.com\/wp-content\/uploads\/2025\/05\/Portefeuille-poignet-cheval-brun.jpg\",\"width\":500,\"height\":500,\"caption\":\"Portefeuille poignet t\u00eate de cheval\"},{\"@type\":\"BreadcrumbList\",\"@id\":\"https:\/\/creationskwala.com\/produit\/portefeuille-poignet-tete-de-cheval\/#breadcrumb\",\"itemListElement\":[{\"@type\":\"ListItem\",\"position\":1,\"name\":\"Accueil\",\"item\":\"https:\/\/creationskwala.com\/\"},{\"@type\":\"ListItem\",\"position\":2,\"name\":\"Boutique\",\"item\":\"https:\/\/creationskwala.com\/boutique\/\"},{\"@type\":\"ListItem\",\"position\":3,\"name\":\"Portefeuille poignet t\u00eate de cheval\"}]},{\"@type\":\"WebSite\",\"@id\":\"https:\/\/creationskwala.com\/#website\",\"url\":\"https:\/\/creationskwala.com\/\",\"name\":\"Cr\u00e9ations Kwala - Portefeuilles pour le poignet et v\u00eatements Qu\u00e9becois\",\"description\":\"V\u00eatements et accessoires\",\"publisher\":{\"@id\":\"https:\/\/creationskwala.com\/#organization\"},\"potentialAction\":[{\"@type\":\"SearchAction\",\"target\":{\"@type\":\"EntryPoint\",\"urlTemplate\":\"https:\/\/creationskwala.com\/?s={search_term_string}\"},\"query-input\":{\"@type\":\"PropertyValueSpecification\",\"valueRequired\":true,\"valueName\":\"search_term_string\"}}],\"inLanguage\":\"en-CA\"},{\"@type\":\"Organization\",\"@id\":\"https:\/\/creationskwala.com\/#organization\",\"name\":\"Cr\u00e9ations Kwala\",\"url\":\"https:\/\/creationskwala.com\/\",\"logo\":{\"@type\":\"ImageObject\",\"inLanguage\":\"en-CA\",\"@id\":\"https:\/\/creationskwala.com\/#\/schema\/logo\/image\/\",\"url\":\"https:\/\/creationskwala.com\/wp-content\/uploads\/2025\/01\/LOGO-K-site.png\",\"contentUrl\":\"https:\/\/creationskwala.com\/wp-content\/uploads\/2025\/01\/LOGO-K-site.png\",\"width\":512,\"height\":512,\"caption\":\"Cr\u00e9ations Kwala\"},\"image\":{\"@id\":\"https:\/\/creationskwala.com\/#\/schema\/logo\/image\/\"},\"sameAs\":[\"https:\/\/www.facebook.com\/creationskwala\"]}]}<\/script>\n<!-- \/ Yoast SEO plugin. -->","yoast_head_json":{"title":"Accessoire tendance : portefeuille pour poignet motif t\u00eate de cheval","description":"Votre incontournable pour vous sentir encore plus libre. Mettez \u00e0 votre poignet ce portefeuille motif t\u00eate de cheval indispensable lors de vos sorties.","robots":{"index":"index","follow":"follow","max-snippet":"max-snippet:-1","max-image-preview":"max-image-preview:large","max-video-preview":"max-video-preview:-1"},"canonical":"https:\/\/creationskwala.com\/en\/product\/portefeuille-poignet-tete-de-cheval\/","og_locale":"en_US","og_type":"article","og_title":"Accessoire tendance : portefeuille pour poignet motif t\u00eate de cheval","og_description":"Votre incontournable pour vous sentir encore plus libre. Mettez \u00e0 votre poignet ce portefeuille motif t\u00eate de cheval indispensable lors de vos sorties.","og_url":"https:\/\/creationskwala.com\/en\/product\/portefeuille-poignet-tete-de-cheval\/","article_publisher":"https:\/\/www.facebook.com\/creationskwala","article_modified_time":"2025-12-09T16:21:50+00:00","og_image":[{"width":500,"height":500,"url":"https:\/\/creationskwala.com\/wp-content\/uploads\/2025\/05\/Portefeuille-poignet-cheval-brun.jpg","type":"image\/jpeg"}],"twitter_card":"summary_large_image","twitter_misc":{"Est. reading time":"2 minutes"},"schema":{"@context":"https:\/\/schema.org","@graph":[{"@type":"WebPage","@id":"https:\/\/creationskwala.com\/produit\/portefeuille-poignet-tete-de-cheval\/","url":"https:\/\/creationskwala.com\/produit\/portefeuille-poignet-tete-de-cheval\/","name":"Accessoire tendance : portefeuille pour poignet motif t\u00eate de cheval","isPartOf":{"@id":"https:\/\/creationskwala.com\/#website"},"primaryImageOfPage":{"@id":"https:\/\/creationskwala.com\/produit\/portefeuille-poignet-tete-de-cheval\/#primaryimage"},"image":{"@id":"https:\/\/creationskwala.com\/produit\/portefeuille-poignet-tete-de-cheval\/#primaryimage"},"thumbnailUrl":"https:\/\/creationskwala.com\/wp-content\/uploads\/2025\/05\/Portefeuille-poignet-cheval-brun.jpg","datePublished":"2025-05-15T17:23:49+00:00","dateModified":"2025-12-09T16:21:50+00:00","description":"Votre incontournable pour vous sentir encore plus libre. Mettez \u00e0 votre poignet ce portefeuille motif t\u00eate de cheval indispensable lors de vos sorties.","breadcrumb":{"@id":"https:\/\/creationskwala.com\/produit\/portefeuille-poignet-tete-de-cheval\/#breadcrumb"},"inLanguage":"en-CA","potentialAction":[{"@type":"ReadAction","target":["https:\/\/creationskwala.com\/produit\/portefeuille-poignet-tete-de-cheval\/"]}]},{"@type":"ImageObject","inLanguage":"en-CA","@id":"https:\/\/creationskwala.com\/produit\/portefeuille-poignet-tete-de-cheval\/#primaryimage","url":"https:\/\/creationskwala.com\/wp-content\/uploads\/2025\/05\/Portefeuille-poignet-cheval-brun.jpg","contentUrl":"https:\/\/creationskwala.com\/wp-content\/uploads\/2025\/05\/Portefeuille-poignet-cheval-brun.jpg","width":500,"height":500,"caption":"Portefeuille poignet t\u00eate de cheval"},{"@type":"BreadcrumbList","@id":"https:\/\/creationskwala.com\/produit\/portefeuille-poignet-tete-de-cheval\/#breadcrumb","itemListElement":[{"@type":"ListItem","position":1,"name":"Accueil","item":"https:\/\/creationskwala.com\/"},{"@type":"ListItem","position":2,"name":"Boutique","item":"https:\/\/creationskwala.com\/boutique\/"},{"@type":"ListItem","position":3,"name":"Portefeuille poignet t\u00eate de cheval"}]},{"@type":"WebSite","@id":"https:\/\/creationskwala.com\/#website","url":"https:\/\/creationskwala.com\/","name":"Cr\u00e9ations Kwala - Portefeuilles pour le poignet et v\u00eatements Qu\u00e9becois","description":"Apparel et Accessories","publisher":{"@id":"https:\/\/creationskwala.com\/#organization"},"potentialAction":[{"@type":"SearchAction","target":{"@type":"EntryPoint","urlTemplate":"https:\/\/creationskwala.com\/?s={search_term_string}"},"query-input":{"@type":"PropertyValueSpecification","valueRequired":true,"valueName":"search_term_string"}}],"inLanguage":"en-CA"},{"@type":"Organization","@id":"https:\/\/creationskwala.com\/#organization","name":"Cr\u00e9ations Kwala","url":"https:\/\/creationskwala.com\/","logo":{"@type":"ImageObject","inLanguage":"en-CA","@id":"https:\/\/creationskwala.com\/#\/schema\/logo\/image\/","url":"https:\/\/creationskwala.com\/wp-content\/uploads\/2025\/01\/LOGO-K-site.png","contentUrl":"https:\/\/creationskwala.com\/wp-content\/uploads\/2025\/01\/LOGO-K-site.png","width":512,"height":512,"caption":"Cr\u00e9ations Kwala"},"image":{"@id":"https:\/\/creationskwala.com\/#\/schema\/logo\/image\/"},"sameAs":["https:\/\/www.facebook.com\/creationskwala"]}]}},"jetpack_sharing_enabled":true,"_links":{"self":[{"href":"https:\/\/creationskwala.com\/en\/wp-json\/wp\/v2\/product\/1188","targetHints":{"allow":["GET"]}}],"collection":[{"href":"https:\/\/creationskwala.com\/en\/wp-json\/wp\/v2\/product"}],"about":[{"href":"https:\/\/creationskwala.com\/en\/wp-json\/wp\/v2\/types\/product"}],"wp:featuredmedia":[{"embeddable":true,"href":"https:\/\/creationskwala.com\/en\/wp-json\/wp\/v2\/media\/1191"}],"wp:attachment":[{"href":"https:\/\/creationskwala.com\/en\/wp-json\/wp\/v2\/media?parent=1188"}],"wp:term":[{"taxonomy":"product_brand","embeddable":true,"href":"https:\/\/creationskwala.com\/en\/wp-json\/wp\/v2\/product_brand?post=1188"},{"taxonomy":"product_cat","embeddable":true,"href":"https:\/\/creationskwala.com\/en\/wp-json\/wp\/v2\/product_cat?post=1188"},{"taxonomy":"product_tag","embeddable":true,"href":"https:\/\/creationskwala.com\/en\/wp-json\/wp\/v2\/product_tag?post=1188"}],"curies":[{"name":"wp","href":"https:\/\/api.w.org\/{rel}","templated":true}]}}