{"id":124,"date":"2024-01-08T11:46:21","date_gmt":"2024-01-08T16:46:21","guid":{"rendered":"https:\/\/creationskwala.com\/?post_type=product&#038;p=124"},"modified":"2025-12-09T11:32:00","modified_gmt":"2025-12-09T16:32:00","slug":"portefeuille-poignet-raye","status":"publish","type":"product","link":"https:\/\/creationskwala.com\/en\/product\/portefeuille-poignet-raye\/","title":{"rendered":"Wristlet Wallet striped"},"content":{"rendered":"<p><strong>Portefeuille<\/strong> pour le poignet avec 2 <strong>pochettes<\/strong> pour mettre cartes, monnaies et plus. <strong>Motif ray\u00e9\u00a0<\/strong> (L\u2019image du produit envoy\u00e9 peux \u00eatre l\u00e9g\u00e8rement diff\u00e9rente que celle illustr\u00e9e)<\/p>\n<p>Ce <strong>portefeuille<\/strong> pratique et \u00e9l\u00e9gant est un accessoire incontournable \u00e0 avoir sur votre poignet lors de vos sorties quotidiennes ou de vos sessions de magasinage.<\/p>\n<p>Con\u00e7u pour \u00eatre polyvalent, il se rendra indispensable dans toutes vos activit\u00e9s.<\/p>\n<p>Que vous partiez en randonn\u00e9e, fassiez vos courses \u00e0 l&rsquo;\u00e9picerie, ou profitez d&rsquo;une agr\u00e9able promenade avec votre <strong>chien<\/strong> (id\u00e9al pour y glisser des sacs \u00e0 crottes dans l&rsquo;une de ses poches)<\/p>\n<p>Il r\u00e9pondra \u00e0 tous vos besoins! Sorties en bateau, en planche \u00e0 pagaie, \u00e0 la plage, et bien plus encore, ce <strong>portefeuille ray\u00e9<\/strong> vous offre une commodit\u00e9 sans pareille, o\u00f9 que vous soyez.<\/p>\n<p>Il vous arrive parfois de vous retrouver sans poche dans votre pantalon, ou simplement de porter une robe sans endroit o\u00f9 glisser vos essentiels ?<\/p>\n<p>Il devient alors votre solution id\u00e9ale, une v\u00e9ritable &lsquo;poche&rsquo; portable qui vous accompagne partout, alliant praticit\u00e9 et style.<\/p>\n<p>Ne laissez pas passer cette chance d&rsquo;avoir un accessoire aussi pratique \u00e0 port\u00e9e de main !<\/p>\n<p>Commandez d\u00e8s maintenant et vous verrez \u00e0 quel point ce <strong>portefeuille ray\u00e9<\/strong> vous simplifiera la vie.<\/p>\n<p>D\u00e9couvrez d&rsquo;autres mod\u00e8les ici : <a href=\"https:\/\/creationskwala.com\/en\/product-category\/portefeuille-poignet\/\">https:\/\/creationskwala.com\/categorie-produit\/portefeuille-poignet\/<\/a><\/p>\n<p>Des fleurs, des animaux et autres avec une multitude de couleurs disponibles, pour satisfaire tous les go\u00fbts.<\/p>","protected":false},"excerpt":{"rendered":"<p><strong>Portefeuille<\/strong> pour le poignet avec 2 poches pour mettre cartes, monnaies et plus avec motif <strong>ray\u00e9<\/strong>.<\/p>\n<p><strong>Bambin<\/strong> : Taille de poignet de 10 cm \u00e0 13 cm<\/p>\n<p><strong>Petit<\/strong> : Taille de poignet de 14 cm \u00e0 17 cm<\/p>\n<p><strong>Standard<\/strong> : Taille de poignet de 18 cm \u00e0 23 cm<\/p>","protected":false},"featured_media":1157,"template":"","meta":{"om_disable_all_campaigns":false,"_monsterinsights_skip_tracking":false,"_monsterinsights_sitenote_active":false,"_monsterinsights_sitenote_note":"","_monsterinsights_sitenote_category":0,"_uf_show_specific_survey":0,"_uf_disable_surveys":false},"product_brand":[],"product_cat":[22],"product_tag":[30,26,29,120,25,24,28],"class_list":{"0":"post-124","1":"product","2":"type-product","3":"status-publish","4":"has-post-thumbnail","6":"product_cat-portefeuille-poignet","7":"product_tag-blanc","8":"product_tag-noix-de-coco","9":"product_tag-pitaya","10":"product_tag-pochette","11":"product_tag-poignet","12":"product_tag-portefeuille","13":"product_tag-raye","14":"product_shipping_class-standard","16":"first","17":"outofstock","18":"shipping-taxable","19":"purchasable","20":"product-type-variable"},"yoast_head":"<!-- This site is optimized with the Yoast SEO plugin v25.9 - https:\/\/yoast.com\/wordpress\/plugins\/seo\/ -->\n<title>Accessoire tendance : portefeuille pour poignet motif ray\u00e9<\/title>\n<meta name=\"description\" content=\"Votre incontournable pour vous sentir encore plus libre. Mettez \u00e0 votre poignet ce portefeuille ray\u00e9 indispensable lors de vos sorties.\" \/>\n<meta name=\"robots\" content=\"index, follow, max-snippet:-1, max-image-preview:large, max-video-preview:-1\" \/>\n<link rel=\"canonical\" href=\"https:\/\/creationskwala.com\/en\/product\/portefeuille-poignet-raye\/\" \/>\n<meta property=\"og:locale\" content=\"en_US\" \/>\n<meta property=\"og:type\" content=\"article\" \/>\n<meta property=\"og:title\" content=\"Accessoire tendance : portefeuille pour poignet motif ray\u00e9\" \/>\n<meta property=\"og:description\" content=\"Votre incontournable pour vous sentir encore plus libre. Mettez \u00e0 votre poignet ce portefeuille ray\u00e9 indispensable lors de vos sorties.\" \/>\n<meta property=\"og:url\" content=\"https:\/\/creationskwala.com\/en\/product\/portefeuille-poignet-raye\/\" \/>\n<meta property=\"article:publisher\" content=\"https:\/\/www.facebook.com\/creationskwala\" \/>\n<meta property=\"article:modified_time\" content=\"2025-12-09T16:32:00+00:00\" \/>\n<meta property=\"og:image\" content=\"https:\/\/creationskwala.com\/wp-content\/uploads\/2024\/01\/Portefeuille-poignet-raye.jpg\" \/>\n\t<meta property=\"og:image:width\" content=\"500\" \/>\n\t<meta property=\"og:image:height\" content=\"500\" \/>\n\t<meta property=\"og:image:type\" content=\"image\/jpeg\" \/>\n<meta name=\"twitter:card\" content=\"summary_large_image\" \/>\n<meta name=\"twitter:label1\" content=\"Est. reading time\" \/>\n\t<meta name=\"twitter:data1\" content=\"2 minutes\" \/>\n<script type=\"application\/ld+json\" class=\"yoast-schema-graph\">{\"@context\":\"https:\/\/schema.org\",\"@graph\":[{\"@type\":\"WebPage\",\"@id\":\"https:\/\/creationskwala.com\/produit\/portefeuille-poignet-raye\/\",\"url\":\"https:\/\/creationskwala.com\/produit\/portefeuille-poignet-raye\/\",\"name\":\"Accessoire tendance : portefeuille pour poignet motif ray\u00e9\",\"isPartOf\":{\"@id\":\"https:\/\/creationskwala.com\/#website\"},\"primaryImageOfPage\":{\"@id\":\"https:\/\/creationskwala.com\/produit\/portefeuille-poignet-raye\/#primaryimage\"},\"image\":{\"@id\":\"https:\/\/creationskwala.com\/produit\/portefeuille-poignet-raye\/#primaryimage\"},\"thumbnailUrl\":\"https:\/\/creationskwala.com\/wp-content\/uploads\/2024\/01\/Portefeuille-poignet-raye.jpg\",\"datePublished\":\"2024-01-08T16:46:21+00:00\",\"dateModified\":\"2025-12-09T16:32:00+00:00\",\"description\":\"Votre incontournable pour vous sentir encore plus libre. Mettez \u00e0 votre poignet ce portefeuille ray\u00e9 indispensable lors de vos sorties.\",\"breadcrumb\":{\"@id\":\"https:\/\/creationskwala.com\/produit\/portefeuille-poignet-raye\/#breadcrumb\"},\"inLanguage\":\"en-CA\",\"potentialAction\":[{\"@type\":\"ReadAction\",\"target\":[\"https:\/\/creationskwala.com\/produit\/portefeuille-poignet-raye\/\"]}]},{\"@type\":\"ImageObject\",\"inLanguage\":\"en-CA\",\"@id\":\"https:\/\/creationskwala.com\/produit\/portefeuille-poignet-raye\/#primaryimage\",\"url\":\"https:\/\/creationskwala.com\/wp-content\/uploads\/2024\/01\/Portefeuille-poignet-raye.jpg\",\"contentUrl\":\"https:\/\/creationskwala.com\/wp-content\/uploads\/2024\/01\/Portefeuille-poignet-raye.jpg\",\"width\":500,\"height\":500,\"caption\":\"Portefeuille poignet ray\u00e9\"},{\"@type\":\"BreadcrumbList\",\"@id\":\"https:\/\/creationskwala.com\/produit\/portefeuille-poignet-raye\/#breadcrumb\",\"itemListElement\":[{\"@type\":\"ListItem\",\"position\":1,\"name\":\"Accueil\",\"item\":\"https:\/\/creationskwala.com\/\"},{\"@type\":\"ListItem\",\"position\":2,\"name\":\"Boutique\",\"item\":\"https:\/\/creationskwala.com\/boutique\/\"},{\"@type\":\"ListItem\",\"position\":3,\"name\":\"Portefeuille poignet ray\u00e9\"}]},{\"@type\":\"WebSite\",\"@id\":\"https:\/\/creationskwala.com\/#website\",\"url\":\"https:\/\/creationskwala.com\/\",\"name\":\"Cr\u00e9ations Kwala - Portefeuilles pour le poignet et v\u00eatements Qu\u00e9becois\",\"description\":\"V\u00eatements et accessoires\",\"publisher\":{\"@id\":\"https:\/\/creationskwala.com\/#organization\"},\"potentialAction\":[{\"@type\":\"SearchAction\",\"target\":{\"@type\":\"EntryPoint\",\"urlTemplate\":\"https:\/\/creationskwala.com\/?s={search_term_string}\"},\"query-input\":{\"@type\":\"PropertyValueSpecification\",\"valueRequired\":true,\"valueName\":\"search_term_string\"}}],\"inLanguage\":\"en-CA\"},{\"@type\":\"Organization\",\"@id\":\"https:\/\/creationskwala.com\/#organization\",\"name\":\"Cr\u00e9ations Kwala\",\"url\":\"https:\/\/creationskwala.com\/\",\"logo\":{\"@type\":\"ImageObject\",\"inLanguage\":\"en-CA\",\"@id\":\"https:\/\/creationskwala.com\/#\/schema\/logo\/image\/\",\"url\":\"https:\/\/creationskwala.com\/wp-content\/uploads\/2025\/01\/LOGO-K-site.png\",\"contentUrl\":\"https:\/\/creationskwala.com\/wp-content\/uploads\/2025\/01\/LOGO-K-site.png\",\"width\":512,\"height\":512,\"caption\":\"Cr\u00e9ations Kwala\"},\"image\":{\"@id\":\"https:\/\/creationskwala.com\/#\/schema\/logo\/image\/\"},\"sameAs\":[\"https:\/\/www.facebook.com\/creationskwala\"]}]}<\/script>\n<!-- \/ Yoast SEO plugin. -->","yoast_head_json":{"title":"Accessoire tendance : portefeuille pour poignet motif ray\u00e9","description":"Votre incontournable pour vous sentir encore plus libre. Mettez \u00e0 votre poignet ce portefeuille ray\u00e9 indispensable lors de vos sorties.","robots":{"index":"index","follow":"follow","max-snippet":"max-snippet:-1","max-image-preview":"max-image-preview:large","max-video-preview":"max-video-preview:-1"},"canonical":"https:\/\/creationskwala.com\/en\/product\/portefeuille-poignet-raye\/","og_locale":"en_US","og_type":"article","og_title":"Accessoire tendance : portefeuille pour poignet motif ray\u00e9","og_description":"Votre incontournable pour vous sentir encore plus libre. Mettez \u00e0 votre poignet ce portefeuille ray\u00e9 indispensable lors de vos sorties.","og_url":"https:\/\/creationskwala.com\/en\/product\/portefeuille-poignet-raye\/","article_publisher":"https:\/\/www.facebook.com\/creationskwala","article_modified_time":"2025-12-09T16:32:00+00:00","og_image":[{"width":500,"height":500,"url":"https:\/\/creationskwala.com\/wp-content\/uploads\/2024\/01\/Portefeuille-poignet-raye.jpg","type":"image\/jpeg"}],"twitter_card":"summary_large_image","twitter_misc":{"Est. reading time":"2 minutes"},"schema":{"@context":"https:\/\/schema.org","@graph":[{"@type":"WebPage","@id":"https:\/\/creationskwala.com\/produit\/portefeuille-poignet-raye\/","url":"https:\/\/creationskwala.com\/produit\/portefeuille-poignet-raye\/","name":"Accessoire tendance : portefeuille pour poignet motif ray\u00e9","isPartOf":{"@id":"https:\/\/creationskwala.com\/#website"},"primaryImageOfPage":{"@id":"https:\/\/creationskwala.com\/produit\/portefeuille-poignet-raye\/#primaryimage"},"image":{"@id":"https:\/\/creationskwala.com\/produit\/portefeuille-poignet-raye\/#primaryimage"},"thumbnailUrl":"https:\/\/creationskwala.com\/wp-content\/uploads\/2024\/01\/Portefeuille-poignet-raye.jpg","datePublished":"2024-01-08T16:46:21+00:00","dateModified":"2025-12-09T16:32:00+00:00","description":"Votre incontournable pour vous sentir encore plus libre. Mettez \u00e0 votre poignet ce portefeuille ray\u00e9 indispensable lors de vos sorties.","breadcrumb":{"@id":"https:\/\/creationskwala.com\/produit\/portefeuille-poignet-raye\/#breadcrumb"},"inLanguage":"en-CA","potentialAction":[{"@type":"ReadAction","target":["https:\/\/creationskwala.com\/produit\/portefeuille-poignet-raye\/"]}]},{"@type":"ImageObject","inLanguage":"en-CA","@id":"https:\/\/creationskwala.com\/produit\/portefeuille-poignet-raye\/#primaryimage","url":"https:\/\/creationskwala.com\/wp-content\/uploads\/2024\/01\/Portefeuille-poignet-raye.jpg","contentUrl":"https:\/\/creationskwala.com\/wp-content\/uploads\/2024\/01\/Portefeuille-poignet-raye.jpg","width":500,"height":500,"caption":"Portefeuille poignet ray\u00e9"},{"@type":"BreadcrumbList","@id":"https:\/\/creationskwala.com\/produit\/portefeuille-poignet-raye\/#breadcrumb","itemListElement":[{"@type":"ListItem","position":1,"name":"Accueil","item":"https:\/\/creationskwala.com\/"},{"@type":"ListItem","position":2,"name":"Boutique","item":"https:\/\/creationskwala.com\/boutique\/"},{"@type":"ListItem","position":3,"name":"Portefeuille poignet ray\u00e9"}]},{"@type":"WebSite","@id":"https:\/\/creationskwala.com\/#website","url":"https:\/\/creationskwala.com\/","name":"Cr\u00e9ations Kwala - Portefeuilles pour le poignet et v\u00eatements Qu\u00e9becois","description":"Apparel et Accessories","publisher":{"@id":"https:\/\/creationskwala.com\/#organization"},"potentialAction":[{"@type":"SearchAction","target":{"@type":"EntryPoint","urlTemplate":"https:\/\/creationskwala.com\/?s={search_term_string}"},"query-input":{"@type":"PropertyValueSpecification","valueRequired":true,"valueName":"search_term_string"}}],"inLanguage":"en-CA"},{"@type":"Organization","@id":"https:\/\/creationskwala.com\/#organization","name":"Cr\u00e9ations Kwala","url":"https:\/\/creationskwala.com\/","logo":{"@type":"ImageObject","inLanguage":"en-CA","@id":"https:\/\/creationskwala.com\/#\/schema\/logo\/image\/","url":"https:\/\/creationskwala.com\/wp-content\/uploads\/2025\/01\/LOGO-K-site.png","contentUrl":"https:\/\/creationskwala.com\/wp-content\/uploads\/2025\/01\/LOGO-K-site.png","width":512,"height":512,"caption":"Cr\u00e9ations Kwala"},"image":{"@id":"https:\/\/creationskwala.com\/#\/schema\/logo\/image\/"},"sameAs":["https:\/\/www.facebook.com\/creationskwala"]}]}},"jetpack_sharing_enabled":true,"_links":{"self":[{"href":"https:\/\/creationskwala.com\/en\/wp-json\/wp\/v2\/product\/124","targetHints":{"allow":["GET"]}}],"collection":[{"href":"https:\/\/creationskwala.com\/en\/wp-json\/wp\/v2\/product"}],"about":[{"href":"https:\/\/creationskwala.com\/en\/wp-json\/wp\/v2\/types\/product"}],"wp:featuredmedia":[{"embeddable":true,"href":"https:\/\/creationskwala.com\/en\/wp-json\/wp\/v2\/media\/1157"}],"wp:attachment":[{"href":"https:\/\/creationskwala.com\/en\/wp-json\/wp\/v2\/media?parent=124"}],"wp:term":[{"taxonomy":"product_brand","embeddable":true,"href":"https:\/\/creationskwala.com\/en\/wp-json\/wp\/v2\/product_brand?post=124"},{"taxonomy":"product_cat","embeddable":true,"href":"https:\/\/creationskwala.com\/en\/wp-json\/wp\/v2\/product_cat?post=124"},{"taxonomy":"product_tag","embeddable":true,"href":"https:\/\/creationskwala.com\/en\/wp-json\/wp\/v2\/product_tag?post=124"}],"curies":[{"name":"wp","href":"https:\/\/api.w.org\/{rel}","templated":true}]}}