{"id":1245,"date":"2025-05-21T17:45:57","date_gmt":"2025-05-21T21:45:57","guid":{"rendered":"https:\/\/creationskwala.com\/?post_type=product&#038;p=1245"},"modified":"2026-03-13T11:10:36","modified_gmt":"2026-03-13T15:10:36","slug":"wristlet-wallet","status":"publish","type":"product","link":"https:\/\/creationskwala.com\/en\/product\/wristlet-wallet\/","title":{"rendered":"Wristlet wallet"},"content":{"rendered":"<p><strong>Wristlet Wallet<\/strong> with two pockets for cards, coins, and more.<br \/>\nTurquoise floral pattern (Please note: actual product may slightly differ from the photo shown.)<\/p>\n<p>This practical and stylish wrist wallet is the must-have accessory for your everyday outings or shopping trips.<br \/>\nDesigned for versatility, it will quickly become essential in your daily life.<\/p>\n<p>Whether you\u2019re going for a hike, running errands, or enjoying a walk with your dog (perfect for tucking in poop bags in one of the pockets),<br \/>\nthis wallet has you covered!<br \/>\nGreat for boating, paddleboarding, beach days, and much more \u2014 this turquoise floral <strong>wristlet wallet<\/strong> offers unbeatable convenience wherever you go.<\/p>\n<p>No pockets in your pants? Wearing a dress with nowhere to put your essentials?<br \/>\nThis is your perfect solution \u2014 a portable \u201cpocket\u201d that keeps your must-haves close while keeping your look on point.<\/p>\n<p>Don\u2019t miss out on this ultra-handy accessory!<br \/>\nOrder yours today and discover how this turquoise floral wrist wallet will simplify your life.<\/p>\n<p>Explore more designs here:<br \/>\n<a href=\"https:\/\/creationskwala.com\/en\/product-category\/portefeuille-poignet\/\">https:\/\/creationskwala.com\/en\/product-category\/portefeuille-poignet\/<\/a><br \/>\nFlorals, animals, and more \u2014 a variety of colors and styles to suit every taste.<\/p>\n<p>&nbsp;<\/p>\n<p><strong>Your essential! Freer than ever<\/strong>.<\/p>\n<div class=\"wp-block-spacer\" aria-hidden=\"true\"><\/div>\n<p class=\"has-text-color\">Slip on this must-have wrist wallet for your outings or shopping trips. Carry your cards, coins, or even your keys in a smart and practical way&#8230;wherever you go.<\/p>","protected":false},"excerpt":{"rendered":"<p><strong>Wristlet wallet.<\/strong><\/p>\n<p><strong>Kids<\/strong> : Wrist size 10 cm to 13 cm<\/p>\n<p><strong>Small<\/strong> : Wrist size 14 cm to 17 cm<\/p>\n<p><strong>Standard<\/strong> : Wrist size 18 cm to 23 cm<\/p>","protected":false},"featured_media":1249,"template":"","meta":{"om_disable_all_campaigns":false,"_monsterinsights_skip_tracking":false,"_monsterinsights_sitenote_active":false,"_monsterinsights_sitenote_note":"","_monsterinsights_sitenote_category":0,"_uf_show_specific_survey":0,"_uf_disable_surveys":false},"product_brand":[],"product_cat":[22],"product_tag":[35,32,120,25,24,70,144],"class_list":{"0":"post-1245","1":"product","2":"type-product","3":"status-publish","4":"has-post-thumbnail","6":"product_cat-portefeuille-poignet","7":"product_tag-fleur","8":"product_tag-noir","9":"product_tag-pochette","10":"product_tag-poignet","11":"product_tag-portefeuille","12":"product_tag-turquoise","13":"product_tag-wristlet-wallet","14":"product_shipping_class-standard","16":"first","17":"instock","18":"shipping-taxable","19":"purchasable","20":"product-type-variable"},"yoast_head":"<!-- This site is optimized with the Yoast SEO plugin v25.9 - https:\/\/yoast.com\/wordpress\/plugins\/seo\/ -->\n<title>Wristlet wallet<\/title>\n<meta name=\"description\" content=\"Wristlet wallet : Slip on this must-have wrist wallet for your outings or shopping trips. Practical way...wherever you go.\" \/>\n<meta name=\"robots\" content=\"index, follow, max-snippet:-1, max-image-preview:large, max-video-preview:-1\" \/>\n<link rel=\"canonical\" href=\"https:\/\/creationskwala.com\/en\/product\/wristlet-wallet\/\" \/>\n<meta property=\"og:locale\" content=\"en_US\" \/>\n<meta property=\"og:type\" content=\"article\" \/>\n<meta property=\"og:title\" content=\"Wristlet wallet\" \/>\n<meta property=\"og:description\" content=\"Wristlet wallet : Slip on this must-have wrist wallet for your outings or shopping trips. Practical way...wherever you go.\" \/>\n<meta property=\"og:url\" content=\"https:\/\/creationskwala.com\/en\/product\/wristlet-wallet\/\" \/>\n<meta property=\"article:publisher\" content=\"https:\/\/www.facebook.com\/creationskwala\" \/>\n<meta property=\"article:modified_time\" content=\"2026-03-13T15:10:36+00:00\" \/>\n<meta property=\"og:image\" content=\"https:\/\/creationskwala.com\/wp-content\/uploads\/2025\/05\/Wristlet-wallet-turquoise.jpg\" \/>\n\t<meta property=\"og:image:width\" content=\"500\" \/>\n\t<meta property=\"og:image:height\" content=\"574\" \/>\n\t<meta property=\"og:image:type\" content=\"image\/jpeg\" \/>\n<meta name=\"twitter:card\" content=\"summary_large_image\" \/>\n<meta name=\"twitter:label1\" content=\"Est. reading time\" \/>\n\t<meta name=\"twitter:data1\" content=\"2 minutes\" \/>\n<script type=\"application\/ld+json\" class=\"yoast-schema-graph\">{\"@context\":\"https:\/\/schema.org\",\"@graph\":[{\"@type\":\"WebPage\",\"@id\":\"https:\/\/creationskwala.com\/produit\/wristlet-wallet\/\",\"url\":\"https:\/\/creationskwala.com\/produit\/wristlet-wallet\/\",\"name\":\"Wristlet wallet\",\"isPartOf\":{\"@id\":\"https:\/\/creationskwala.com\/#website\"},\"primaryImageOfPage\":{\"@id\":\"https:\/\/creationskwala.com\/produit\/wristlet-wallet\/#primaryimage\"},\"image\":{\"@id\":\"https:\/\/creationskwala.com\/produit\/wristlet-wallet\/#primaryimage\"},\"thumbnailUrl\":\"https:\/\/creationskwala.com\/wp-content\/uploads\/2025\/05\/Wristlet-wallet-turquoise.jpg\",\"datePublished\":\"2025-05-21T21:45:57+00:00\",\"dateModified\":\"2026-03-13T15:10:36+00:00\",\"description\":\"Wristlet wallet : Slip on this must-have wrist wallet for your outings or shopping trips. Practical way...wherever you go.\",\"breadcrumb\":{\"@id\":\"https:\/\/creationskwala.com\/produit\/wristlet-wallet\/#breadcrumb\"},\"inLanguage\":\"en-CA\",\"potentialAction\":[{\"@type\":\"ReadAction\",\"target\":[\"https:\/\/creationskwala.com\/produit\/wristlet-wallet\/\"]}]},{\"@type\":\"ImageObject\",\"inLanguage\":\"en-CA\",\"@id\":\"https:\/\/creationskwala.com\/produit\/wristlet-wallet\/#primaryimage\",\"url\":\"https:\/\/creationskwala.com\/wp-content\/uploads\/2025\/05\/Wristlet-wallet-turquoise.jpg\",\"contentUrl\":\"https:\/\/creationskwala.com\/wp-content\/uploads\/2025\/05\/Wristlet-wallet-turquoise.jpg\",\"width\":500,\"height\":574,\"caption\":\"Wristlet wallet\"},{\"@type\":\"BreadcrumbList\",\"@id\":\"https:\/\/creationskwala.com\/produit\/wristlet-wallet\/#breadcrumb\",\"itemListElement\":[{\"@type\":\"ListItem\",\"position\":1,\"name\":\"Accueil\",\"item\":\"https:\/\/creationskwala.com\/\"},{\"@type\":\"ListItem\",\"position\":2,\"name\":\"Boutique\",\"item\":\"https:\/\/creationskwala.com\/boutique\/\"},{\"@type\":\"ListItem\",\"position\":3,\"name\":\"Wristlet wallet\"}]},{\"@type\":\"WebSite\",\"@id\":\"https:\/\/creationskwala.com\/#website\",\"url\":\"https:\/\/creationskwala.com\/\",\"name\":\"Cr\u00e9ations Kwala - Portefeuilles pour le poignet et v\u00eatements Qu\u00e9becois\",\"description\":\"V\u00eatements et accessoires\",\"publisher\":{\"@id\":\"https:\/\/creationskwala.com\/#organization\"},\"potentialAction\":[{\"@type\":\"SearchAction\",\"target\":{\"@type\":\"EntryPoint\",\"urlTemplate\":\"https:\/\/creationskwala.com\/?s={search_term_string}\"},\"query-input\":{\"@type\":\"PropertyValueSpecification\",\"valueRequired\":true,\"valueName\":\"search_term_string\"}}],\"inLanguage\":\"en-CA\"},{\"@type\":\"Organization\",\"@id\":\"https:\/\/creationskwala.com\/#organization\",\"name\":\"Cr\u00e9ations Kwala\",\"url\":\"https:\/\/creationskwala.com\/\",\"logo\":{\"@type\":\"ImageObject\",\"inLanguage\":\"en-CA\",\"@id\":\"https:\/\/creationskwala.com\/#\/schema\/logo\/image\/\",\"url\":\"https:\/\/creationskwala.com\/wp-content\/uploads\/2025\/01\/LOGO-K-site.png\",\"contentUrl\":\"https:\/\/creationskwala.com\/wp-content\/uploads\/2025\/01\/LOGO-K-site.png\",\"width\":512,\"height\":512,\"caption\":\"Cr\u00e9ations Kwala\"},\"image\":{\"@id\":\"https:\/\/creationskwala.com\/#\/schema\/logo\/image\/\"},\"sameAs\":[\"https:\/\/www.facebook.com\/creationskwala\"]}]}<\/script>\n<!-- \/ Yoast SEO plugin. -->","yoast_head_json":{"title":"Wristlet wallet","description":"Wristlet wallet : Slip on this must-have wrist wallet for your outings or shopping trips. Practical way...wherever you go.","robots":{"index":"index","follow":"follow","max-snippet":"max-snippet:-1","max-image-preview":"max-image-preview:large","max-video-preview":"max-video-preview:-1"},"canonical":"https:\/\/creationskwala.com\/en\/product\/wristlet-wallet\/","og_locale":"en_US","og_type":"article","og_title":"Wristlet wallet","og_description":"Wristlet wallet : Slip on this must-have wrist wallet for your outings or shopping trips. Practical way...wherever you go.","og_url":"https:\/\/creationskwala.com\/en\/product\/wristlet-wallet\/","article_publisher":"https:\/\/www.facebook.com\/creationskwala","article_modified_time":"2026-03-13T15:10:36+00:00","og_image":[{"width":500,"height":574,"url":"https:\/\/creationskwala.com\/wp-content\/uploads\/2025\/05\/Wristlet-wallet-turquoise.jpg","type":"image\/jpeg"}],"twitter_card":"summary_large_image","twitter_misc":{"Est. reading time":"2 minutes"},"schema":{"@context":"https:\/\/schema.org","@graph":[{"@type":"WebPage","@id":"https:\/\/creationskwala.com\/produit\/wristlet-wallet\/","url":"https:\/\/creationskwala.com\/produit\/wristlet-wallet\/","name":"Wristlet wallet","isPartOf":{"@id":"https:\/\/creationskwala.com\/#website"},"primaryImageOfPage":{"@id":"https:\/\/creationskwala.com\/produit\/wristlet-wallet\/#primaryimage"},"image":{"@id":"https:\/\/creationskwala.com\/produit\/wristlet-wallet\/#primaryimage"},"thumbnailUrl":"https:\/\/creationskwala.com\/wp-content\/uploads\/2025\/05\/Wristlet-wallet-turquoise.jpg","datePublished":"2025-05-21T21:45:57+00:00","dateModified":"2026-03-13T15:10:36+00:00","description":"Wristlet wallet : Slip on this must-have wrist wallet for your outings or shopping trips. Practical way...wherever you go.","breadcrumb":{"@id":"https:\/\/creationskwala.com\/produit\/wristlet-wallet\/#breadcrumb"},"inLanguage":"en-CA","potentialAction":[{"@type":"ReadAction","target":["https:\/\/creationskwala.com\/produit\/wristlet-wallet\/"]}]},{"@type":"ImageObject","inLanguage":"en-CA","@id":"https:\/\/creationskwala.com\/produit\/wristlet-wallet\/#primaryimage","url":"https:\/\/creationskwala.com\/wp-content\/uploads\/2025\/05\/Wristlet-wallet-turquoise.jpg","contentUrl":"https:\/\/creationskwala.com\/wp-content\/uploads\/2025\/05\/Wristlet-wallet-turquoise.jpg","width":500,"height":574,"caption":"Wristlet wallet"},{"@type":"BreadcrumbList","@id":"https:\/\/creationskwala.com\/produit\/wristlet-wallet\/#breadcrumb","itemListElement":[{"@type":"ListItem","position":1,"name":"Accueil","item":"https:\/\/creationskwala.com\/"},{"@type":"ListItem","position":2,"name":"Boutique","item":"https:\/\/creationskwala.com\/boutique\/"},{"@type":"ListItem","position":3,"name":"Wristlet wallet"}]},{"@type":"WebSite","@id":"https:\/\/creationskwala.com\/#website","url":"https:\/\/creationskwala.com\/","name":"Cr\u00e9ations Kwala - Portefeuilles pour le poignet et v\u00eatements Qu\u00e9becois","description":"Apparel et Accessories","publisher":{"@id":"https:\/\/creationskwala.com\/#organization"},"potentialAction":[{"@type":"SearchAction","target":{"@type":"EntryPoint","urlTemplate":"https:\/\/creationskwala.com\/?s={search_term_string}"},"query-input":{"@type":"PropertyValueSpecification","valueRequired":true,"valueName":"search_term_string"}}],"inLanguage":"en-CA"},{"@type":"Organization","@id":"https:\/\/creationskwala.com\/#organization","name":"Cr\u00e9ations Kwala","url":"https:\/\/creationskwala.com\/","logo":{"@type":"ImageObject","inLanguage":"en-CA","@id":"https:\/\/creationskwala.com\/#\/schema\/logo\/image\/","url":"https:\/\/creationskwala.com\/wp-content\/uploads\/2025\/01\/LOGO-K-site.png","contentUrl":"https:\/\/creationskwala.com\/wp-content\/uploads\/2025\/01\/LOGO-K-site.png","width":512,"height":512,"caption":"Cr\u00e9ations Kwala"},"image":{"@id":"https:\/\/creationskwala.com\/#\/schema\/logo\/image\/"},"sameAs":["https:\/\/www.facebook.com\/creationskwala"]}]}},"jetpack_sharing_enabled":true,"_links":{"self":[{"href":"https:\/\/creationskwala.com\/en\/wp-json\/wp\/v2\/product\/1245","targetHints":{"allow":["GET"]}}],"collection":[{"href":"https:\/\/creationskwala.com\/en\/wp-json\/wp\/v2\/product"}],"about":[{"href":"https:\/\/creationskwala.com\/en\/wp-json\/wp\/v2\/types\/product"}],"wp:featuredmedia":[{"embeddable":true,"href":"https:\/\/creationskwala.com\/en\/wp-json\/wp\/v2\/media\/1249"}],"wp:attachment":[{"href":"https:\/\/creationskwala.com\/en\/wp-json\/wp\/v2\/media?parent=1245"}],"wp:term":[{"taxonomy":"product_brand","embeddable":true,"href":"https:\/\/creationskwala.com\/en\/wp-json\/wp\/v2\/product_brand?post=1245"},{"taxonomy":"product_cat","embeddable":true,"href":"https:\/\/creationskwala.com\/en\/wp-json\/wp\/v2\/product_cat?post=1245"},{"taxonomy":"product_tag","embeddable":true,"href":"https:\/\/creationskwala.com\/en\/wp-json\/wp\/v2\/product_tag?post=1245"}],"curies":[{"name":"wp","href":"https:\/\/api.w.org\/{rel}","templated":true}]}}