{"id":1256,"date":"2025-05-22T14:10:56","date_gmt":"2025-05-22T18:10:56","guid":{"rendered":"https:\/\/creationskwala.com\/?post_type=product&#038;p=1256"},"modified":"2025-12-09T11:46:36","modified_gmt":"2025-12-09T16:46:36","slug":"pantalon-evolutif-baleine","status":"publish","type":"product","link":"https:\/\/creationskwala.com\/en\/product\/pantalon-evolutif-baleine\/","title":{"rendered":"Pantalon \u00e9volutif baleine"},"content":{"rendered":"<h2 data-start=\"129\" data-end=\"211\"><strong data-start=\"129\" data-end=\"209\">Pantalon \u00e9volutif<\/strong><\/h2>\n<p data-start=\"129\" data-end=\"211\"><strong data-start=\"129\" data-end=\"209\">Pantalon \u00e9volutif <\/strong>pour bambins, confortables, styl\u00e9s et \u00e9coresponsables avec <strong data-start=\"129\" data-end=\"209\">motif de baleine.<\/strong><\/p>\n<p data-start=\"213\" data-end=\"691\">Nos <strong>pantalon<\/strong> pour bambins sont soigneusement con\u00e7us pour offrir \u00e0 vos tout-petits le meilleur du confort, tout en prenant soin de leur sant\u00e9 et de l&rsquo;environnement. Fabriqu\u00e9 \u00e0 la main dans notre atelier au Qu\u00e9bec.<\/p>\n<h2 data-start=\"213\" data-end=\"691\"><strong>Oeko-Tex<\/strong><\/h2>\n<p data-start=\"213\" data-end=\"691\">Chaque pantalon est r\u00e9alis\u00e9 \u00e0 partir de tissus certifi\u00e9s<strong> Oeko-Tex<\/strong>, garantissant l&rsquo;absence de substances chimiques nocives pour la peau d\u00e9licate de votre enfant. Ainsi, vous pouvez \u00eatre assur\u00e9 que nos produits sont non toxiques et parfaitement s\u00fbrs pour votre bambin.<\/p>\n<p data-start=\"693\" data-end=\"1072\">L&rsquo;<strong>Oeko-Tex<\/strong> est une certification de renomm\u00e9e internationale qui assure que les tissus utilis\u00e9s dans la confection de nos pantalons respectent des crit\u00e8res stricts en mati\u00e8re de s\u00e9curit\u00e9 et de sant\u00e9. Nos tissus ne sont donc pas seulement doux et agr\u00e9ables au toucher, mais \u00e9galement exempts de produits chimiques nocifs, pour un v\u00eatement respectueux de la nature.<\/p>\n<h2 data-start=\"693\" data-end=\"1072\"><strong>De plus..<\/strong><\/h2>\n<p data-start=\"1374\" data-end=\"1595\">De plus, nous savons que les bambins ont des journ\u00e9es bien remplies, entre les jeux, les explorations et les moments de d\u00e9tente. C&rsquo;est pourquoi nos tenues sont con\u00e7us pour \u00eatre aussi r\u00e9sistants qu&rsquo;agr\u00e9ables \u00e0 porter. L&rsquo;\u00e9lasticit\u00e9 et la coupe de nos pantalon permettent une grande libert\u00e9 de mouvement.<\/p>\n<p data-start=\"1374\" data-end=\"1595\">Faciles \u00e0 enfiler et \u00e0 entretenir, ils s&rsquo;adaptent parfaitement au rythme effervescent des tout-petits. Vous pouvez ainsi offrir \u00e0 votre enfant un v\u00eatement d\u00e9contract\u00e9, pratique, confortable et qui dure, tout en ayant l&rsquo;esprit tranquille concernant sa sant\u00e9 et l&rsquo;impacte \u00e0 l&rsquo;environnement.<\/p>\n<p data-start=\"1597\" data-end=\"1908\">Disponibles dans une gamme de couleurs et de motifs modernes, nos pantalons sont parfaits pour habiller votre bambin avec style et confort tout en soutenant une production \u00e9thique et locale avec des imprim\u00e9s au go\u00fbt du jour.<\/p>\n<p data-start=\"1597\" data-end=\"1908\">Choisissez des v\u00eatements s\u00fbrs, durables et \u00e9coresponsables pour votre enfant avec nos pantalon <strong>Oeko-Tex<\/strong>, fabriqu\u00e9s ici m\u00eame au Qu\u00e9bec dans la r\u00e9gion des Laurentides.<\/p>\n<p data-start=\"1597\" data-end=\"1908\">Procurez vous d\u00e8s maintenant dans la garde-robe de votre enfant ce <strong>pantalon \u00e9volutif baleine <\/strong>et d\u00e9couvrez d&rsquo;autres motifs et couleurs ici :\u00a0<a href=\"https:\/\/creationskwala.com\/en\/product-category\/garcon\/\">https:\/\/creationskwala.com\/categorie-produit\/garcon\/<\/a><\/p>","protected":false},"excerpt":{"rendered":"<p><strong>Pantalon \u00e9volutif<\/strong> en coton \u00e9coresponsable avec imprim\u00e9 de <strong>baleine<\/strong>.<\/p>\n<p>Disponible en taille 1 \u00e0 3 ans.<\/p>","protected":false},"featured_media":1258,"template":"","meta":{"om_disable_all_campaigns":false,"_monsterinsights_skip_tracking":false,"_monsterinsights_sitenote_active":false,"_monsterinsights_sitenote_note":"","_monsterinsights_sitenote_category":0,"_uf_show_specific_survey":0,"_uf_disable_surveys":false},"product_brand":[],"product_cat":[44],"product_tag":[94,149,95,148,147],"class_list":{"0":"post-1256","1":"product","2":"type-product","3":"status-publish","4":"has-post-thumbnail","6":"product_cat-garcon","7":"product_tag-ancre","8":"product_tag-baleine","9":"product_tag-bateau","10":"product_tag-evolutif","11":"product_tag-pantalon","12":"product_shipping_class-colis","13":"pa_grandeur-1-3-ans","15":"first","16":"outofstock","17":"shipping-taxable","18":"purchasable","19":"product-type-variable"},"yoast_head":"<!-- This site is optimized with the Yoast SEO plugin v25.9 - https:\/\/yoast.com\/wordpress\/plugins\/seo\/ -->\n<title>Pantalon \u00e9volutif<\/title>\n<meta name=\"description\" content=\"Pantalon \u00e9volutif baleine : Soigneusement con\u00e7us pour offrir \u00e0 vos tout-petits le meilleur du confort. Visitez la boutique en ligne pour d&#039;autres motifs\" \/>\n<meta name=\"robots\" content=\"index, follow, max-snippet:-1, max-image-preview:large, max-video-preview:-1\" \/>\n<link rel=\"canonical\" href=\"https:\/\/creationskwala.com\/en\/product\/pantalon-evolutif-baleine\/\" \/>\n<meta property=\"og:locale\" content=\"en_US\" \/>\n<meta property=\"og:type\" content=\"article\" \/>\n<meta property=\"og:title\" content=\"Pantalon \u00e9volutif\" \/>\n<meta property=\"og:description\" content=\"Pantalon \u00e9volutif baleine : Soigneusement con\u00e7us pour offrir \u00e0 vos tout-petits le meilleur du confort. Visitez la boutique en ligne pour d&#039;autres motifs\" \/>\n<meta property=\"og:url\" content=\"https:\/\/creationskwala.com\/en\/product\/pantalon-evolutif-baleine\/\" \/>\n<meta property=\"article:publisher\" content=\"https:\/\/www.facebook.com\/creationskwala\" \/>\n<meta property=\"article:modified_time\" content=\"2025-12-09T16:46:36+00:00\" \/>\n<meta property=\"og:image\" content=\"https:\/\/creationskwala.com\/wp-content\/uploads\/2025\/05\/pantalon-baleine.jpg\" \/>\n\t<meta property=\"og:image:width\" content=\"500\" \/>\n\t<meta property=\"og:image:height\" content=\"486\" \/>\n\t<meta property=\"og:image:type\" content=\"image\/jpeg\" \/>\n<meta name=\"twitter:card\" content=\"summary_large_image\" \/>\n<meta name=\"twitter:label1\" content=\"Est. reading time\" \/>\n\t<meta name=\"twitter:data1\" content=\"2 minutes\" \/>\n<script type=\"application\/ld+json\" class=\"yoast-schema-graph\">{\"@context\":\"https:\/\/schema.org\",\"@graph\":[{\"@type\":\"WebPage\",\"@id\":\"https:\/\/creationskwala.com\/produit\/pantalon-evolutif-baleine\/\",\"url\":\"https:\/\/creationskwala.com\/produit\/pantalon-evolutif-baleine\/\",\"name\":\"Pantalon \u00e9volutif\",\"isPartOf\":{\"@id\":\"https:\/\/creationskwala.com\/#website\"},\"primaryImageOfPage\":{\"@id\":\"https:\/\/creationskwala.com\/produit\/pantalon-evolutif-baleine\/#primaryimage\"},\"image\":{\"@id\":\"https:\/\/creationskwala.com\/produit\/pantalon-evolutif-baleine\/#primaryimage\"},\"thumbnailUrl\":\"https:\/\/creationskwala.com\/wp-content\/uploads\/2025\/05\/pantalon-baleine.jpg\",\"datePublished\":\"2025-05-22T18:10:56+00:00\",\"dateModified\":\"2025-12-09T16:46:36+00:00\",\"description\":\"Pantalon \u00e9volutif baleine : Soigneusement con\u00e7us pour offrir \u00e0 vos tout-petits le meilleur du confort. Visitez la boutique en ligne pour d'autres motifs\",\"breadcrumb\":{\"@id\":\"https:\/\/creationskwala.com\/produit\/pantalon-evolutif-baleine\/#breadcrumb\"},\"inLanguage\":\"en-CA\",\"potentialAction\":[{\"@type\":\"ReadAction\",\"target\":[\"https:\/\/creationskwala.com\/produit\/pantalon-evolutif-baleine\/\"]}]},{\"@type\":\"ImageObject\",\"inLanguage\":\"en-CA\",\"@id\":\"https:\/\/creationskwala.com\/produit\/pantalon-evolutif-baleine\/#primaryimage\",\"url\":\"https:\/\/creationskwala.com\/wp-content\/uploads\/2025\/05\/pantalon-baleine.jpg\",\"contentUrl\":\"https:\/\/creationskwala.com\/wp-content\/uploads\/2025\/05\/pantalon-baleine.jpg\",\"width\":500,\"height\":486,\"caption\":\"Pantalon \u00e9volutif baleine\"},{\"@type\":\"BreadcrumbList\",\"@id\":\"https:\/\/creationskwala.com\/produit\/pantalon-evolutif-baleine\/#breadcrumb\",\"itemListElement\":[{\"@type\":\"ListItem\",\"position\":1,\"name\":\"Accueil\",\"item\":\"https:\/\/creationskwala.com\/\"},{\"@type\":\"ListItem\",\"position\":2,\"name\":\"Boutique\",\"item\":\"https:\/\/creationskwala.com\/boutique\/\"},{\"@type\":\"ListItem\",\"position\":3,\"name\":\"Pantalon \u00e9volutif baleine\"}]},{\"@type\":\"WebSite\",\"@id\":\"https:\/\/creationskwala.com\/#website\",\"url\":\"https:\/\/creationskwala.com\/\",\"name\":\"Cr\u00e9ations Kwala - Portefeuilles pour le poignet et v\u00eatements Qu\u00e9becois\",\"description\":\"V\u00eatements et accessoires\",\"publisher\":{\"@id\":\"https:\/\/creationskwala.com\/#organization\"},\"potentialAction\":[{\"@type\":\"SearchAction\",\"target\":{\"@type\":\"EntryPoint\",\"urlTemplate\":\"https:\/\/creationskwala.com\/?s={search_term_string}\"},\"query-input\":{\"@type\":\"PropertyValueSpecification\",\"valueRequired\":true,\"valueName\":\"search_term_string\"}}],\"inLanguage\":\"en-CA\"},{\"@type\":\"Organization\",\"@id\":\"https:\/\/creationskwala.com\/#organization\",\"name\":\"Cr\u00e9ations Kwala\",\"url\":\"https:\/\/creationskwala.com\/\",\"logo\":{\"@type\":\"ImageObject\",\"inLanguage\":\"en-CA\",\"@id\":\"https:\/\/creationskwala.com\/#\/schema\/logo\/image\/\",\"url\":\"https:\/\/creationskwala.com\/wp-content\/uploads\/2025\/01\/LOGO-K-site.png\",\"contentUrl\":\"https:\/\/creationskwala.com\/wp-content\/uploads\/2025\/01\/LOGO-K-site.png\",\"width\":512,\"height\":512,\"caption\":\"Cr\u00e9ations Kwala\"},\"image\":{\"@id\":\"https:\/\/creationskwala.com\/#\/schema\/logo\/image\/\"},\"sameAs\":[\"https:\/\/www.facebook.com\/creationskwala\"]}]}<\/script>\n<!-- \/ Yoast SEO plugin. -->","yoast_head_json":{"title":"Pantalon \u00e9volutif","description":"Pantalon \u00e9volutif baleine : Soigneusement con\u00e7us pour offrir \u00e0 vos tout-petits le meilleur du confort. Visitez la boutique en ligne pour d'autres motifs","robots":{"index":"index","follow":"follow","max-snippet":"max-snippet:-1","max-image-preview":"max-image-preview:large","max-video-preview":"max-video-preview:-1"},"canonical":"https:\/\/creationskwala.com\/en\/product\/pantalon-evolutif-baleine\/","og_locale":"en_US","og_type":"article","og_title":"Pantalon \u00e9volutif","og_description":"Pantalon \u00e9volutif baleine : Soigneusement con\u00e7us pour offrir \u00e0 vos tout-petits le meilleur du confort. Visitez la boutique en ligne pour d'autres motifs","og_url":"https:\/\/creationskwala.com\/en\/product\/pantalon-evolutif-baleine\/","article_publisher":"https:\/\/www.facebook.com\/creationskwala","article_modified_time":"2025-12-09T16:46:36+00:00","og_image":[{"width":500,"height":486,"url":"https:\/\/creationskwala.com\/wp-content\/uploads\/2025\/05\/pantalon-baleine.jpg","type":"image\/jpeg"}],"twitter_card":"summary_large_image","twitter_misc":{"Est. reading time":"2 minutes"},"schema":{"@context":"https:\/\/schema.org","@graph":[{"@type":"WebPage","@id":"https:\/\/creationskwala.com\/produit\/pantalon-evolutif-baleine\/","url":"https:\/\/creationskwala.com\/produit\/pantalon-evolutif-baleine\/","name":"Pantalon \u00e9volutif","isPartOf":{"@id":"https:\/\/creationskwala.com\/#website"},"primaryImageOfPage":{"@id":"https:\/\/creationskwala.com\/produit\/pantalon-evolutif-baleine\/#primaryimage"},"image":{"@id":"https:\/\/creationskwala.com\/produit\/pantalon-evolutif-baleine\/#primaryimage"},"thumbnailUrl":"https:\/\/creationskwala.com\/wp-content\/uploads\/2025\/05\/pantalon-baleine.jpg","datePublished":"2025-05-22T18:10:56+00:00","dateModified":"2025-12-09T16:46:36+00:00","description":"Pantalon \u00e9volutif baleine : Soigneusement con\u00e7us pour offrir \u00e0 vos tout-petits le meilleur du confort. Visitez la boutique en ligne pour d'autres motifs","breadcrumb":{"@id":"https:\/\/creationskwala.com\/produit\/pantalon-evolutif-baleine\/#breadcrumb"},"inLanguage":"en-CA","potentialAction":[{"@type":"ReadAction","target":["https:\/\/creationskwala.com\/produit\/pantalon-evolutif-baleine\/"]}]},{"@type":"ImageObject","inLanguage":"en-CA","@id":"https:\/\/creationskwala.com\/produit\/pantalon-evolutif-baleine\/#primaryimage","url":"https:\/\/creationskwala.com\/wp-content\/uploads\/2025\/05\/pantalon-baleine.jpg","contentUrl":"https:\/\/creationskwala.com\/wp-content\/uploads\/2025\/05\/pantalon-baleine.jpg","width":500,"height":486,"caption":"Pantalon \u00e9volutif baleine"},{"@type":"BreadcrumbList","@id":"https:\/\/creationskwala.com\/produit\/pantalon-evolutif-baleine\/#breadcrumb","itemListElement":[{"@type":"ListItem","position":1,"name":"Accueil","item":"https:\/\/creationskwala.com\/"},{"@type":"ListItem","position":2,"name":"Boutique","item":"https:\/\/creationskwala.com\/boutique\/"},{"@type":"ListItem","position":3,"name":"Pantalon \u00e9volutif baleine"}]},{"@type":"WebSite","@id":"https:\/\/creationskwala.com\/#website","url":"https:\/\/creationskwala.com\/","name":"Cr\u00e9ations Kwala - Portefeuilles pour le poignet et v\u00eatements Qu\u00e9becois","description":"Apparel et Accessories","publisher":{"@id":"https:\/\/creationskwala.com\/#organization"},"potentialAction":[{"@type":"SearchAction","target":{"@type":"EntryPoint","urlTemplate":"https:\/\/creationskwala.com\/?s={search_term_string}"},"query-input":{"@type":"PropertyValueSpecification","valueRequired":true,"valueName":"search_term_string"}}],"inLanguage":"en-CA"},{"@type":"Organization","@id":"https:\/\/creationskwala.com\/#organization","name":"Cr\u00e9ations Kwala","url":"https:\/\/creationskwala.com\/","logo":{"@type":"ImageObject","inLanguage":"en-CA","@id":"https:\/\/creationskwala.com\/#\/schema\/logo\/image\/","url":"https:\/\/creationskwala.com\/wp-content\/uploads\/2025\/01\/LOGO-K-site.png","contentUrl":"https:\/\/creationskwala.com\/wp-content\/uploads\/2025\/01\/LOGO-K-site.png","width":512,"height":512,"caption":"Cr\u00e9ations Kwala"},"image":{"@id":"https:\/\/creationskwala.com\/#\/schema\/logo\/image\/"},"sameAs":["https:\/\/www.facebook.com\/creationskwala"]}]}},"jetpack_sharing_enabled":true,"_links":{"self":[{"href":"https:\/\/creationskwala.com\/en\/wp-json\/wp\/v2\/product\/1256","targetHints":{"allow":["GET"]}}],"collection":[{"href":"https:\/\/creationskwala.com\/en\/wp-json\/wp\/v2\/product"}],"about":[{"href":"https:\/\/creationskwala.com\/en\/wp-json\/wp\/v2\/types\/product"}],"wp:featuredmedia":[{"embeddable":true,"href":"https:\/\/creationskwala.com\/en\/wp-json\/wp\/v2\/media\/1258"}],"wp:attachment":[{"href":"https:\/\/creationskwala.com\/en\/wp-json\/wp\/v2\/media?parent=1256"}],"wp:term":[{"taxonomy":"product_brand","embeddable":true,"href":"https:\/\/creationskwala.com\/en\/wp-json\/wp\/v2\/product_brand?post=1256"},{"taxonomy":"product_cat","embeddable":true,"href":"https:\/\/creationskwala.com\/en\/wp-json\/wp\/v2\/product_cat?post=1256"},{"taxonomy":"product_tag","embeddable":true,"href":"https:\/\/creationskwala.com\/en\/wp-json\/wp\/v2\/product_tag?post=1256"}],"curies":[{"name":"wp","href":"https:\/\/api.w.org\/{rel}","templated":true}]}}