{"id":1270,"date":"2025-12-14T06:21:28","date_gmt":"2025-12-14T11:21:28","guid":{"rendered":"https:\/\/creationskwala.com\/?post_type=product&#038;p=1270"},"modified":"2025-12-14T06:21:28","modified_gmt":"2025-12-14T11:21:28","slug":"livre-a-colorier-lavable-et-crayons","status":"publish","type":"product","link":"https:\/\/creationskwala.com\/en\/product\/livre-a-colorier-lavable-et-crayons\/","title":{"rendered":"Livre \u00e0 colorier lavable et crayons"},"content":{"rendered":"<p>Livre \u00e0 colorier lavable<\/p>\n<p>Chaque livre \u00e0 colorier est compos\u00e9 de 3 pages recto verso, pour un total de 6 dessins diff\u00e9rents. La reliure est r\u00e9alis\u00e9e avec une bande de tissu color\u00e9e, ce qui rend chaque livre unique.<\/p>\n<p>Les dessins sont choisis al\u00e9atoirement parmi notre collection, tout comme la couleur de la reliure. Cela ajoute une belle touche de surprise \u00e0 chaque commande !<\/p>\n<p>Dans chaque livre il y a des dessins plus facile et plus complexe pour \u00e9voluer avec l&rsquo;enfant.<\/p>\n<p>Pratique, r\u00e9utilisable et amusant, ce petit livre est parfait pour occuper les enfants en voyage, en sortie ou m\u00eame \u00e0 la maison.<\/p>\n<p>Chaque livre vient avec un paquet de 10 crayons de couleur ultra lavable sp\u00e9cialement con\u00e7u pour les tissus.<\/p>\n<p>pour voir mes autres produits c&rsquo;est ici : <a href=\"https:\/\/creationskwala.com\/en\/boutique\/\">https:\/\/creationskwala.com\/boutique\/<\/a><\/p>","protected":false},"excerpt":{"rendered":"<p>Livre \u00e0 colorier lavable<\/p>\n<p>Chaque livre \u00e0 colorier est compos\u00e9 de 3 pages recto verso, pour un total de 6 dessins diff\u00e9rents. La reliure est r\u00e9alis\u00e9e avec une bande de tissu color\u00e9e, ce qui rend chaque livre unique.<\/p>\n<p>Les dessins sont choisis al\u00e9atoirement parmi notre collection, tout comme la couleur de la reliure. Cela ajoute une belle touche de surprise \u00e0 chaque commande !<\/p>\n<p>Pratique, r\u00e9utilisable et amusant, ce petit livre est parfait pour occuper les enfants en voyage, en sortie ou m\u00eame \u00e0 la maison.<\/p>\n<p>&nbsp;<\/p>\n<p>Chaque livre vient avec un paquet de 10 crayons de couleur ultra lavable sp\u00e9cialement con\u00e7u pour les tissus.<\/p>","protected":false},"featured_media":1273,"template":"","meta":{"om_disable_all_campaigns":false,"_monsterinsights_skip_tracking":false,"_monsterinsights_sitenote_active":false,"_monsterinsights_sitenote_note":"","_monsterinsights_sitenote_category":0,"_uf_show_specific_survey":0,"_uf_disable_surveys":false},"product_brand":[],"product_cat":[58],"product_tag":[],"class_list":{"0":"post-1270","1":"product","2":"type-product","3":"status-publish","4":"has-post-thumbnail","6":"product_cat-accessoire","7":"product_shipping_class-colis","9":"first","10":"instock","11":"shipping-taxable","12":"purchasable","13":"product-type-simple"},"yoast_head":"<!-- This site is optimized with the Yoast SEO plugin v25.9 - https:\/\/yoast.com\/wordpress\/plugins\/seo\/ -->\n<title>Livre-a-colorier-lavable<\/title>\n<meta name=\"description\" content=\"Livre \u00e0 colorier lavable de 6 dessins. Livr\u00e9 avec une paquet de 10 crayons de couleur. Parfait pour le voyage, le restaurant et encore plus.\" \/>\n<meta name=\"robots\" content=\"index, follow, max-snippet:-1, max-image-preview:large, max-video-preview:-1\" \/>\n<link rel=\"canonical\" href=\"https:\/\/creationskwala.com\/en\/product\/livre-a-colorier-lavable-et-crayons\/\" \/>\n<meta property=\"og:locale\" content=\"en_US\" \/>\n<meta property=\"og:type\" content=\"article\" \/>\n<meta property=\"og:title\" content=\"Livre-a-colorier-lavable\" \/>\n<meta property=\"og:description\" content=\"Livre \u00e0 colorier lavable de 6 dessins. Livr\u00e9 avec une paquet de 10 crayons de couleur. Parfait pour le voyage, le restaurant et encore plus.\" \/>\n<meta property=\"og:url\" content=\"https:\/\/creationskwala.com\/en\/product\/livre-a-colorier-lavable-et-crayons\/\" \/>\n<meta property=\"article:publisher\" content=\"https:\/\/www.facebook.com\/creationskwala\" \/>\n<meta property=\"og:image\" content=\"https:\/\/creationskwala.com\/wp-content\/uploads\/2025\/12\/Livre-a-colorier-lavable.jpg\" \/>\n\t<meta property=\"og:image:width\" content=\"1000\" \/>\n\t<meta property=\"og:image:height\" content=\"1000\" \/>\n\t<meta property=\"og:image:type\" content=\"image\/jpeg\" \/>\n<meta name=\"twitter:card\" content=\"summary_large_image\" \/>\n<meta name=\"twitter:label1\" content=\"Est. reading time\" \/>\n\t<meta name=\"twitter:data1\" content=\"1 minute\" \/>\n<script type=\"application\/ld+json\" class=\"yoast-schema-graph\">{\"@context\":\"https:\/\/schema.org\",\"@graph\":[{\"@type\":\"WebPage\",\"@id\":\"https:\/\/creationskwala.com\/produit\/livre-a-colorier-lavable-et-crayons\/\",\"url\":\"https:\/\/creationskwala.com\/produit\/livre-a-colorier-lavable-et-crayons\/\",\"name\":\"Livre-a-colorier-lavable\",\"isPartOf\":{\"@id\":\"https:\/\/creationskwala.com\/#website\"},\"primaryImageOfPage\":{\"@id\":\"https:\/\/creationskwala.com\/produit\/livre-a-colorier-lavable-et-crayons\/#primaryimage\"},\"image\":{\"@id\":\"https:\/\/creationskwala.com\/produit\/livre-a-colorier-lavable-et-crayons\/#primaryimage\"},\"thumbnailUrl\":\"https:\/\/creationskwala.com\/wp-content\/uploads\/2025\/12\/Livre-a-colorier-lavable.jpg\",\"datePublished\":\"2025-12-14T11:21:28+00:00\",\"description\":\"Livre \u00e0 colorier lavable de 6 dessins. Livr\u00e9 avec une paquet de 10 crayons de couleur. Parfait pour le voyage, le restaurant et encore plus.\",\"breadcrumb\":{\"@id\":\"https:\/\/creationskwala.com\/produit\/livre-a-colorier-lavable-et-crayons\/#breadcrumb\"},\"inLanguage\":\"en-CA\",\"potentialAction\":[{\"@type\":\"ReadAction\",\"target\":[\"https:\/\/creationskwala.com\/produit\/livre-a-colorier-lavable-et-crayons\/\"]}]},{\"@type\":\"ImageObject\",\"inLanguage\":\"en-CA\",\"@id\":\"https:\/\/creationskwala.com\/produit\/livre-a-colorier-lavable-et-crayons\/#primaryimage\",\"url\":\"https:\/\/creationskwala.com\/wp-content\/uploads\/2025\/12\/Livre-a-colorier-lavable.jpg\",\"contentUrl\":\"https:\/\/creationskwala.com\/wp-content\/uploads\/2025\/12\/Livre-a-colorier-lavable.jpg\",\"width\":1000,\"height\":1000,\"caption\":\"Livre \u00e0 colorier lavable\"},{\"@type\":\"BreadcrumbList\",\"@id\":\"https:\/\/creationskwala.com\/produit\/livre-a-colorier-lavable-et-crayons\/#breadcrumb\",\"itemListElement\":[{\"@type\":\"ListItem\",\"position\":1,\"name\":\"Accueil\",\"item\":\"https:\/\/creationskwala.com\/\"},{\"@type\":\"ListItem\",\"position\":2,\"name\":\"Boutique\",\"item\":\"https:\/\/creationskwala.com\/boutique\/\"},{\"@type\":\"ListItem\",\"position\":3,\"name\":\"Livre \u00e0 colorier lavable et crayons\"}]},{\"@type\":\"WebSite\",\"@id\":\"https:\/\/creationskwala.com\/#website\",\"url\":\"https:\/\/creationskwala.com\/\",\"name\":\"Cr\u00e9ations Kwala - Portefeuilles pour le poignet et v\u00eatements Qu\u00e9becois\",\"description\":\"V\u00eatements et accessoires\",\"publisher\":{\"@id\":\"https:\/\/creationskwala.com\/#organization\"},\"potentialAction\":[{\"@type\":\"SearchAction\",\"target\":{\"@type\":\"EntryPoint\",\"urlTemplate\":\"https:\/\/creationskwala.com\/?s={search_term_string}\"},\"query-input\":{\"@type\":\"PropertyValueSpecification\",\"valueRequired\":true,\"valueName\":\"search_term_string\"}}],\"inLanguage\":\"en-CA\"},{\"@type\":\"Organization\",\"@id\":\"https:\/\/creationskwala.com\/#organization\",\"name\":\"Cr\u00e9ations Kwala\",\"url\":\"https:\/\/creationskwala.com\/\",\"logo\":{\"@type\":\"ImageObject\",\"inLanguage\":\"en-CA\",\"@id\":\"https:\/\/creationskwala.com\/#\/schema\/logo\/image\/\",\"url\":\"https:\/\/creationskwala.com\/wp-content\/uploads\/2025\/01\/LOGO-K-site.png\",\"contentUrl\":\"https:\/\/creationskwala.com\/wp-content\/uploads\/2025\/01\/LOGO-K-site.png\",\"width\":512,\"height\":512,\"caption\":\"Cr\u00e9ations Kwala\"},\"image\":{\"@id\":\"https:\/\/creationskwala.com\/#\/schema\/logo\/image\/\"},\"sameAs\":[\"https:\/\/www.facebook.com\/creationskwala\"]}]}<\/script>\n<!-- \/ Yoast SEO plugin. -->","yoast_head_json":{"title":"Livre-a-colorier-lavable","description":"Livre \u00e0 colorier lavable de 6 dessins. Livr\u00e9 avec une paquet de 10 crayons de couleur. Parfait pour le voyage, le restaurant et encore plus.","robots":{"index":"index","follow":"follow","max-snippet":"max-snippet:-1","max-image-preview":"max-image-preview:large","max-video-preview":"max-video-preview:-1"},"canonical":"https:\/\/creationskwala.com\/en\/product\/livre-a-colorier-lavable-et-crayons\/","og_locale":"en_US","og_type":"article","og_title":"Livre-a-colorier-lavable","og_description":"Livre \u00e0 colorier lavable de 6 dessins. Livr\u00e9 avec une paquet de 10 crayons de couleur. Parfait pour le voyage, le restaurant et encore plus.","og_url":"https:\/\/creationskwala.com\/en\/product\/livre-a-colorier-lavable-et-crayons\/","article_publisher":"https:\/\/www.facebook.com\/creationskwala","og_image":[{"width":1000,"height":1000,"url":"https:\/\/creationskwala.com\/wp-content\/uploads\/2025\/12\/Livre-a-colorier-lavable.jpg","type":"image\/jpeg"}],"twitter_card":"summary_large_image","twitter_misc":{"Est. reading time":"1 minute"},"schema":{"@context":"https:\/\/schema.org","@graph":[{"@type":"WebPage","@id":"https:\/\/creationskwala.com\/produit\/livre-a-colorier-lavable-et-crayons\/","url":"https:\/\/creationskwala.com\/produit\/livre-a-colorier-lavable-et-crayons\/","name":"Livre-a-colorier-lavable","isPartOf":{"@id":"https:\/\/creationskwala.com\/#website"},"primaryImageOfPage":{"@id":"https:\/\/creationskwala.com\/produit\/livre-a-colorier-lavable-et-crayons\/#primaryimage"},"image":{"@id":"https:\/\/creationskwala.com\/produit\/livre-a-colorier-lavable-et-crayons\/#primaryimage"},"thumbnailUrl":"https:\/\/creationskwala.com\/wp-content\/uploads\/2025\/12\/Livre-a-colorier-lavable.jpg","datePublished":"2025-12-14T11:21:28+00:00","description":"Livre \u00e0 colorier lavable de 6 dessins. Livr\u00e9 avec une paquet de 10 crayons de couleur. Parfait pour le voyage, le restaurant et encore plus.","breadcrumb":{"@id":"https:\/\/creationskwala.com\/produit\/livre-a-colorier-lavable-et-crayons\/#breadcrumb"},"inLanguage":"en-CA","potentialAction":[{"@type":"ReadAction","target":["https:\/\/creationskwala.com\/produit\/livre-a-colorier-lavable-et-crayons\/"]}]},{"@type":"ImageObject","inLanguage":"en-CA","@id":"https:\/\/creationskwala.com\/produit\/livre-a-colorier-lavable-et-crayons\/#primaryimage","url":"https:\/\/creationskwala.com\/wp-content\/uploads\/2025\/12\/Livre-a-colorier-lavable.jpg","contentUrl":"https:\/\/creationskwala.com\/wp-content\/uploads\/2025\/12\/Livre-a-colorier-lavable.jpg","width":1000,"height":1000,"caption":"Livre \u00e0 colorier lavable"},{"@type":"BreadcrumbList","@id":"https:\/\/creationskwala.com\/produit\/livre-a-colorier-lavable-et-crayons\/#breadcrumb","itemListElement":[{"@type":"ListItem","position":1,"name":"Accueil","item":"https:\/\/creationskwala.com\/"},{"@type":"ListItem","position":2,"name":"Boutique","item":"https:\/\/creationskwala.com\/boutique\/"},{"@type":"ListItem","position":3,"name":"Livre \u00e0 colorier lavable et crayons"}]},{"@type":"WebSite","@id":"https:\/\/creationskwala.com\/#website","url":"https:\/\/creationskwala.com\/","name":"Cr\u00e9ations Kwala - Portefeuilles pour le poignet et v\u00eatements Qu\u00e9becois","description":"Apparel et Accessories","publisher":{"@id":"https:\/\/creationskwala.com\/#organization"},"potentialAction":[{"@type":"SearchAction","target":{"@type":"EntryPoint","urlTemplate":"https:\/\/creationskwala.com\/?s={search_term_string}"},"query-input":{"@type":"PropertyValueSpecification","valueRequired":true,"valueName":"search_term_string"}}],"inLanguage":"en-CA"},{"@type":"Organization","@id":"https:\/\/creationskwala.com\/#organization","name":"Cr\u00e9ations Kwala","url":"https:\/\/creationskwala.com\/","logo":{"@type":"ImageObject","inLanguage":"en-CA","@id":"https:\/\/creationskwala.com\/#\/schema\/logo\/image\/","url":"https:\/\/creationskwala.com\/wp-content\/uploads\/2025\/01\/LOGO-K-site.png","contentUrl":"https:\/\/creationskwala.com\/wp-content\/uploads\/2025\/01\/LOGO-K-site.png","width":512,"height":512,"caption":"Cr\u00e9ations Kwala"},"image":{"@id":"https:\/\/creationskwala.com\/#\/schema\/logo\/image\/"},"sameAs":["https:\/\/www.facebook.com\/creationskwala"]}]}},"jetpack_sharing_enabled":true,"_links":{"self":[{"href":"https:\/\/creationskwala.com\/en\/wp-json\/wp\/v2\/product\/1270","targetHints":{"allow":["GET"]}}],"collection":[{"href":"https:\/\/creationskwala.com\/en\/wp-json\/wp\/v2\/product"}],"about":[{"href":"https:\/\/creationskwala.com\/en\/wp-json\/wp\/v2\/types\/product"}],"wp:featuredmedia":[{"embeddable":true,"href":"https:\/\/creationskwala.com\/en\/wp-json\/wp\/v2\/media\/1273"}],"wp:attachment":[{"href":"https:\/\/creationskwala.com\/en\/wp-json\/wp\/v2\/media?parent=1270"}],"wp:term":[{"taxonomy":"product_brand","embeddable":true,"href":"https:\/\/creationskwala.com\/en\/wp-json\/wp\/v2\/product_brand?post=1270"},{"taxonomy":"product_cat","embeddable":true,"href":"https:\/\/creationskwala.com\/en\/wp-json\/wp\/v2\/product_cat?post=1270"},{"taxonomy":"product_tag","embeddable":true,"href":"https:\/\/creationskwala.com\/en\/wp-json\/wp\/v2\/product_tag?post=1270"}],"curies":[{"name":"wp","href":"https:\/\/api.w.org\/{rel}","templated":true}]}}