{"id":390,"date":"2024-03-02T18:44:12","date_gmt":"2024-03-02T23:44:12","guid":{"rendered":"https:\/\/creationskwala.com\/?post_type=product&#038;p=390"},"modified":"2025-02-20T15:04:35","modified_gmt":"2025-02-20T20:04:35","slug":"mousseline-turquoise","status":"publish","type":"product","link":"https:\/\/creationskwala.com\/en\/product\/mousseline-turquoise\/","title":{"rendered":"Mousseline turquoise"},"content":{"rendered":"<p data-start=\"66\" data-end=\"158\"><strong data-start=\"66\" data-end=\"156\">D\u00e9couvrez nos couvertures en mousseline biologique, confort et douceur pour votre b\u00e9b\u00e9<\/strong><\/p>\n<p data-start=\"66\" data-end=\"158\">Mousseline 100% coton turquoise avec motif petit monstre. 130 cm X 136 cm<\/p>\n<p data-start=\"66\" data-end=\"158\">Offrez \u00e0 votre b\u00e9b\u00e9 une couverture douce, l\u00e9g\u00e8re et confortable avec nos couvertures en mousseline biologique, confectionn\u00e9es \u00e0 la main dans notre atelier au Qu\u00e9bec.<\/p>\n<p data-start=\"160\" data-end=\"609\">Chaque couverture est fabriqu\u00e9e avec du coton biologique certifi\u00e9, un choix naturel et respectueux de la peau d\u00e9licate de votre enfant. Gr\u00e2ce \u00e0 la douceur exceptionnelle de la mousseline, ces couvertures sont id\u00e9ales pour envelopper votre b\u00e9b\u00e9 tout en lui offrant un confort optimal.<\/p>\n<p data-start=\"611\" data-end=\"952\">La mousseline est un tissu l\u00e9ger, respirant et tr\u00e8s doux, parfait pour les tout-petits. Notre coton biologique, cultiv\u00e9 sans pesticides ni produits chimiques, assure une couverture saine et s\u00fbre pour votre enfant.<\/p>\n<p>pour d&rsquo;autre couleur et motif cliquez ici : <a href=\"https:\/\/creationskwala.com\/en\/product\/mousseline-rose\/\">https:\/\/creationskwala.com\/produit\/mousseline-rose\/<\/a><\/p>","protected":false},"excerpt":{"rendered":"<p>Mousseline 100% coton turquoise avec motif petit monstre.<\/p>\n<p>Dimensions : 130 cm X 136 cm<\/p>","protected":false},"featured_media":392,"template":"","meta":{"om_disable_all_campaigns":false,"_monsterinsights_skip_tracking":false,"_monsterinsights_sitenote_active":false,"_monsterinsights_sitenote_note":"","_monsterinsights_sitenote_category":0,"_uf_show_specific_survey":0,"_uf_disable_surveys":false},"product_brand":[],"product_cat":[44,58],"product_tag":[71,69,70],"class_list":{"0":"post-390","1":"product","2":"type-product","3":"status-publish","4":"has-post-thumbnail","6":"product_cat-garcon","7":"product_cat-accessoire","8":"product_tag-monstre","9":"product_tag-mousseline","10":"product_tag-turquoise","11":"product_shipping_class-colis","13":"first","14":"instock","15":"shipping-taxable","16":"purchasable","17":"product-type-simple"},"yoast_head":"<!-- This site is optimized with the Yoast SEO plugin v25.9 - https:\/\/yoast.com\/wordpress\/plugins\/seo\/ -->\n<title>Mousseline turquoise<\/title>\n<meta name=\"description\" content=\"Mousseline 100% coton turquoise avec motif de petit monstre. Id\u00e9ale pour envelopper votre b\u00e9b\u00e9 ou servir de draps doux et confortables\" \/>\n<meta name=\"robots\" content=\"index, follow, max-snippet:-1, max-image-preview:large, max-video-preview:-1\" \/>\n<link rel=\"canonical\" href=\"https:\/\/creationskwala.com\/en\/product\/mousseline-turquoise\/\" \/>\n<meta property=\"og:locale\" content=\"en_US\" \/>\n<meta property=\"og:type\" content=\"article\" \/>\n<meta property=\"og:title\" content=\"Mousseline turquoise\" \/>\n<meta property=\"og:description\" content=\"Mousseline 100% coton turquoise avec motif de petit monstre. Id\u00e9ale pour envelopper votre b\u00e9b\u00e9 ou servir de draps doux et confortables\" \/>\n<meta property=\"og:url\" content=\"https:\/\/creationskwala.com\/en\/product\/mousseline-turquoise\/\" \/>\n<meta property=\"article:publisher\" content=\"https:\/\/www.facebook.com\/creationskwala\" \/>\n<meta property=\"article:modified_time\" content=\"2025-02-20T20:04:35+00:00\" \/>\n<meta property=\"og:image\" content=\"https:\/\/creationskwala.com\/wp-content\/uploads\/2024\/03\/mousseline-petit-monstres.jpg\" \/>\n\t<meta property=\"og:image:width\" content=\"1674\" \/>\n\t<meta property=\"og:image:height\" content=\"1590\" \/>\n\t<meta property=\"og:image:type\" content=\"image\/jpeg\" \/>\n<meta name=\"twitter:card\" content=\"summary_large_image\" \/>\n<meta name=\"twitter:label1\" content=\"Est. reading time\" \/>\n\t<meta name=\"twitter:data1\" content=\"1 minute\" \/>\n<script type=\"application\/ld+json\" class=\"yoast-schema-graph\">{\"@context\":\"https:\/\/schema.org\",\"@graph\":[{\"@type\":\"WebPage\",\"@id\":\"https:\/\/creationskwala.com\/produit\/mousseline-turquoise\/\",\"url\":\"https:\/\/creationskwala.com\/produit\/mousseline-turquoise\/\",\"name\":\"Mousseline turquoise\",\"isPartOf\":{\"@id\":\"https:\/\/creationskwala.com\/#website\"},\"primaryImageOfPage\":{\"@id\":\"https:\/\/creationskwala.com\/produit\/mousseline-turquoise\/#primaryimage\"},\"image\":{\"@id\":\"https:\/\/creationskwala.com\/produit\/mousseline-turquoise\/#primaryimage\"},\"thumbnailUrl\":\"https:\/\/creationskwala.com\/wp-content\/uploads\/2024\/03\/mousseline-petit-monstres.jpg\",\"datePublished\":\"2024-03-02T23:44:12+00:00\",\"dateModified\":\"2025-02-20T20:04:35+00:00\",\"description\":\"Mousseline 100% coton turquoise avec motif de petit monstre. Id\u00e9ale pour envelopper votre b\u00e9b\u00e9 ou servir de draps doux et confortables\",\"breadcrumb\":{\"@id\":\"https:\/\/creationskwala.com\/produit\/mousseline-turquoise\/#breadcrumb\"},\"inLanguage\":\"en-CA\",\"potentialAction\":[{\"@type\":\"ReadAction\",\"target\":[\"https:\/\/creationskwala.com\/produit\/mousseline-turquoise\/\"]}]},{\"@type\":\"ImageObject\",\"inLanguage\":\"en-CA\",\"@id\":\"https:\/\/creationskwala.com\/produit\/mousseline-turquoise\/#primaryimage\",\"url\":\"https:\/\/creationskwala.com\/wp-content\/uploads\/2024\/03\/mousseline-petit-monstres.jpg\",\"contentUrl\":\"https:\/\/creationskwala.com\/wp-content\/uploads\/2024\/03\/mousseline-petit-monstres.jpg\",\"width\":1674,\"height\":1590,\"caption\":\"Mousseline petit monstres\"},{\"@type\":\"BreadcrumbList\",\"@id\":\"https:\/\/creationskwala.com\/produit\/mousseline-turquoise\/#breadcrumb\",\"itemListElement\":[{\"@type\":\"ListItem\",\"position\":1,\"name\":\"Accueil\",\"item\":\"https:\/\/creationskwala.com\/\"},{\"@type\":\"ListItem\",\"position\":2,\"name\":\"Boutique\",\"item\":\"https:\/\/creationskwala.com\/boutique\/\"},{\"@type\":\"ListItem\",\"position\":3,\"name\":\"Mousseline turquoise\"}]},{\"@type\":\"WebSite\",\"@id\":\"https:\/\/creationskwala.com\/#website\",\"url\":\"https:\/\/creationskwala.com\/\",\"name\":\"Cr\u00e9ations Kwala - Portefeuilles pour le poignet et v\u00eatements Qu\u00e9becois\",\"description\":\"V\u00eatements et accessoires\",\"publisher\":{\"@id\":\"https:\/\/creationskwala.com\/#organization\"},\"potentialAction\":[{\"@type\":\"SearchAction\",\"target\":{\"@type\":\"EntryPoint\",\"urlTemplate\":\"https:\/\/creationskwala.com\/?s={search_term_string}\"},\"query-input\":{\"@type\":\"PropertyValueSpecification\",\"valueRequired\":true,\"valueName\":\"search_term_string\"}}],\"inLanguage\":\"en-CA\"},{\"@type\":\"Organization\",\"@id\":\"https:\/\/creationskwala.com\/#organization\",\"name\":\"Cr\u00e9ations Kwala\",\"url\":\"https:\/\/creationskwala.com\/\",\"logo\":{\"@type\":\"ImageObject\",\"inLanguage\":\"en-CA\",\"@id\":\"https:\/\/creationskwala.com\/#\/schema\/logo\/image\/\",\"url\":\"https:\/\/creationskwala.com\/wp-content\/uploads\/2025\/01\/LOGO-K-site.png\",\"contentUrl\":\"https:\/\/creationskwala.com\/wp-content\/uploads\/2025\/01\/LOGO-K-site.png\",\"width\":512,\"height\":512,\"caption\":\"Cr\u00e9ations Kwala\"},\"image\":{\"@id\":\"https:\/\/creationskwala.com\/#\/schema\/logo\/image\/\"},\"sameAs\":[\"https:\/\/www.facebook.com\/creationskwala\"]}]}<\/script>\n<!-- \/ Yoast SEO plugin. -->","yoast_head_json":{"title":"Mousseline turquoise","description":"Mousseline 100% coton turquoise avec motif de petit monstre. Id\u00e9ale pour envelopper votre b\u00e9b\u00e9 ou servir de draps doux et confortables","robots":{"index":"index","follow":"follow","max-snippet":"max-snippet:-1","max-image-preview":"max-image-preview:large","max-video-preview":"max-video-preview:-1"},"canonical":"https:\/\/creationskwala.com\/en\/product\/mousseline-turquoise\/","og_locale":"en_US","og_type":"article","og_title":"Mousseline turquoise","og_description":"Mousseline 100% coton turquoise avec motif de petit monstre. Id\u00e9ale pour envelopper votre b\u00e9b\u00e9 ou servir de draps doux et confortables","og_url":"https:\/\/creationskwala.com\/en\/product\/mousseline-turquoise\/","article_publisher":"https:\/\/www.facebook.com\/creationskwala","article_modified_time":"2025-02-20T20:04:35+00:00","og_image":[{"width":1674,"height":1590,"url":"https:\/\/creationskwala.com\/wp-content\/uploads\/2024\/03\/mousseline-petit-monstres.jpg","type":"image\/jpeg"}],"twitter_card":"summary_large_image","twitter_misc":{"Est. reading time":"1 minute"},"schema":{"@context":"https:\/\/schema.org","@graph":[{"@type":"WebPage","@id":"https:\/\/creationskwala.com\/produit\/mousseline-turquoise\/","url":"https:\/\/creationskwala.com\/produit\/mousseline-turquoise\/","name":"Mousseline turquoise","isPartOf":{"@id":"https:\/\/creationskwala.com\/#website"},"primaryImageOfPage":{"@id":"https:\/\/creationskwala.com\/produit\/mousseline-turquoise\/#primaryimage"},"image":{"@id":"https:\/\/creationskwala.com\/produit\/mousseline-turquoise\/#primaryimage"},"thumbnailUrl":"https:\/\/creationskwala.com\/wp-content\/uploads\/2024\/03\/mousseline-petit-monstres.jpg","datePublished":"2024-03-02T23:44:12+00:00","dateModified":"2025-02-20T20:04:35+00:00","description":"Mousseline 100% coton turquoise avec motif de petit monstre. Id\u00e9ale pour envelopper votre b\u00e9b\u00e9 ou servir de draps doux et confortables","breadcrumb":{"@id":"https:\/\/creationskwala.com\/produit\/mousseline-turquoise\/#breadcrumb"},"inLanguage":"en-CA","potentialAction":[{"@type":"ReadAction","target":["https:\/\/creationskwala.com\/produit\/mousseline-turquoise\/"]}]},{"@type":"ImageObject","inLanguage":"en-CA","@id":"https:\/\/creationskwala.com\/produit\/mousseline-turquoise\/#primaryimage","url":"https:\/\/creationskwala.com\/wp-content\/uploads\/2024\/03\/mousseline-petit-monstres.jpg","contentUrl":"https:\/\/creationskwala.com\/wp-content\/uploads\/2024\/03\/mousseline-petit-monstres.jpg","width":1674,"height":1590,"caption":"Mousseline petit monstres"},{"@type":"BreadcrumbList","@id":"https:\/\/creationskwala.com\/produit\/mousseline-turquoise\/#breadcrumb","itemListElement":[{"@type":"ListItem","position":1,"name":"Accueil","item":"https:\/\/creationskwala.com\/"},{"@type":"ListItem","position":2,"name":"Boutique","item":"https:\/\/creationskwala.com\/boutique\/"},{"@type":"ListItem","position":3,"name":"Mousseline turquoise"}]},{"@type":"WebSite","@id":"https:\/\/creationskwala.com\/#website","url":"https:\/\/creationskwala.com\/","name":"Cr\u00e9ations Kwala - Portefeuilles pour le poignet et v\u00eatements Qu\u00e9becois","description":"Apparel et Accessories","publisher":{"@id":"https:\/\/creationskwala.com\/#organization"},"potentialAction":[{"@type":"SearchAction","target":{"@type":"EntryPoint","urlTemplate":"https:\/\/creationskwala.com\/?s={search_term_string}"},"query-input":{"@type":"PropertyValueSpecification","valueRequired":true,"valueName":"search_term_string"}}],"inLanguage":"en-CA"},{"@type":"Organization","@id":"https:\/\/creationskwala.com\/#organization","name":"Cr\u00e9ations Kwala","url":"https:\/\/creationskwala.com\/","logo":{"@type":"ImageObject","inLanguage":"en-CA","@id":"https:\/\/creationskwala.com\/#\/schema\/logo\/image\/","url":"https:\/\/creationskwala.com\/wp-content\/uploads\/2025\/01\/LOGO-K-site.png","contentUrl":"https:\/\/creationskwala.com\/wp-content\/uploads\/2025\/01\/LOGO-K-site.png","width":512,"height":512,"caption":"Cr\u00e9ations Kwala"},"image":{"@id":"https:\/\/creationskwala.com\/#\/schema\/logo\/image\/"},"sameAs":["https:\/\/www.facebook.com\/creationskwala"]}]}},"jetpack_sharing_enabled":true,"_links":{"self":[{"href":"https:\/\/creationskwala.com\/en\/wp-json\/wp\/v2\/product\/390","targetHints":{"allow":["GET"]}}],"collection":[{"href":"https:\/\/creationskwala.com\/en\/wp-json\/wp\/v2\/product"}],"about":[{"href":"https:\/\/creationskwala.com\/en\/wp-json\/wp\/v2\/types\/product"}],"wp:featuredmedia":[{"embeddable":true,"href":"https:\/\/creationskwala.com\/en\/wp-json\/wp\/v2\/media\/392"}],"wp:attachment":[{"href":"https:\/\/creationskwala.com\/en\/wp-json\/wp\/v2\/media?parent=390"}],"wp:term":[{"taxonomy":"product_brand","embeddable":true,"href":"https:\/\/creationskwala.com\/en\/wp-json\/wp\/v2\/product_brand?post=390"},{"taxonomy":"product_cat","embeddable":true,"href":"https:\/\/creationskwala.com\/en\/wp-json\/wp\/v2\/product_cat?post=390"},{"taxonomy":"product_tag","embeddable":true,"href":"https:\/\/creationskwala.com\/en\/wp-json\/wp\/v2\/product_tag?post=390"}],"curies":[{"name":"wp","href":"https:\/\/api.w.org\/{rel}","templated":true}]}}