{"id":671,"date":"2024-03-26T14:27:58","date_gmt":"2024-03-26T18:27:58","guid":{"rendered":"https:\/\/creationskwala.com\/?post_type=product&#038;p=671"},"modified":"2025-12-09T11:28:47","modified_gmt":"2025-12-09T16:28:47","slug":"portefeuille-poignet-ecolo-raye","status":"publish","type":"product","link":"https:\/\/creationskwala.com\/en\/product\/portefeuille-poignet-ecolo-raye\/","title":{"rendered":"Wristlet Wallet eco-friendly striped"},"content":{"rendered":"<p><strong>Portefeuille<\/strong> <strong>\u00e9colo<\/strong> pour le poignet avec 2 poches pour mettre cartes, monnaies et plus. <strong>Ray\u00e9 noir et blanc<\/strong>.<\/p>\n<p>Fabriqu\u00e9 avec du tissus r\u00e9cup\u00e9r\u00e9.<\/p>\n<p>Ce\u00a0<strong>portefeuille<\/strong> <strong>\u00e9colo<\/strong> pratique et \u00e9l\u00e9gant est un accessoire incontournable \u00e0 avoir sur votre poignet lors de vos sorties quotidiennes ou de vos sessions de magasinage.<\/p>\n<p>Con\u00e7u pour \u00eatre polyvalent, il se rendra indispensable dans toutes vos activit\u00e9s.<\/p>\n<p>D\u00e9couvrez d\u2019autres mod\u00e8les ici : <a href=\"https:\/\/creationskwala.com\/en\/product-category\/les-ecolos\/\">https:\/\/creationskwala.com\/categorie-produit\/les-ecolos\/<\/a><\/p>","protected":false},"excerpt":{"rendered":"<p><strong>Portefeuille<\/strong> pour le poignet <strong>\u00e9colo<\/strong> avec 2 poches pour mettre cartes, monnaies et plus. Noir fleur rouge.<\/p>\n<p>Fabriqu\u00e9 avec du tissus r\u00e9cup\u00e9r\u00e9.<\/p>\n<p>Grandeur disponible : Standard (Taille de poignet d&rsquo;environ 16 cm \u00e0 23 cm)<\/p>","protected":false},"featured_media":1041,"template":"","meta":{"om_disable_all_campaigns":false,"_monsterinsights_skip_tracking":false,"_monsterinsights_sitenote_active":false,"_monsterinsights_sitenote_note":"","_monsterinsights_sitenote_category":0,"_uf_show_specific_survey":0,"_uf_disable_surveys":false},"product_brand":[],"product_cat":[88],"product_tag":[30,89,90,32,25,24,28],"class_list":{"0":"post-671","1":"product","2":"type-product","3":"status-publish","4":"has-post-thumbnail","6":"product_cat-les-ecolos","7":"product_tag-blanc","8":"product_tag-ecolo","9":"product_tag-ecologique","10":"product_tag-noir","11":"product_tag-poignet","12":"product_tag-portefeuille","13":"product_tag-raye","14":"product_shipping_class-standard","16":"first","17":"outofstock","18":"shipping-taxable","19":"purchasable","20":"product-type-simple"},"yoast_head":"<!-- This site is optimized with the Yoast SEO plugin v25.9 - https:\/\/yoast.com\/wordpress\/plugins\/seo\/ -->\n<title>\u00c9colo : Portefeuille poignet avec 2 poches<\/title>\n<meta name=\"description\" content=\"Votre incontournable pour vous sentir encore plus libre. Mettez \u00e0 votre poignet ce portefeuille \u00e9colo indispensable lors de vos sorties.\" \/>\n<meta name=\"robots\" content=\"index, follow, max-snippet:-1, max-image-preview:large, max-video-preview:-1\" \/>\n<link rel=\"canonical\" href=\"https:\/\/creationskwala.com\/en\/product\/portefeuille-poignet-ecolo-raye\/\" \/>\n<meta property=\"og:locale\" content=\"en_US\" \/>\n<meta property=\"og:type\" content=\"article\" \/>\n<meta property=\"og:title\" content=\"\u00c9colo : Portefeuille poignet avec 2 poches\" \/>\n<meta property=\"og:description\" content=\"Votre incontournable pour vous sentir encore plus libre. Mettez \u00e0 votre poignet ce portefeuille \u00e9colo indispensable lors de vos sorties.\" \/>\n<meta property=\"og:url\" content=\"https:\/\/creationskwala.com\/en\/product\/portefeuille-poignet-ecolo-raye\/\" \/>\n<meta property=\"article:publisher\" content=\"https:\/\/www.facebook.com\/creationskwala\" \/>\n<meta property=\"article:modified_time\" content=\"2025-12-09T16:28:47+00:00\" \/>\n<meta property=\"og:image\" content=\"https:\/\/creationskwala.com\/wp-content\/uploads\/2024\/03\/raye-noir-et-blanc-min.jpg\" \/>\n\t<meta property=\"og:image:width\" content=\"1505\" \/>\n\t<meta property=\"og:image:height\" content=\"1450\" \/>\n\t<meta property=\"og:image:type\" content=\"image\/jpeg\" \/>\n<meta name=\"twitter:card\" content=\"summary_large_image\" \/>\n<meta name=\"twitter:label1\" content=\"Est. reading time\" \/>\n\t<meta name=\"twitter:data1\" content=\"1 minute\" \/>\n<script type=\"application\/ld+json\" class=\"yoast-schema-graph\">{\"@context\":\"https:\/\/schema.org\",\"@graph\":[{\"@type\":\"WebPage\",\"@id\":\"https:\/\/creationskwala.com\/produit\/portefeuille-poignet-ecolo-raye\/\",\"url\":\"https:\/\/creationskwala.com\/produit\/portefeuille-poignet-ecolo-raye\/\",\"name\":\"\u00c9colo : Portefeuille poignet avec 2 poches\",\"isPartOf\":{\"@id\":\"https:\/\/creationskwala.com\/#website\"},\"primaryImageOfPage\":{\"@id\":\"https:\/\/creationskwala.com\/produit\/portefeuille-poignet-ecolo-raye\/#primaryimage\"},\"image\":{\"@id\":\"https:\/\/creationskwala.com\/produit\/portefeuille-poignet-ecolo-raye\/#primaryimage\"},\"thumbnailUrl\":\"https:\/\/creationskwala.com\/wp-content\/uploads\/2024\/03\/raye-noir-et-blanc-min.jpg\",\"datePublished\":\"2024-03-26T18:27:58+00:00\",\"dateModified\":\"2025-12-09T16:28:47+00:00\",\"description\":\"Votre incontournable pour vous sentir encore plus libre. Mettez \u00e0 votre poignet ce portefeuille \u00e9colo indispensable lors de vos sorties.\",\"breadcrumb\":{\"@id\":\"https:\/\/creationskwala.com\/produit\/portefeuille-poignet-ecolo-raye\/#breadcrumb\"},\"inLanguage\":\"en-CA\",\"potentialAction\":[{\"@type\":\"ReadAction\",\"target\":[\"https:\/\/creationskwala.com\/produit\/portefeuille-poignet-ecolo-raye\/\"]}]},{\"@type\":\"ImageObject\",\"inLanguage\":\"en-CA\",\"@id\":\"https:\/\/creationskwala.com\/produit\/portefeuille-poignet-ecolo-raye\/#primaryimage\",\"url\":\"https:\/\/creationskwala.com\/wp-content\/uploads\/2024\/03\/raye-noir-et-blanc-min.jpg\",\"contentUrl\":\"https:\/\/creationskwala.com\/wp-content\/uploads\/2024\/03\/raye-noir-et-blanc-min.jpg\",\"width\":1505,\"height\":1450,\"caption\":\"portefeuille poignet \u00e9colo\"},{\"@type\":\"BreadcrumbList\",\"@id\":\"https:\/\/creationskwala.com\/produit\/portefeuille-poignet-ecolo-raye\/#breadcrumb\",\"itemListElement\":[{\"@type\":\"ListItem\",\"position\":1,\"name\":\"Accueil\",\"item\":\"https:\/\/creationskwala.com\/\"},{\"@type\":\"ListItem\",\"position\":2,\"name\":\"Boutique\",\"item\":\"https:\/\/creationskwala.com\/boutique\/\"},{\"@type\":\"ListItem\",\"position\":3,\"name\":\"Portefeuille poignet \u00e9colo ray\u00e9\"}]},{\"@type\":\"WebSite\",\"@id\":\"https:\/\/creationskwala.com\/#website\",\"url\":\"https:\/\/creationskwala.com\/\",\"name\":\"Cr\u00e9ations Kwala - Portefeuilles pour le poignet et v\u00eatements Qu\u00e9becois\",\"description\":\"V\u00eatements et accessoires\",\"publisher\":{\"@id\":\"https:\/\/creationskwala.com\/#organization\"},\"potentialAction\":[{\"@type\":\"SearchAction\",\"target\":{\"@type\":\"EntryPoint\",\"urlTemplate\":\"https:\/\/creationskwala.com\/?s={search_term_string}\"},\"query-input\":{\"@type\":\"PropertyValueSpecification\",\"valueRequired\":true,\"valueName\":\"search_term_string\"}}],\"inLanguage\":\"en-CA\"},{\"@type\":\"Organization\",\"@id\":\"https:\/\/creationskwala.com\/#organization\",\"name\":\"Cr\u00e9ations Kwala\",\"url\":\"https:\/\/creationskwala.com\/\",\"logo\":{\"@type\":\"ImageObject\",\"inLanguage\":\"en-CA\",\"@id\":\"https:\/\/creationskwala.com\/#\/schema\/logo\/image\/\",\"url\":\"https:\/\/creationskwala.com\/wp-content\/uploads\/2025\/01\/LOGO-K-site.png\",\"contentUrl\":\"https:\/\/creationskwala.com\/wp-content\/uploads\/2025\/01\/LOGO-K-site.png\",\"width\":512,\"height\":512,\"caption\":\"Cr\u00e9ations Kwala\"},\"image\":{\"@id\":\"https:\/\/creationskwala.com\/#\/schema\/logo\/image\/\"},\"sameAs\":[\"https:\/\/www.facebook.com\/creationskwala\"]}]}<\/script>\n<!-- \/ Yoast SEO plugin. -->","yoast_head_json":{"title":"\u00c9colo : Portefeuille poignet avec 2 poches","description":"Votre incontournable pour vous sentir encore plus libre. Mettez \u00e0 votre poignet ce portefeuille \u00e9colo indispensable lors de vos sorties.","robots":{"index":"index","follow":"follow","max-snippet":"max-snippet:-1","max-image-preview":"max-image-preview:large","max-video-preview":"max-video-preview:-1"},"canonical":"https:\/\/creationskwala.com\/en\/product\/portefeuille-poignet-ecolo-raye\/","og_locale":"en_US","og_type":"article","og_title":"\u00c9colo : Portefeuille poignet avec 2 poches","og_description":"Votre incontournable pour vous sentir encore plus libre. Mettez \u00e0 votre poignet ce portefeuille \u00e9colo indispensable lors de vos sorties.","og_url":"https:\/\/creationskwala.com\/en\/product\/portefeuille-poignet-ecolo-raye\/","article_publisher":"https:\/\/www.facebook.com\/creationskwala","article_modified_time":"2025-12-09T16:28:47+00:00","og_image":[{"width":1505,"height":1450,"url":"https:\/\/creationskwala.com\/wp-content\/uploads\/2024\/03\/raye-noir-et-blanc-min.jpg","type":"image\/jpeg"}],"twitter_card":"summary_large_image","twitter_misc":{"Est. reading time":"1 minute"},"schema":{"@context":"https:\/\/schema.org","@graph":[{"@type":"WebPage","@id":"https:\/\/creationskwala.com\/produit\/portefeuille-poignet-ecolo-raye\/","url":"https:\/\/creationskwala.com\/produit\/portefeuille-poignet-ecolo-raye\/","name":"\u00c9colo : Portefeuille poignet avec 2 poches","isPartOf":{"@id":"https:\/\/creationskwala.com\/#website"},"primaryImageOfPage":{"@id":"https:\/\/creationskwala.com\/produit\/portefeuille-poignet-ecolo-raye\/#primaryimage"},"image":{"@id":"https:\/\/creationskwala.com\/produit\/portefeuille-poignet-ecolo-raye\/#primaryimage"},"thumbnailUrl":"https:\/\/creationskwala.com\/wp-content\/uploads\/2024\/03\/raye-noir-et-blanc-min.jpg","datePublished":"2024-03-26T18:27:58+00:00","dateModified":"2025-12-09T16:28:47+00:00","description":"Votre incontournable pour vous sentir encore plus libre. Mettez \u00e0 votre poignet ce portefeuille \u00e9colo indispensable lors de vos sorties.","breadcrumb":{"@id":"https:\/\/creationskwala.com\/produit\/portefeuille-poignet-ecolo-raye\/#breadcrumb"},"inLanguage":"en-CA","potentialAction":[{"@type":"ReadAction","target":["https:\/\/creationskwala.com\/produit\/portefeuille-poignet-ecolo-raye\/"]}]},{"@type":"ImageObject","inLanguage":"en-CA","@id":"https:\/\/creationskwala.com\/produit\/portefeuille-poignet-ecolo-raye\/#primaryimage","url":"https:\/\/creationskwala.com\/wp-content\/uploads\/2024\/03\/raye-noir-et-blanc-min.jpg","contentUrl":"https:\/\/creationskwala.com\/wp-content\/uploads\/2024\/03\/raye-noir-et-blanc-min.jpg","width":1505,"height":1450,"caption":"portefeuille poignet \u00e9colo"},{"@type":"BreadcrumbList","@id":"https:\/\/creationskwala.com\/produit\/portefeuille-poignet-ecolo-raye\/#breadcrumb","itemListElement":[{"@type":"ListItem","position":1,"name":"Accueil","item":"https:\/\/creationskwala.com\/"},{"@type":"ListItem","position":2,"name":"Boutique","item":"https:\/\/creationskwala.com\/boutique\/"},{"@type":"ListItem","position":3,"name":"Portefeuille poignet \u00e9colo ray\u00e9"}]},{"@type":"WebSite","@id":"https:\/\/creationskwala.com\/#website","url":"https:\/\/creationskwala.com\/","name":"Cr\u00e9ations Kwala - Portefeuilles pour le poignet et v\u00eatements Qu\u00e9becois","description":"Apparel et Accessories","publisher":{"@id":"https:\/\/creationskwala.com\/#organization"},"potentialAction":[{"@type":"SearchAction","target":{"@type":"EntryPoint","urlTemplate":"https:\/\/creationskwala.com\/?s={search_term_string}"},"query-input":{"@type":"PropertyValueSpecification","valueRequired":true,"valueName":"search_term_string"}}],"inLanguage":"en-CA"},{"@type":"Organization","@id":"https:\/\/creationskwala.com\/#organization","name":"Cr\u00e9ations Kwala","url":"https:\/\/creationskwala.com\/","logo":{"@type":"ImageObject","inLanguage":"en-CA","@id":"https:\/\/creationskwala.com\/#\/schema\/logo\/image\/","url":"https:\/\/creationskwala.com\/wp-content\/uploads\/2025\/01\/LOGO-K-site.png","contentUrl":"https:\/\/creationskwala.com\/wp-content\/uploads\/2025\/01\/LOGO-K-site.png","width":512,"height":512,"caption":"Cr\u00e9ations Kwala"},"image":{"@id":"https:\/\/creationskwala.com\/#\/schema\/logo\/image\/"},"sameAs":["https:\/\/www.facebook.com\/creationskwala"]}]}},"jetpack_sharing_enabled":true,"_links":{"self":[{"href":"https:\/\/creationskwala.com\/en\/wp-json\/wp\/v2\/product\/671","targetHints":{"allow":["GET"]}}],"collection":[{"href":"https:\/\/creationskwala.com\/en\/wp-json\/wp\/v2\/product"}],"about":[{"href":"https:\/\/creationskwala.com\/en\/wp-json\/wp\/v2\/types\/product"}],"wp:featuredmedia":[{"embeddable":true,"href":"https:\/\/creationskwala.com\/en\/wp-json\/wp\/v2\/media\/1041"}],"wp:attachment":[{"href":"https:\/\/creationskwala.com\/en\/wp-json\/wp\/v2\/media?parent=671"}],"wp:term":[{"taxonomy":"product_brand","embeddable":true,"href":"https:\/\/creationskwala.com\/en\/wp-json\/wp\/v2\/product_brand?post=671"},{"taxonomy":"product_cat","embeddable":true,"href":"https:\/\/creationskwala.com\/en\/wp-json\/wp\/v2\/product_cat?post=671"},{"taxonomy":"product_tag","embeddable":true,"href":"https:\/\/creationskwala.com\/en\/wp-json\/wp\/v2\/product_tag?post=671"}],"curies":[{"name":"wp","href":"https:\/\/api.w.org\/{rel}","templated":true}]}}