{"id":852,"date":"2024-08-16T17:53:47","date_gmt":"2024-08-16T21:53:47","guid":{"rendered":"https:\/\/creationskwala.com\/?post_type=product&#038;p=852"},"modified":"2025-05-22T15:49:08","modified_gmt":"2025-05-22T19:49:08","slug":"robe-orange","status":"publish","type":"product","link":"https:\/\/creationskwala.com\/en\/product\/robe-orange\/","title":{"rendered":"Robe orange"},"content":{"rendered":"<h2><strong>Des robes \u00e9volutives et \u00e9coresponsables pour vos tout-petits<\/strong><\/h2>\n<p><strong>Robe orange <\/strong>\u00e0 manche courte \u00e9coresponsables \u00e9volutive pour bambins \u2014 con\u00e7ues avec soin au Qu\u00e9bec et directement chez nous.<\/p>\n<p>Offrez confort et style \u00e0 vos tout-petits avec notre <strong>robe orange motif de biche et h\u00e9risson <\/strong>en coton french Terry, con\u00e7us sp\u00e9cialement pour les bambins de 12 mois \u00e0 6 ans. Fabriqu\u00e9es minutieusement \u00e0 la main dans mon atelier, ici au Qu\u00e9bec.<\/p>\n<h2><strong>Oeko-Tex<\/strong><\/h2>\n<p>Le plus important, nos <strong>robes<\/strong> se distinguent par leur qualit\u00e9 exceptionnelle et leur engagement envers l\u2019environnement, car\u00a0elle sont confectionn\u00e9e \u00e0 partir de tissus certifi\u00e9s Oeko-Tex, ainsi garantissant l\u2019absence de substances nocives pour la peau d\u00e9licate de votre enfant.<\/p>\n<h2><strong>\u00c9volutives<\/strong><\/h2>\n<p>De plus, nos robes grandissent avec votre bambin, car gr\u00e2ce \u00e0 leur coupe ing\u00e9nieuse et \u00e0 des d\u00e9tails ajustables, elles accompagnent votre enfant pendant plusieurs mois, voire plusieurs ann\u00e9es.<\/p>\n<p>\u00c0 la fois pens\u00e9s pour suivre les aventures quotidiennes des petits explorateurs, ces v\u00eatements offrent une coupe confortable qui permet une grande libert\u00e9 de mouvement et ainsi nos robes sont parfaites pour affronter les saisons qu\u00e9b\u00e9coises avec style.<\/p>\n<h2>Pourquoi choisir nos <strong>robes<\/strong> ?<\/h2>\n<p>-Confection artisanale qu\u00e9b\u00e9coise<\/p>\n<p>-Tissus \u00e9cologiques et respectueux de l\u2019environnement<\/p>\n<p>-Plusieurs tailles \u00e9volutives adapt\u00e9es de 12 mois \u00e0 6 ans<\/p>\n<p>-Confort optimal pour accompagner chaque moment de jeu<\/p>\n<p>De plus, en achetant une de nos <strong>robes<\/strong>, vous soutenez une d\u00e9marche locale et \u00e9coresponsable, donc faites le choix d\u2019un v\u00eatement qui prend soin de votre enfant et de la plan\u00e8te, sans compromis sur la qualit\u00e9.<\/p>\n<p>Transformez chaque journ\u00e9e en une belle aventure, confortablement dans une robe con\u00e7u avec soin et amour.<\/p>\n<p>Procurez vous cette magnifique <strong>robe orange biche et h\u00e9risson<\/strong>\u00a0d\u00e8s aujourd&rsquo;hui.<\/p>\n<p>Pour d&rsquo;autres couleurs et\/ou imprim\u00e9s diff\u00e9rents visitez : <a href=\"https:\/\/creationskwala.com\/en\/product-category\/vetement-fille\/\">https:\/\/creationskwala.com\/categorie-produit\/vetement-fille\/<\/a><\/p>","protected":false},"excerpt":{"rendered":"<p><strong>Robe orange <\/strong>avec motif de biche et h\u00e9risson \u00e0\u00a0manche courte orange confectionn\u00e9 avec du tissus french Terry \u00e9co responsable.<\/p>","protected":false},"featured_media":1092,"template":"","meta":{"om_disable_all_campaigns":false,"_monsterinsights_skip_tracking":false,"_monsterinsights_sitenote_active":false,"_monsterinsights_sitenote_note":"","_monsterinsights_sitenote_category":0,"_uf_show_specific_survey":0,"_uf_disable_surveys":false},"product_brand":[],"product_cat":[20],"product_tag":[102,46,103,92,17],"class_list":{"0":"post-852","1":"product","2":"type-product","3":"status-publish","4":"has-post-thumbnail","6":"product_cat-vetement-fille","7":"product_tag-biche","8":"product_tag-capuche","9":"product_tag-herisson","10":"product_tag-orange","11":"product_tag-robe","12":"product_shipping_class-colis","13":"pa_grandeur-12-24-mois","15":"first","16":"instock","17":"shipping-taxable","18":"purchasable","19":"product-type-variable"},"yoast_head":"<!-- This site is optimized with the Yoast SEO plugin v25.9 - https:\/\/yoast.com\/wordpress\/plugins\/seo\/ -->\n<title>Robe orange<\/title>\n<meta name=\"description\" content=\"Robe orange : Pens\u00e9e pour grandir avec votre bambin, elles accompagnent votre enfant pendant plusieurs mois, voire plusieurs ann\u00e9es.\" \/>\n<meta name=\"robots\" content=\"index, follow, max-snippet:-1, max-image-preview:large, max-video-preview:-1\" \/>\n<link rel=\"canonical\" href=\"https:\/\/creationskwala.com\/en\/product\/robe-orange\/\" \/>\n<meta property=\"og:locale\" content=\"en_US\" \/>\n<meta property=\"og:type\" content=\"article\" \/>\n<meta property=\"og:title\" content=\"Robe orange\" \/>\n<meta property=\"og:description\" content=\"Robe orange : Pens\u00e9e pour grandir avec votre bambin, elles accompagnent votre enfant pendant plusieurs mois, voire plusieurs ann\u00e9es.\" \/>\n<meta property=\"og:url\" content=\"https:\/\/creationskwala.com\/en\/product\/robe-orange\/\" \/>\n<meta property=\"article:publisher\" content=\"https:\/\/www.facebook.com\/creationskwala\" \/>\n<meta property=\"article:modified_time\" content=\"2025-05-22T19:49:08+00:00\" \/>\n<meta property=\"og:image\" content=\"https:\/\/creationskwala.com\/wp-content\/uploads\/2024\/08\/Robe-biche-et-herisson.jpg\" \/>\n\t<meta property=\"og:image:width\" content=\"500\" \/>\n\t<meta property=\"og:image:height\" content=\"500\" \/>\n\t<meta property=\"og:image:type\" content=\"image\/jpeg\" \/>\n<meta name=\"twitter:card\" content=\"summary_large_image\" \/>\n<meta name=\"twitter:label1\" content=\"Est. reading time\" \/>\n\t<meta name=\"twitter:data1\" content=\"2 minutes\" \/>\n<script type=\"application\/ld+json\" class=\"yoast-schema-graph\">{\"@context\":\"https:\/\/schema.org\",\"@graph\":[{\"@type\":\"WebPage\",\"@id\":\"https:\/\/creationskwala.com\/produit\/robe-orange\/\",\"url\":\"https:\/\/creationskwala.com\/produit\/robe-orange\/\",\"name\":\"Robe orange\",\"isPartOf\":{\"@id\":\"https:\/\/creationskwala.com\/#website\"},\"primaryImageOfPage\":{\"@id\":\"https:\/\/creationskwala.com\/produit\/robe-orange\/#primaryimage\"},\"image\":{\"@id\":\"https:\/\/creationskwala.com\/produit\/robe-orange\/#primaryimage\"},\"thumbnailUrl\":\"https:\/\/creationskwala.com\/wp-content\/uploads\/2024\/08\/Robe-biche-et-herisson.jpg\",\"datePublished\":\"2024-08-16T21:53:47+00:00\",\"dateModified\":\"2025-05-22T19:49:08+00:00\",\"description\":\"Robe orange : Pens\u00e9e pour grandir avec votre bambin, elles accompagnent votre enfant pendant plusieurs mois, voire plusieurs ann\u00e9es.\",\"breadcrumb\":{\"@id\":\"https:\/\/creationskwala.com\/produit\/robe-orange\/#breadcrumb\"},\"inLanguage\":\"en-CA\",\"potentialAction\":[{\"@type\":\"ReadAction\",\"target\":[\"https:\/\/creationskwala.com\/produit\/robe-orange\/\"]}]},{\"@type\":\"ImageObject\",\"inLanguage\":\"en-CA\",\"@id\":\"https:\/\/creationskwala.com\/produit\/robe-orange\/#primaryimage\",\"url\":\"https:\/\/creationskwala.com\/wp-content\/uploads\/2024\/08\/Robe-biche-et-herisson.jpg\",\"contentUrl\":\"https:\/\/creationskwala.com\/wp-content\/uploads\/2024\/08\/Robe-biche-et-herisson.jpg\",\"width\":500,\"height\":500,\"caption\":\"Robe orange\"},{\"@type\":\"BreadcrumbList\",\"@id\":\"https:\/\/creationskwala.com\/produit\/robe-orange\/#breadcrumb\",\"itemListElement\":[{\"@type\":\"ListItem\",\"position\":1,\"name\":\"Accueil\",\"item\":\"https:\/\/creationskwala.com\/\"},{\"@type\":\"ListItem\",\"position\":2,\"name\":\"Boutique\",\"item\":\"https:\/\/creationskwala.com\/boutique\/\"},{\"@type\":\"ListItem\",\"position\":3,\"name\":\"Robe orange\"}]},{\"@type\":\"WebSite\",\"@id\":\"https:\/\/creationskwala.com\/#website\",\"url\":\"https:\/\/creationskwala.com\/\",\"name\":\"Cr\u00e9ations Kwala - Portefeuilles pour le poignet et v\u00eatements Qu\u00e9becois\",\"description\":\"V\u00eatements et accessoires\",\"publisher\":{\"@id\":\"https:\/\/creationskwala.com\/#organization\"},\"potentialAction\":[{\"@type\":\"SearchAction\",\"target\":{\"@type\":\"EntryPoint\",\"urlTemplate\":\"https:\/\/creationskwala.com\/?s={search_term_string}\"},\"query-input\":{\"@type\":\"PropertyValueSpecification\",\"valueRequired\":true,\"valueName\":\"search_term_string\"}}],\"inLanguage\":\"en-CA\"},{\"@type\":\"Organization\",\"@id\":\"https:\/\/creationskwala.com\/#organization\",\"name\":\"Cr\u00e9ations Kwala\",\"url\":\"https:\/\/creationskwala.com\/\",\"logo\":{\"@type\":\"ImageObject\",\"inLanguage\":\"en-CA\",\"@id\":\"https:\/\/creationskwala.com\/#\/schema\/logo\/image\/\",\"url\":\"https:\/\/creationskwala.com\/wp-content\/uploads\/2025\/01\/LOGO-K-site.png\",\"contentUrl\":\"https:\/\/creationskwala.com\/wp-content\/uploads\/2025\/01\/LOGO-K-site.png\",\"width\":512,\"height\":512,\"caption\":\"Cr\u00e9ations Kwala\"},\"image\":{\"@id\":\"https:\/\/creationskwala.com\/#\/schema\/logo\/image\/\"},\"sameAs\":[\"https:\/\/www.facebook.com\/creationskwala\"]}]}<\/script>\n<!-- \/ Yoast SEO plugin. -->","yoast_head_json":{"title":"Robe orange","description":"Robe orange : Pens\u00e9e pour grandir avec votre bambin, elles accompagnent votre enfant pendant plusieurs mois, voire plusieurs ann\u00e9es.","robots":{"index":"index","follow":"follow","max-snippet":"max-snippet:-1","max-image-preview":"max-image-preview:large","max-video-preview":"max-video-preview:-1"},"canonical":"https:\/\/creationskwala.com\/en\/product\/robe-orange\/","og_locale":"en_US","og_type":"article","og_title":"Robe orange","og_description":"Robe orange : Pens\u00e9e pour grandir avec votre bambin, elles accompagnent votre enfant pendant plusieurs mois, voire plusieurs ann\u00e9es.","og_url":"https:\/\/creationskwala.com\/en\/product\/robe-orange\/","article_publisher":"https:\/\/www.facebook.com\/creationskwala","article_modified_time":"2025-05-22T19:49:08+00:00","og_image":[{"width":500,"height":500,"url":"https:\/\/creationskwala.com\/wp-content\/uploads\/2024\/08\/Robe-biche-et-herisson.jpg","type":"image\/jpeg"}],"twitter_card":"summary_large_image","twitter_misc":{"Est. reading time":"2 minutes"},"schema":{"@context":"https:\/\/schema.org","@graph":[{"@type":"WebPage","@id":"https:\/\/creationskwala.com\/produit\/robe-orange\/","url":"https:\/\/creationskwala.com\/produit\/robe-orange\/","name":"Robe orange","isPartOf":{"@id":"https:\/\/creationskwala.com\/#website"},"primaryImageOfPage":{"@id":"https:\/\/creationskwala.com\/produit\/robe-orange\/#primaryimage"},"image":{"@id":"https:\/\/creationskwala.com\/produit\/robe-orange\/#primaryimage"},"thumbnailUrl":"https:\/\/creationskwala.com\/wp-content\/uploads\/2024\/08\/Robe-biche-et-herisson.jpg","datePublished":"2024-08-16T21:53:47+00:00","dateModified":"2025-05-22T19:49:08+00:00","description":"Robe orange : Pens\u00e9e pour grandir avec votre bambin, elles accompagnent votre enfant pendant plusieurs mois, voire plusieurs ann\u00e9es.","breadcrumb":{"@id":"https:\/\/creationskwala.com\/produit\/robe-orange\/#breadcrumb"},"inLanguage":"en-CA","potentialAction":[{"@type":"ReadAction","target":["https:\/\/creationskwala.com\/produit\/robe-orange\/"]}]},{"@type":"ImageObject","inLanguage":"en-CA","@id":"https:\/\/creationskwala.com\/produit\/robe-orange\/#primaryimage","url":"https:\/\/creationskwala.com\/wp-content\/uploads\/2024\/08\/Robe-biche-et-herisson.jpg","contentUrl":"https:\/\/creationskwala.com\/wp-content\/uploads\/2024\/08\/Robe-biche-et-herisson.jpg","width":500,"height":500,"caption":"Robe orange"},{"@type":"BreadcrumbList","@id":"https:\/\/creationskwala.com\/produit\/robe-orange\/#breadcrumb","itemListElement":[{"@type":"ListItem","position":1,"name":"Accueil","item":"https:\/\/creationskwala.com\/"},{"@type":"ListItem","position":2,"name":"Boutique","item":"https:\/\/creationskwala.com\/boutique\/"},{"@type":"ListItem","position":3,"name":"Robe orange"}]},{"@type":"WebSite","@id":"https:\/\/creationskwala.com\/#website","url":"https:\/\/creationskwala.com\/","name":"Cr\u00e9ations Kwala - Portefeuilles pour le poignet et v\u00eatements Qu\u00e9becois","description":"Apparel et Accessories","publisher":{"@id":"https:\/\/creationskwala.com\/#organization"},"potentialAction":[{"@type":"SearchAction","target":{"@type":"EntryPoint","urlTemplate":"https:\/\/creationskwala.com\/?s={search_term_string}"},"query-input":{"@type":"PropertyValueSpecification","valueRequired":true,"valueName":"search_term_string"}}],"inLanguage":"en-CA"},{"@type":"Organization","@id":"https:\/\/creationskwala.com\/#organization","name":"Cr\u00e9ations Kwala","url":"https:\/\/creationskwala.com\/","logo":{"@type":"ImageObject","inLanguage":"en-CA","@id":"https:\/\/creationskwala.com\/#\/schema\/logo\/image\/","url":"https:\/\/creationskwala.com\/wp-content\/uploads\/2025\/01\/LOGO-K-site.png","contentUrl":"https:\/\/creationskwala.com\/wp-content\/uploads\/2025\/01\/LOGO-K-site.png","width":512,"height":512,"caption":"Cr\u00e9ations Kwala"},"image":{"@id":"https:\/\/creationskwala.com\/#\/schema\/logo\/image\/"},"sameAs":["https:\/\/www.facebook.com\/creationskwala"]}]}},"jetpack_sharing_enabled":true,"_links":{"self":[{"href":"https:\/\/creationskwala.com\/en\/wp-json\/wp\/v2\/product\/852","targetHints":{"allow":["GET"]}}],"collection":[{"href":"https:\/\/creationskwala.com\/en\/wp-json\/wp\/v2\/product"}],"about":[{"href":"https:\/\/creationskwala.com\/en\/wp-json\/wp\/v2\/types\/product"}],"wp:featuredmedia":[{"embeddable":true,"href":"https:\/\/creationskwala.com\/en\/wp-json\/wp\/v2\/media\/1092"}],"wp:attachment":[{"href":"https:\/\/creationskwala.com\/en\/wp-json\/wp\/v2\/media?parent=852"}],"wp:term":[{"taxonomy":"product_brand","embeddable":true,"href":"https:\/\/creationskwala.com\/en\/wp-json\/wp\/v2\/product_brand?post=852"},{"taxonomy":"product_cat","embeddable":true,"href":"https:\/\/creationskwala.com\/en\/wp-json\/wp\/v2\/product_cat?post=852"},{"taxonomy":"product_tag","embeddable":true,"href":"https:\/\/creationskwala.com\/en\/wp-json\/wp\/v2\/product_tag?post=852"}],"curies":[{"name":"wp","href":"https:\/\/api.w.org\/{rel}","templated":true}]}}