{"id":899,"date":"2024-10-13T11:42:59","date_gmt":"2024-10-13T15:42:59","guid":{"rendered":"https:\/\/creationskwala.com\/?post_type=product&#038;p=899"},"modified":"2025-12-09T11:22:42","modified_gmt":"2025-12-09T16:22:42","slug":"hoodie-ours-et-sapin","status":"publish","type":"product","link":"https:\/\/creationskwala.com\/en\/product\/hoodie-ours-et-sapin\/","title":{"rendered":"Hoodie bears and forest"},"content":{"rendered":"<p><strong>Hoodie<\/strong> \u00e9coresponsables demi \u00e9volutif pour b\u00e9b\u00e9s et bambins avec motif d&rsquo;<strong>ours et sapin<\/strong> \u2014 Faits au Qu\u00e9bec avec Amour (voir plus bas pour les conseilles sur le demi \u00e9volutif)<\/p>\n<p>Offrez confort et style \u00e0 vos tout-petits avec notre <strong>hoodies ours et sapin<\/strong> doux et pratiques, con\u00e7us sp\u00e9cialement pour les b\u00e9b\u00e9s et bambins de 0 \u00e0 5 ans. Chaque pi\u00e8ce est minutieusement fabriqu\u00e9e \u00e0 la main dans mon atelier, ici m\u00eame au Qu\u00e9bec.<\/p>\n<p>Nos <strong>hoodies<\/strong> se distinguent par leur qualit\u00e9 exceptionnelle et leur engagement envers l\u2019environnement. Tous les tissus utilis\u00e9s sont \u00e9coresponsables, choisis avec soin pour leur douceur sur la peau d\u00e9licate de vos enfants et leur respect de la plan\u00e8te.<\/p>\n<p>Pens\u00e9s pour suivre les aventures quotidiennes des petits explorateurs, ces v\u00eatements offrent une coupe confortable qui permet une grande libert\u00e9 de mouvement. Avec une capuche pratique et une finition impeccable, nos hoodies sont parfaits pour affronter les saisons qu\u00e9b\u00e9coises avec style.<\/p>\n<p>Pourquoi choisir nos <strong>hoodies<\/strong> ?<\/p>\n<p>Confection artisanale qu\u00e9b\u00e9coise<\/p>\n<p>Tissus \u00e9cologiques et respectueux de l\u2019environnement<\/p>\n<p>Plusieurs tailles \u00e9volutives adapt\u00e9es de 0 \u00e0 5 ans<\/p>\n<p>Confort optimal pour accompagner chaque moment de jeu<\/p>\n<p>En achetant un de nos <strong>hoodies<\/strong>, vous soutenez une d\u00e9marche locale, \u00e9thique et \u00e9coresponsable. Faites le choix d\u2019un v\u00eatement qui prend soin de votre enfant et de la plan\u00e8te, sans compromis sur la qualit\u00e9.<\/p>\n<p>Transformez chaque journ\u00e9e en une belle aventure, confortablement dans un hoodie con\u00e7u avec soin et amour.<\/p>\n<h3>Taille disponible sur le site avec choix de plusieurs motifs :<\/h3>\n<p><strong>3-6 mois<\/strong> (fait \u00e0 partir de la naissance pour la plupart des b\u00e9b\u00e9s)<\/p>\n<p><strong>6-12<\/strong> <strong>mois<\/strong> (mod\u00e8le taille plus \u00e9troit), <strong>9-12<\/strong> <strong>mois<\/strong> (mod\u00e8le taille plus large)<\/p>\n<p><strong>12-24<\/strong> <strong>mois<\/strong> (mod\u00e8le taille plus \u00e9troit), <strong>2 ans<\/strong> (mod\u00e8le taille plus large)<\/p>\n<p><strong>3 ans<\/strong><\/p>\n<p><strong>4 ans<\/strong><\/p>\n<p>Petit conseille : Tout nos <strong>hoodies<\/strong> sont con\u00e7u pour \u00eatre demi \u00e9volutif, Prenez une taille de plus et retourner la manche pour raccourcir d&rsquo;une taille.<\/p>\n<p>Pour d&rsquo;autre mod\u00e8le ou produit: <a href=\"https:\/\/creationskwala.com\/en\/boutique\/\">https:\/\/creationskwala.com\/boutique\/<\/a><\/p>","protected":false},"excerpt":{"rendered":"<p><strong>Hoodie<\/strong> motif <strong>d&rsquo;ours et sapin<\/strong>. Confectionn\u00e9 avec des tissus \u00e9co responsables.<\/p>\n<p><strong>3-6 mois<\/strong> (fait \u00e0 partir de la naissance pour la plupart des b\u00e9b\u00e9s)<\/p>\n<p><strong>6-12 mois<\/strong> (mod\u00e8le plus \u00e9troit), <strong>9-12 mois<\/strong> (mod\u00e8le plus large)<\/p>\n<p><strong>12-24 mois<\/strong> (mod\u00e8le plus \u00e9troit), <strong>2 ans<\/strong> (mod\u00e8le plus large)<\/p>\n<p><strong>3 ans<\/strong><\/p>\n<p><strong>4 ans<\/strong><\/p>\n<p><strong>Petit conseille<\/strong> : Tout nos <strong>hoodies<\/strong> sont con\u00e7u pour \u00eatre demi \u00e9volutif, Prenez une taille de plus et retourner la manche pour raccourcir d&rsquo;une taille.<\/p>","protected":false},"featured_media":1117,"template":"","meta":{"om_disable_all_campaigns":false,"_monsterinsights_skip_tracking":false,"_monsterinsights_sitenote_active":false,"_monsterinsights_sitenote_note":"","_monsterinsights_sitenote_category":0,"_uf_show_specific_survey":0,"_uf_disable_surveys":false},"product_brand":[],"product_cat":[44],"product_tag":[66,46,111,45,72,126,32,64,110,53],"class_list":{"0":"post-899","1":"product","2":"type-product","3":"status-publish","4":"has-post-thumbnail","6":"product_cat-garcon","7":"product_tag-brun","8":"product_tag-capuche","9":"product_tag-champignon","10":"product_tag-chandail","11":"product_tag-gris","12":"product_tag-hoodie","13":"product_tag-noir","14":"product_tag-ours","15":"product_tag-sapin","16":"product_tag-vert","17":"product_shipping_class-colis","18":"pa_grandeur-12-24-mois","19":"pa_grandeur-2-ans","20":"pa_grandeur-3-ans","21":"pa_grandeur-3-6","22":"pa_grandeur-4-ans","23":"pa_grandeur-6-12","24":"pa_grandeur-96","26":"first","27":"outofstock","28":"shipping-taxable","29":"purchasable","30":"product-type-variable"},"yoast_head":"<!-- This site is optimized with the Yoast SEO plugin v25.9 - https:\/\/yoast.com\/wordpress\/plugins\/seo\/ -->\n<title>Hoodie : Motif ours et sapin<\/title>\n<meta name=\"description\" content=\"Hoodie \u00e9coresponsables demi \u00e9volutif pour b\u00e9b\u00e9s et bambins avec motif ours et sapin \u2014 Faits au Qu\u00e9bec avec Amour! Offrez confort et style \u00e0 vos tout-petits.\" \/>\n<meta name=\"robots\" content=\"index, follow, max-snippet:-1, max-image-preview:large, max-video-preview:-1\" \/>\n<link rel=\"canonical\" href=\"https:\/\/creationskwala.com\/en\/product\/hoodie-ours-et-sapin\/\" \/>\n<meta property=\"og:locale\" content=\"en_US\" \/>\n<meta property=\"og:type\" content=\"article\" \/>\n<meta property=\"og:title\" content=\"Hoodie : Motif ours et sapin\" \/>\n<meta property=\"og:description\" content=\"Hoodie \u00e9coresponsables demi \u00e9volutif pour b\u00e9b\u00e9s et bambins avec motif ours et sapin \u2014 Faits au Qu\u00e9bec avec Amour! Offrez confort et style \u00e0 vos tout-petits.\" \/>\n<meta property=\"og:url\" content=\"https:\/\/creationskwala.com\/en\/product\/hoodie-ours-et-sapin\/\" \/>\n<meta property=\"article:publisher\" content=\"https:\/\/www.facebook.com\/creationskwala\" \/>\n<meta property=\"article:modified_time\" content=\"2025-12-09T16:22:42+00:00\" \/>\n<meta property=\"og:image\" content=\"https:\/\/creationskwala.com\/wp-content\/uploads\/2024\/10\/Hoodie-ours-et-sapin.jpg\" \/>\n\t<meta property=\"og:image:width\" content=\"500\" \/>\n\t<meta property=\"og:image:height\" content=\"500\" \/>\n\t<meta property=\"og:image:type\" content=\"image\/jpeg\" \/>\n<meta name=\"twitter:card\" content=\"summary_large_image\" \/>\n<meta name=\"twitter:label1\" content=\"Est. reading time\" \/>\n\t<meta name=\"twitter:data1\" content=\"2 minutes\" \/>\n<script type=\"application\/ld+json\" class=\"yoast-schema-graph\">{\"@context\":\"https:\/\/schema.org\",\"@graph\":[{\"@type\":\"WebPage\",\"@id\":\"https:\/\/creationskwala.com\/produit\/hoodie-ours-et-sapin\/\",\"url\":\"https:\/\/creationskwala.com\/produit\/hoodie-ours-et-sapin\/\",\"name\":\"Hoodie : Motif ours et sapin\",\"isPartOf\":{\"@id\":\"https:\/\/creationskwala.com\/#website\"},\"primaryImageOfPage\":{\"@id\":\"https:\/\/creationskwala.com\/produit\/hoodie-ours-et-sapin\/#primaryimage\"},\"image\":{\"@id\":\"https:\/\/creationskwala.com\/produit\/hoodie-ours-et-sapin\/#primaryimage\"},\"thumbnailUrl\":\"https:\/\/creationskwala.com\/wp-content\/uploads\/2024\/10\/Hoodie-ours-et-sapin.jpg\",\"datePublished\":\"2024-10-13T15:42:59+00:00\",\"dateModified\":\"2025-12-09T16:22:42+00:00\",\"description\":\"Hoodie \u00e9coresponsables demi \u00e9volutif pour b\u00e9b\u00e9s et bambins avec motif ours et sapin \u2014 Faits au Qu\u00e9bec avec Amour! Offrez confort et style \u00e0 vos tout-petits.\",\"breadcrumb\":{\"@id\":\"https:\/\/creationskwala.com\/produit\/hoodie-ours-et-sapin\/#breadcrumb\"},\"inLanguage\":\"en-CA\",\"potentialAction\":[{\"@type\":\"ReadAction\",\"target\":[\"https:\/\/creationskwala.com\/produit\/hoodie-ours-et-sapin\/\"]}]},{\"@type\":\"ImageObject\",\"inLanguage\":\"en-CA\",\"@id\":\"https:\/\/creationskwala.com\/produit\/hoodie-ours-et-sapin\/#primaryimage\",\"url\":\"https:\/\/creationskwala.com\/wp-content\/uploads\/2024\/10\/Hoodie-ours-et-sapin.jpg\",\"contentUrl\":\"https:\/\/creationskwala.com\/wp-content\/uploads\/2024\/10\/Hoodie-ours-et-sapin.jpg\",\"width\":500,\"height\":500,\"caption\":\"Hoodie ours et sapin\"},{\"@type\":\"BreadcrumbList\",\"@id\":\"https:\/\/creationskwala.com\/produit\/hoodie-ours-et-sapin\/#breadcrumb\",\"itemListElement\":[{\"@type\":\"ListItem\",\"position\":1,\"name\":\"Accueil\",\"item\":\"https:\/\/creationskwala.com\/\"},{\"@type\":\"ListItem\",\"position\":2,\"name\":\"Boutique\",\"item\":\"https:\/\/creationskwala.com\/boutique\/\"},{\"@type\":\"ListItem\",\"position\":3,\"name\":\"Hoodie ours et sapin\"}]},{\"@type\":\"WebSite\",\"@id\":\"https:\/\/creationskwala.com\/#website\",\"url\":\"https:\/\/creationskwala.com\/\",\"name\":\"Cr\u00e9ations Kwala - Portefeuilles pour le poignet et v\u00eatements Qu\u00e9becois\",\"description\":\"V\u00eatements et accessoires\",\"publisher\":{\"@id\":\"https:\/\/creationskwala.com\/#organization\"},\"potentialAction\":[{\"@type\":\"SearchAction\",\"target\":{\"@type\":\"EntryPoint\",\"urlTemplate\":\"https:\/\/creationskwala.com\/?s={search_term_string}\"},\"query-input\":{\"@type\":\"PropertyValueSpecification\",\"valueRequired\":true,\"valueName\":\"search_term_string\"}}],\"inLanguage\":\"en-CA\"},{\"@type\":\"Organization\",\"@id\":\"https:\/\/creationskwala.com\/#organization\",\"name\":\"Cr\u00e9ations Kwala\",\"url\":\"https:\/\/creationskwala.com\/\",\"logo\":{\"@type\":\"ImageObject\",\"inLanguage\":\"en-CA\",\"@id\":\"https:\/\/creationskwala.com\/#\/schema\/logo\/image\/\",\"url\":\"https:\/\/creationskwala.com\/wp-content\/uploads\/2025\/01\/LOGO-K-site.png\",\"contentUrl\":\"https:\/\/creationskwala.com\/wp-content\/uploads\/2025\/01\/LOGO-K-site.png\",\"width\":512,\"height\":512,\"caption\":\"Cr\u00e9ations Kwala\"},\"image\":{\"@id\":\"https:\/\/creationskwala.com\/#\/schema\/logo\/image\/\"},\"sameAs\":[\"https:\/\/www.facebook.com\/creationskwala\"]}]}<\/script>\n<!-- \/ Yoast SEO plugin. -->","yoast_head_json":{"title":"Hoodie : Motif ours et sapin","description":"Hoodie \u00e9coresponsables demi \u00e9volutif pour b\u00e9b\u00e9s et bambins avec motif ours et sapin \u2014 Faits au Qu\u00e9bec avec Amour! Offrez confort et style \u00e0 vos tout-petits.","robots":{"index":"index","follow":"follow","max-snippet":"max-snippet:-1","max-image-preview":"max-image-preview:large","max-video-preview":"max-video-preview:-1"},"canonical":"https:\/\/creationskwala.com\/en\/product\/hoodie-ours-et-sapin\/","og_locale":"en_US","og_type":"article","og_title":"Hoodie : Motif ours et sapin","og_description":"Hoodie \u00e9coresponsables demi \u00e9volutif pour b\u00e9b\u00e9s et bambins avec motif ours et sapin \u2014 Faits au Qu\u00e9bec avec Amour! Offrez confort et style \u00e0 vos tout-petits.","og_url":"https:\/\/creationskwala.com\/en\/product\/hoodie-ours-et-sapin\/","article_publisher":"https:\/\/www.facebook.com\/creationskwala","article_modified_time":"2025-12-09T16:22:42+00:00","og_image":[{"width":500,"height":500,"url":"https:\/\/creationskwala.com\/wp-content\/uploads\/2024\/10\/Hoodie-ours-et-sapin.jpg","type":"image\/jpeg"}],"twitter_card":"summary_large_image","twitter_misc":{"Est. reading time":"2 minutes"},"schema":{"@context":"https:\/\/schema.org","@graph":[{"@type":"WebPage","@id":"https:\/\/creationskwala.com\/produit\/hoodie-ours-et-sapin\/","url":"https:\/\/creationskwala.com\/produit\/hoodie-ours-et-sapin\/","name":"Hoodie : Motif ours et sapin","isPartOf":{"@id":"https:\/\/creationskwala.com\/#website"},"primaryImageOfPage":{"@id":"https:\/\/creationskwala.com\/produit\/hoodie-ours-et-sapin\/#primaryimage"},"image":{"@id":"https:\/\/creationskwala.com\/produit\/hoodie-ours-et-sapin\/#primaryimage"},"thumbnailUrl":"https:\/\/creationskwala.com\/wp-content\/uploads\/2024\/10\/Hoodie-ours-et-sapin.jpg","datePublished":"2024-10-13T15:42:59+00:00","dateModified":"2025-12-09T16:22:42+00:00","description":"Hoodie \u00e9coresponsables demi \u00e9volutif pour b\u00e9b\u00e9s et bambins avec motif ours et sapin \u2014 Faits au Qu\u00e9bec avec Amour! Offrez confort et style \u00e0 vos tout-petits.","breadcrumb":{"@id":"https:\/\/creationskwala.com\/produit\/hoodie-ours-et-sapin\/#breadcrumb"},"inLanguage":"en-CA","potentialAction":[{"@type":"ReadAction","target":["https:\/\/creationskwala.com\/produit\/hoodie-ours-et-sapin\/"]}]},{"@type":"ImageObject","inLanguage":"en-CA","@id":"https:\/\/creationskwala.com\/produit\/hoodie-ours-et-sapin\/#primaryimage","url":"https:\/\/creationskwala.com\/wp-content\/uploads\/2024\/10\/Hoodie-ours-et-sapin.jpg","contentUrl":"https:\/\/creationskwala.com\/wp-content\/uploads\/2024\/10\/Hoodie-ours-et-sapin.jpg","width":500,"height":500,"caption":"Hoodie ours et sapin"},{"@type":"BreadcrumbList","@id":"https:\/\/creationskwala.com\/produit\/hoodie-ours-et-sapin\/#breadcrumb","itemListElement":[{"@type":"ListItem","position":1,"name":"Accueil","item":"https:\/\/creationskwala.com\/"},{"@type":"ListItem","position":2,"name":"Boutique","item":"https:\/\/creationskwala.com\/boutique\/"},{"@type":"ListItem","position":3,"name":"Hoodie ours et sapin"}]},{"@type":"WebSite","@id":"https:\/\/creationskwala.com\/#website","url":"https:\/\/creationskwala.com\/","name":"Cr\u00e9ations Kwala - Portefeuilles pour le poignet et v\u00eatements Qu\u00e9becois","description":"Apparel et Accessories","publisher":{"@id":"https:\/\/creationskwala.com\/#organization"},"potentialAction":[{"@type":"SearchAction","target":{"@type":"EntryPoint","urlTemplate":"https:\/\/creationskwala.com\/?s={search_term_string}"},"query-input":{"@type":"PropertyValueSpecification","valueRequired":true,"valueName":"search_term_string"}}],"inLanguage":"en-CA"},{"@type":"Organization","@id":"https:\/\/creationskwala.com\/#organization","name":"Cr\u00e9ations Kwala","url":"https:\/\/creationskwala.com\/","logo":{"@type":"ImageObject","inLanguage":"en-CA","@id":"https:\/\/creationskwala.com\/#\/schema\/logo\/image\/","url":"https:\/\/creationskwala.com\/wp-content\/uploads\/2025\/01\/LOGO-K-site.png","contentUrl":"https:\/\/creationskwala.com\/wp-content\/uploads\/2025\/01\/LOGO-K-site.png","width":512,"height":512,"caption":"Cr\u00e9ations Kwala"},"image":{"@id":"https:\/\/creationskwala.com\/#\/schema\/logo\/image\/"},"sameAs":["https:\/\/www.facebook.com\/creationskwala"]}]}},"jetpack_sharing_enabled":true,"_links":{"self":[{"href":"https:\/\/creationskwala.com\/en\/wp-json\/wp\/v2\/product\/899","targetHints":{"allow":["GET"]}}],"collection":[{"href":"https:\/\/creationskwala.com\/en\/wp-json\/wp\/v2\/product"}],"about":[{"href":"https:\/\/creationskwala.com\/en\/wp-json\/wp\/v2\/types\/product"}],"wp:featuredmedia":[{"embeddable":true,"href":"https:\/\/creationskwala.com\/en\/wp-json\/wp\/v2\/media\/1117"}],"wp:attachment":[{"href":"https:\/\/creationskwala.com\/en\/wp-json\/wp\/v2\/media?parent=899"}],"wp:term":[{"taxonomy":"product_brand","embeddable":true,"href":"https:\/\/creationskwala.com\/en\/wp-json\/wp\/v2\/product_brand?post=899"},{"taxonomy":"product_cat","embeddable":true,"href":"https:\/\/creationskwala.com\/en\/wp-json\/wp\/v2\/product_cat?post=899"},{"taxonomy":"product_tag","embeddable":true,"href":"https:\/\/creationskwala.com\/en\/wp-json\/wp\/v2\/product_tag?post=899"}],"curies":[{"name":"wp","href":"https:\/\/api.w.org\/{rel}","templated":true}]}}